{"id":5965,"date":"2024-04-17T21:15:15","date_gmt":"2024-04-17T19:15:15","guid":{"rendered":"https:\/\/supermatic.ch\/?post_type=product&#038;p=5965"},"modified":"2024-10-03T11:50:55","modified_gmt":"2024-10-03T09:50:55","slug":"bidon-de-3-litres-naturel-avec-bouchon-noir-m45-2-5","status":"publish","type":"product","link":"https:\/\/supermatic.ch\/fr\/produkte\/dosen\/runddosen-aus-karton\/","title":{"rendered":"Bo\u00eetes en carton"},"content":{"rendered":"<p>Les possibilit\u00e9s d'utilisation de ces bo\u00eetes rondes en carton sont pratiquement illimit\u00e9es. Par exemple comme emballage pour des distillats, des vins, des huiles alimentaires, des produits cosm\u00e9tiques ou encore des foulards en soie, des m\u00e9langes de th\u00e9, des herbes, des granul\u00e9s, des sucreries, des certificats, des dipl\u00f4mes, des articles de bricolage, etc. <\/p>\n<p>L'emballage (cadeau) id\u00e9al et de qualit\u00e9 pour vos produits, qui prot\u00e8ge \u00e9galement contre les chocs et les dommages.<\/p>\n<p>hauteur de la bo\u00eete 20 - 500mm<\/p>\n<p>Diam\u00e8tre int\u00e9rieur 20 - 120mm<\/p>\n<p>\u00e9paisseur de paroi 0.9 - 1.5mm (standard 1.2mm)<\/p>\n<p>S\u00e9rigraphie en 2 couleurs maximum<\/p>\n<p>Grand choix de couleurs selon vos souhaits\/ Pantone.<\/p>\n<p>Quantit\u00e9s et prix sur demande !<\/p>","protected":false},"excerpt":{"rendered":"<p>Die Einsatzm\u00f6glichkeiten solcher Runddosen aus Karton sind nahezu unbegrenzt. Zum Beispiel als Verpackung f\u00fcr Destillate, Weine, [&hellip;]<\/p>\n","protected":false},"featured_media":5978,"comment_status":"open","ping_status":"closed","template":"","meta":[],"product_brand":[],"product_cat":[19,25,24,55],"product_tag":[442,564,565,361,566,567,394],"class_list":{"0":"post-5965","1":"product","2":"type-product","3":"status-publish","4":"has-post-thumbnail","6":"product_cat-dosen","7":"product_cat-kosmetik","8":"product_cat-lebensmittel","9":"product_cat-nachhaltig","10":"product_tag-dose","11":"product_tag-geschenk","12":"product_tag-geschenkverpackung","13":"product_tag-karton","14":"product_tag-nachhaltig","15":"product_tag-recycling","16":"product_tag-rund","17":"product_shipping_class-3-5-tage-lieferzeit","18":"pa_form-rund","19":"pa_material-karton","21":"first","22":"instock","23":"taxable","24":"shipping-taxable","25":"product-type-simple"},"_links":{"self":[{"href":"https:\/\/supermatic.ch\/fr\/wp-json\/wp\/v2\/product\/5965","targetHints":{"allow":["GET"]}}],"collection":[{"href":"https:\/\/supermatic.ch\/fr\/wp-json\/wp\/v2\/product"}],"about":[{"href":"https:\/\/supermatic.ch\/fr\/wp-json\/wp\/v2\/types\/product"}],"replies":[{"embeddable":true,"href":"https:\/\/supermatic.ch\/fr\/wp-json\/wp\/v2\/comments?post=5965"}],"wp:featuredmedia":[{"embeddable":true,"href":"https:\/\/supermatic.ch\/fr\/wp-json\/wp\/v2\/media\/5978"}],"wp:attachment":[{"href":"https:\/\/supermatic.ch\/fr\/wp-json\/wp\/v2\/media?parent=5965"}],"wp:term":[{"taxonomy":"product_brand","embeddable":true,"href":"https:\/\/supermatic.ch\/fr\/wp-json\/wp\/v2\/product_brand?post=5965"},{"taxonomy":"product_cat","embeddable":true,"href":"https:\/\/supermatic.ch\/fr\/wp-json\/wp\/v2\/product_cat?post=5965"},{"taxonomy":"product_tag","embeddable":true,"href":"https:\/\/supermatic.ch\/fr\/wp-json\/wp\/v2\/product_tag?post=5965"}],"curies":[{"name":"wp","href":"https:\/\/api.w.org\/{rel}","templated":true}]}}