{"id":5992,"date":"2024-05-08T14:11:25","date_gmt":"2024-05-08T12:11:25","guid":{"rendered":"https:\/\/supermatic.ch\/?post_type=product&#038;p=5992"},"modified":"2024-10-03T11:51:03","modified_gmt":"2024-10-03T09:51:03","slug":"bouchon-a-vis-bleu-4","status":"publish","type":"product","link":"https:\/\/supermatic.ch\/fr\/produkte\/verschluesse\/klappverschluss-mit-oelausgiesser-rot-pco1810\/","title":{"rendered":"Bouchon \u00e0 clapet avec bec verseur d'huile rouge PCO1810"},"content":{"rendered":"<p>Fermeture \u00e0 clapet pour bouteilles PET<br \/>\nCouleur rouge<br \/>\nFiletage 28mm PCO1810<br \/>\navec bec verseur d'huile<br \/>\navec double ouverture de garantie<br \/>\nrainures verticales<\/p>\n<p>Couleurs blanc et vert sur demande<\/p>","protected":false},"excerpt":{"rendered":"<p>Klappverschluss f\u00fcr PET-Flaschen Farbe rot Gewinde 28mm PCO1810 mit \u00d6lausgiesser mit doppelter Garantie\u00f6ffnung senkrecht gerillt Farben [&hellip;]<\/p>\n","protected":false},"featured_media":6005,"comment_status":"open","ping_status":"closed","template":"","meta":[],"product_brand":[],"product_cat":[23,24],"product_tag":[526,351,568,374],"class_list":{"0":"post-5992","1":"product","2":"type-product","3":"status-publish","4":"has-post-thumbnail","6":"product_cat-verschluesse","7":"product_cat-lebensmittel","8":"product_tag-getraenkeverschluss","9":"product_tag-klappverschluss","10":"product_tag-oelausgiesser","11":"product_tag-schraubverschluss","12":"product_shipping_class-1-3-tage-lieferzeit","13":"pa_farbe-rot","14":"pa_gewinde-28mm-pco1810","15":"pa_material-hd-pe","17":"first","18":"instock","19":"taxable","20":"shipping-taxable","21":"purchasable","22":"product-type-variable"},"_links":{"self":[{"href":"https:\/\/supermatic.ch\/fr\/wp-json\/wp\/v2\/product\/5992","targetHints":{"allow":["GET"]}}],"collection":[{"href":"https:\/\/supermatic.ch\/fr\/wp-json\/wp\/v2\/product"}],"about":[{"href":"https:\/\/supermatic.ch\/fr\/wp-json\/wp\/v2\/types\/product"}],"replies":[{"embeddable":true,"href":"https:\/\/supermatic.ch\/fr\/wp-json\/wp\/v2\/comments?post=5992"}],"wp:featuredmedia":[{"embeddable":true,"href":"https:\/\/supermatic.ch\/fr\/wp-json\/wp\/v2\/media\/6005"}],"wp:attachment":[{"href":"https:\/\/supermatic.ch\/fr\/wp-json\/wp\/v2\/media?parent=5992"}],"wp:term":[{"taxonomy":"product_brand","embeddable":true,"href":"https:\/\/supermatic.ch\/fr\/wp-json\/wp\/v2\/product_brand?post=5992"},{"taxonomy":"product_cat","embeddable":true,"href":"https:\/\/supermatic.ch\/fr\/wp-json\/wp\/v2\/product_cat?post=5992"},{"taxonomy":"product_tag","embeddable":true,"href":"https:\/\/supermatic.ch\/fr\/wp-json\/wp\/v2\/product_tag?post=5992"}],"curies":[{"name":"wp","href":"https:\/\/api.w.org\/{rel}","templated":true}]}}