{"id":6014,"date":"2024-05-29T14:22:58","date_gmt":"2024-05-29T12:22:58","guid":{"rendered":"https:\/\/supermatic.ch\/?post_type=product&#038;p=6014"},"modified":"2024-10-03T11:51:03","modified_gmt":"2024-10-03T09:51:03","slug":"1000ml-keulenflasche-pet-28-410-411","status":"publish","type":"product","link":"https:\/\/supermatic.ch\/fr\/produkte\/flaschen\/1000ml-keulenflasche-hd-pe-weiss-28-410\/","title":{"rendered":"Bouteille \u00e0 lobes 1000ml HD-PE blanc, 28\/410"},"content":{"rendered":"<p>diam\u00e8tre : 104mm<br \/>\nhauteur : 232mm<br \/>\nHauteur d'\u00e9tiquetage : 81mm<\/p>\n<p>1 palette de 455pcs<\/p>\n<p>autres quantit\u00e9s et disponibilit\u00e9 sur demande<\/p>","protected":false},"excerpt":{"rendered":"<p>diam\u00e8tre : 104mm hauteur : 232mm hauteur d'\u00e9tiquetage : 81mm 1 palette \u00e0 455pcs. autres quantit\u00e9s et disponibilit\u00e9 sur demande<\/p>","protected":false},"featured_media":6015,"comment_status":"open","ping_status":"closed","template":"","meta":[],"product_brand":[],"product_cat":[15,26],"product_tag":[570,569,346],"class_list":{"0":"post-6014","1":"product","2":"type-product","3":"status-publish","4":"has-post-thumbnail","6":"product_cat-flaschen","7":"product_cat-chemikalien","8":"product_tag-1000ml","9":"product_tag-kegelflasche","10":"product_tag-weiss","11":"product_shipping_class-5-8-tage-lieferzeit","12":"pa_farbe-transparent","13":"pa_form-rund","14":"pa_fuellmenge-91","15":"pa_gewinde-28-410","16":"pa_material-hd-pe","18":"first","19":"outofstock","20":"taxable","21":"shipping-taxable","22":"purchasable","23":"product-type-variable"},"_links":{"self":[{"href":"https:\/\/supermatic.ch\/fr\/wp-json\/wp\/v2\/product\/6014","targetHints":{"allow":["GET"]}}],"collection":[{"href":"https:\/\/supermatic.ch\/fr\/wp-json\/wp\/v2\/product"}],"about":[{"href":"https:\/\/supermatic.ch\/fr\/wp-json\/wp\/v2\/types\/product"}],"replies":[{"embeddable":true,"href":"https:\/\/supermatic.ch\/fr\/wp-json\/wp\/v2\/comments?post=6014"}],"wp:featuredmedia":[{"embeddable":true,"href":"https:\/\/supermatic.ch\/fr\/wp-json\/wp\/v2\/media\/6015"}],"wp:attachment":[{"href":"https:\/\/supermatic.ch\/fr\/wp-json\/wp\/v2\/media?parent=6014"}],"wp:term":[{"taxonomy":"product_brand","embeddable":true,"href":"https:\/\/supermatic.ch\/fr\/wp-json\/wp\/v2\/product_brand?post=6014"},{"taxonomy":"product_cat","embeddable":true,"href":"https:\/\/supermatic.ch\/fr\/wp-json\/wp\/v2\/product_cat?post=6014"},{"taxonomy":"product_tag","embeddable":true,"href":"https:\/\/supermatic.ch\/fr\/wp-json\/wp\/v2\/product_tag?post=6014"}],"curies":[{"name":"wp","href":"https:\/\/api.w.org\/{rel}","templated":true}]}}