{"id":6042,"date":"2024-06-15T23:15:24","date_gmt":"2024-06-15T21:15:24","guid":{"rendered":"https:\/\/supermatic.ch\/?post_type=product&#038;p=6042"},"modified":"2025-03-31T12:47:44","modified_gmt":"2025-03-31T10:47:44","slug":"bouchon-rabattable-pour-bouteille-de-sauce-38-400-401","status":"publish","type":"product","link":"https:\/\/supermatic.ch\/fr\/produkte\/flaschen\/saucenflaschen\/klappverschluss-54mm-weiss-zu-saucenflasche-38-400-pe-pp\/","title":{"rendered":"Bouchon \u00e0 charni\u00e8re 54mm blanc pour bouteille \u00e0 sauce 38\/400 PE\/PP"},"content":{"rendered":"<p>Fermeture \u00e0 clapet blanche,<br \/>\navec film de scellage pour bouteilles PE\/PP,<br \/>\navec membrane,<br \/>\nouverture 7.65mm<\/p>","protected":false},"excerpt":{"rendered":"<p>Bouchon \u00e0 charni\u00e8re blanc, avec film de scellage pour bouteilles PE\/PP, avec membrane, ouverture 7.65mm<\/p>","protected":false},"featured_media":3974,"comment_status":"open","ping_status":"closed","template":"","meta":[],"product_brand":[],"product_cat":[24,538,23],"product_tag":[355,356,351,353,352],"class_list":{"0":"post-6042","1":"product","2":"type-product","3":"status-publish","4":"has-post-thumbnail","6":"product_cat-lebensmittel","7":"product_cat-saucenflaschen","8":"product_cat-verschluesse","9":"product_tag-barbecue","10":"product_tag-ketchup","11":"product_tag-klappverschluss","12":"product_tag-sauce","13":"product_tag-verschluss","14":"pa_farbe-weiss","15":"pa_gewinde-38-400","17":"first","18":"instock","19":"taxable","20":"shipping-taxable","21":"purchasable","22":"product-type-variable"},"_links":{"self":[{"href":"https:\/\/supermatic.ch\/fr\/wp-json\/wp\/v2\/product\/6042","targetHints":{"allow":["GET"]}}],"collection":[{"href":"https:\/\/supermatic.ch\/fr\/wp-json\/wp\/v2\/product"}],"about":[{"href":"https:\/\/supermatic.ch\/fr\/wp-json\/wp\/v2\/types\/product"}],"replies":[{"embeddable":true,"href":"https:\/\/supermatic.ch\/fr\/wp-json\/wp\/v2\/comments?post=6042"}],"wp:featuredmedia":[{"embeddable":true,"href":"https:\/\/supermatic.ch\/fr\/wp-json\/wp\/v2\/media\/3974"}],"wp:attachment":[{"href":"https:\/\/supermatic.ch\/fr\/wp-json\/wp\/v2\/media?parent=6042"}],"wp:term":[{"taxonomy":"product_brand","embeddable":true,"href":"https:\/\/supermatic.ch\/fr\/wp-json\/wp\/v2\/product_brand?post=6042"},{"taxonomy":"product_cat","embeddable":true,"href":"https:\/\/supermatic.ch\/fr\/wp-json\/wp\/v2\/product_cat?post=6042"},{"taxonomy":"product_tag","embeddable":true,"href":"https:\/\/supermatic.ch\/fr\/wp-json\/wp\/v2\/product_tag?post=6042"}],"curies":[{"name":"wp","href":"https:\/\/api.w.org\/{rel}","templated":true}]}}