{"id":606,"date":"2022-10-03T18:36:23","date_gmt":"2022-10-03T16:36:23","guid":{"rendered":"https:\/\/supermatic.ch\/produkt\/klappscharnierverschluss\/"},"modified":"2026-02-18T10:28:40","modified_gmt":"2026-02-18T08:28:40","slug":"fermeture-a-charniere-rabattable","status":"publish","type":"product","link":"https:\/\/supermatic.ch\/fr\/produkte\/verschluesse\/klappscharnierverschluss\/","title":{"rendered":"Fermeture \u00e0 clapet blanc, 28\/400, avec ouverture de 3mm"},"content":{"rendered":"<p>Cette fermeture \u00e0 charni\u00e8re rabattable, \u00e9galement appel\u00e9e flip-top, est parfaite pour une grande vari\u00e9t\u00e9 de produits. Sa couleur neutre et son filetage 28\/400, avec une ouverture de 3 mm, en font un bon choix pour de nombreuses applications. Gr\u00e2ce \u00e0 sa sortie droite, il est facile \u00e0 manipuler.<\/p>\n<p>Dimensions : 32x55mm<br \/>\nouverture 3mm droite<\/p>","protected":false},"excerpt":{"rendered":"<p>Dieser Klappscharnierverschluss, auch Flip-Top genannt, ist perfekt f\u00fcr eine Vielzahl von Produkten. Die neutrale Farbe und [&hellip;]<\/p>\n","protected":false},"featured_media":3766,"comment_status":"open","ping_status":"closed","template":"","meta":[],"product_brand":[],"product_cat":[23,26,25],"product_tag":[],"class_list":{"0":"post-606","1":"product","2":"type-product","3":"status-publish","4":"has-post-thumbnail","6":"product_cat-verschluesse","7":"product_cat-chemikalien","8":"product_cat-kosmetik","9":"product_shipping_class-1-3-tage-lieferzeit","10":"pa_farbe-weiss","11":"pa_gewinde-28-400","12":"pa_material-pp","14":"first","15":"instock","16":"taxable","17":"shipping-taxable","18":"purchasable","19":"product-type-variable"},"_links":{"self":[{"href":"https:\/\/supermatic.ch\/fr\/wp-json\/wp\/v2\/product\/606","targetHints":{"allow":["GET"]}}],"collection":[{"href":"https:\/\/supermatic.ch\/fr\/wp-json\/wp\/v2\/product"}],"about":[{"href":"https:\/\/supermatic.ch\/fr\/wp-json\/wp\/v2\/types\/product"}],"replies":[{"embeddable":true,"href":"https:\/\/supermatic.ch\/fr\/wp-json\/wp\/v2\/comments?post=606"}],"wp:featuredmedia":[{"embeddable":true,"href":"https:\/\/supermatic.ch\/fr\/wp-json\/wp\/v2\/media\/3766"}],"wp:attachment":[{"href":"https:\/\/supermatic.ch\/fr\/wp-json\/wp\/v2\/media?parent=606"}],"wp:term":[{"taxonomy":"product_brand","embeddable":true,"href":"https:\/\/supermatic.ch\/fr\/wp-json\/wp\/v2\/product_brand?post=606"},{"taxonomy":"product_cat","embeddable":true,"href":"https:\/\/supermatic.ch\/fr\/wp-json\/wp\/v2\/product_cat?post=606"},{"taxonomy":"product_tag","embeddable":true,"href":"https:\/\/supermatic.ch\/fr\/wp-json\/wp\/v2\/product_tag?post=606"}],"curies":[{"name":"wp","href":"https:\/\/api.w.org\/{rel}","templated":true}]}}