{"id":6086,"date":"2024-06-27T21:41:02","date_gmt":"2024-06-27T19:41:02","guid":{"rendered":"https:\/\/supermatic.ch\/?post_type=product&#038;p=6086"},"modified":"2024-11-05T15:03:15","modified_gmt":"2024-11-05T13:03:15","slug":"750ml-bouteille-en-verre-olio-gaiole-16","status":"publish","type":"product","link":"https:\/\/supermatic.ch\/fr\/produkte\/chemikalien\/50ml-aluminium-schraubdeckeldose-silber\/","title":{"rendered":"Bo\u00eete \u00e0 couvercle vissant en aluminium de 75 ml, argent"},"content":{"rendered":"<p>hauteur : 25mm<br \/>\ndiam\u00e8tre : 67mm<br \/>\nJoint d'\u00e9tanch\u00e9it\u00e9 : EPE<br \/>\nQuantit\u00e9\/carton de parties inf\u00e9rieures : 600pc<br \/>\nQuantit\u00e9\/carton Couvercle : 600pcs<\/p>\n<p>Couleurs noir mat, blanc et or sur demande<\/p>","protected":false},"excerpt":{"rendered":"<p>H\u00f6he: 25mm Durchmesser: 67mm Dichtung: EPE Menge\/Karton Unterteile: 600St. Menge\/Karton Deckel: 600St. Farben schwarz matt, weiss [&hellip;]<\/p>\n","protected":false},"featured_media":6080,"comment_status":"open","ping_status":"closed","template":"","meta":[],"product_brand":[],"product_cat":[26,19,25,55],"product_tag":[442,378,577],"class_list":{"0":"post-6086","1":"product","2":"type-product","3":"status-publish","4":"has-post-thumbnail","6":"product_cat-chemikalien","7":"product_cat-dosen","8":"product_cat-kosmetik","9":"product_cat-nachhaltig","10":"product_tag-dose","11":"product_tag-kosmetik","12":"product_tag-salben","13":"pa_farbe-silber","14":"pa_form-rund","15":"pa_form-zylindrisch","16":"pa_fuellmenge-578","17":"pa_material-aluminium","19":"first","20":"instock","21":"taxable","22":"shipping-taxable","23":"purchasable","24":"product-type-variable"},"_links":{"self":[{"href":"https:\/\/supermatic.ch\/fr\/wp-json\/wp\/v2\/product\/6086","targetHints":{"allow":["GET"]}}],"collection":[{"href":"https:\/\/supermatic.ch\/fr\/wp-json\/wp\/v2\/product"}],"about":[{"href":"https:\/\/supermatic.ch\/fr\/wp-json\/wp\/v2\/types\/product"}],"replies":[{"embeddable":true,"href":"https:\/\/supermatic.ch\/fr\/wp-json\/wp\/v2\/comments?post=6086"}],"wp:featuredmedia":[{"embeddable":true,"href":"https:\/\/supermatic.ch\/fr\/wp-json\/wp\/v2\/media\/6080"}],"wp:attachment":[{"href":"https:\/\/supermatic.ch\/fr\/wp-json\/wp\/v2\/media?parent=6086"}],"wp:term":[{"taxonomy":"product_brand","embeddable":true,"href":"https:\/\/supermatic.ch\/fr\/wp-json\/wp\/v2\/product_brand?post=6086"},{"taxonomy":"product_cat","embeddable":true,"href":"https:\/\/supermatic.ch\/fr\/wp-json\/wp\/v2\/product_cat?post=6086"},{"taxonomy":"product_tag","embeddable":true,"href":"https:\/\/supermatic.ch\/fr\/wp-json\/wp\/v2\/product_tag?post=6086"}],"curies":[{"name":"wp","href":"https:\/\/api.w.org\/{rel}","templated":true}]}}