{"id":6135,"date":"2024-07-19T07:56:44","date_gmt":"2024-07-19T05:56:44","guid":{"rendered":"https:\/\/supermatic.ch\/?post_type=product&#038;p=6135"},"modified":"2024-10-03T11:50:49","modified_gmt":"2024-10-03T09:50:49","slug":"bouteille-standard-de-700ml-avec-bouchon-poignee-bois-4","status":"publish","type":"product","link":"https:\/\/supermatic.ch\/fr\/produkte\/nachhaltig\/500ml-steinzeug-flasche-wein-schwarz-mit-holzgriffkorken\/","title":{"rendered":"Bouteille en gr\u00e8s de 500ml \"Vin\" Noir avec bouchon \u00e0 poign\u00e9e en bois"},"content":{"rendered":"<h5><strong>Bouteille en gr\u00e8s de 500ml en noir mat (autres couleurs sur demande)<\/strong><\/h5>\n<p>L'\u00e9l\u00e9gante bouteille en gr\u00e8s de 700 ml \"Vin\", d'un noir intemporel, est id\u00e9ale pour les liqueurs, les spiritueux, le vin, les jus et les sirops. Gr\u00e2ce \u00e0 sa composition en gr\u00e8s, elle offre une robustesse remarquable par rapport aux bouteilles en terre cuite traditionnelles.<\/p>\n<p><strong>masse :<\/strong><\/p>\n<ul>\n<li>hauteur : 202mm<\/li>\n<li>diam\u00e8tre : 84mm<\/li>\n<li>Quantit\u00e9 de remplissage : 500ml<\/li>\n<\/ul>\n<p><strong>Caract\u00e9ristiques :<\/strong><\/p>\n<ul>\n<li><strong>100% Protection contre la lumi\u00e8re<\/strong>: Garanti par la cuisson dense \u00e0 plus de 1230 degr\u00e9s.<\/li>\n<li><strong>Fermeture<\/strong>\u00c9quip\u00e9 d'un bouchon \u00e0 poign\u00e9e en bois non verni. Bouchon \u00e0 \u00e9trier sur demande.<\/li>\n<li><strong>Utilisation polyvalente<\/strong>Gr\u00e2ce \u00e0 l'\u00e9mail int\u00e9rieur, il convient au contact alimentaire, il r\u00e9siste aux acides et aux bases et peut \u00eatre utilis\u00e9 dans le four \u00e0 micro-ondes.<\/li>\n<li><strong>Une robustesse particuli\u00e8re<\/strong>: les bouteilles en gr\u00e8s sont nettement plus r\u00e9sistantes que les bouteilles en terre cuite pure.<\/li>\n<li><strong>Personnalisable<\/strong>: Diverses variantes de couleurs et options d'impression sont disponibles sur demande.<\/li>\n<\/ul>\n<p>D\u00e9tails de l'emballage : les bouteilles sont livr\u00e9es en toute s\u00e9curit\u00e9 et dans leur emballage d'origine sur des palettes de 100 x 120 cm, prot\u00e9g\u00e9es par un film r\u00e9tractable. Une palette contient 1232 bouteilles.<\/p>\n<p>D\u00e9couvrez la qualit\u00e9 et le design particulier de notre bouteille en gr\u00e8s noir de 500 ml. Id\u00e9al pour ceux qui attachent de l'importance \u00e0 la fois \u00e0 la fonction et au style.<\/p>\n<p>&nbsp;<\/p>","protected":false},"excerpt":{"rendered":"<p>Steinzeug-Flasche 500ml in Schwarz matt (andere Farben auf Anfrage) Die elegante 700ml Steinzeug-Flasche \"Wein\" in zeitlosem [&hellip;]<\/p>\n","protected":false},"featured_media":6133,"comment_status":"open","ping_status":"closed","template":"","meta":[],"product_brand":[],"product_cat":[55,15,24],"product_tag":[],"class_list":{"0":"post-6135","1":"product","2":"type-product","3":"status-publish","4":"has-post-thumbnail","6":"product_cat-nachhaltig","7":"product_cat-flaschen","8":"product_cat-lebensmittel","9":"product_shipping_class-5-8-tage-lieferzeit","10":"pa_farbe-schwarz","11":"pa_form-rund","12":"pa_form-zylindrisch","13":"pa_fuellmenge-58","14":"pa_material-steinzeug","16":"first","17":"instock","18":"taxable","19":"shipping-taxable","20":"product-type-simple"},"_links":{"self":[{"href":"https:\/\/supermatic.ch\/fr\/wp-json\/wp\/v2\/product\/6135","targetHints":{"allow":["GET"]}}],"collection":[{"href":"https:\/\/supermatic.ch\/fr\/wp-json\/wp\/v2\/product"}],"about":[{"href":"https:\/\/supermatic.ch\/fr\/wp-json\/wp\/v2\/types\/product"}],"replies":[{"embeddable":true,"href":"https:\/\/supermatic.ch\/fr\/wp-json\/wp\/v2\/comments?post=6135"}],"wp:featuredmedia":[{"embeddable":true,"href":"https:\/\/supermatic.ch\/fr\/wp-json\/wp\/v2\/media\/6133"}],"wp:attachment":[{"href":"https:\/\/supermatic.ch\/fr\/wp-json\/wp\/v2\/media?parent=6135"}],"wp:term":[{"taxonomy":"product_brand","embeddable":true,"href":"https:\/\/supermatic.ch\/fr\/wp-json\/wp\/v2\/product_brand?post=6135"},{"taxonomy":"product_cat","embeddable":true,"href":"https:\/\/supermatic.ch\/fr\/wp-json\/wp\/v2\/product_cat?post=6135"},{"taxonomy":"product_tag","embeddable":true,"href":"https:\/\/supermatic.ch\/fr\/wp-json\/wp\/v2\/product_tag?post=6135"}],"curies":[{"name":"wp","href":"https:\/\/api.w.org\/{rel}","templated":true}]}}