{"id":6205,"date":"2024-09-02T08:58:29","date_gmt":"2024-09-02T06:58:29","guid":{"rendered":"https:\/\/supermatic.ch\/?post_type=product&#038;p=6205"},"modified":"2024-10-03T11:51:00","modified_gmt":"2024-10-03T09:51:00","slug":"bouteille-1000ml-a-col-large-en-verre-transparent-to43-2","status":"publish","type":"product","link":"https:\/\/supermatic.ch\/fr\/produkte\/nachhaltig\/1000ml-weithalsflasche-klarglas-to43\/","title":{"rendered":"Bouteille \u00e0 col large 1000ml verre clair TO43"},"content":{"rendered":"<p>masse :<br \/>\nhauteur 224mm<br \/>\ndiam\u00e8tre 92mm<br \/>\nhauteur max. d'\u00e9tiquetage : 97mm<\/p>\n<p>Quantit\u00e9 par palette : 1350pcs<\/p>","protected":false},"excerpt":{"rendered":"<p>Dimensions : hauteur 224mm diam\u00e8tre 92mm hauteur max. d'\u00e9tiquetage : 97mm Quantit\u00e9 par palette : 1350pcs.<\/p>","protected":false},"featured_media":6208,"comment_status":"open","ping_status":"closed","template":"","meta":[],"product_brand":[],"product_cat":[55,15,24],"product_tag":[],"class_list":{"0":"post-6205","1":"product","2":"type-product","3":"status-publish","4":"has-post-thumbnail","6":"product_cat-nachhaltig","7":"product_cat-flaschen","8":"product_cat-lebensmittel","9":"pa_farbe-transparent","10":"pa_form-rund","11":"pa_form-zylindrisch","12":"pa_fuellmenge-91","13":"pa_gewinde-to43","14":"pa_material-glas","16":"first","17":"instock","18":"taxable","19":"shipping-taxable","20":"purchasable","21":"product-type-variable"},"_links":{"self":[{"href":"https:\/\/supermatic.ch\/fr\/wp-json\/wp\/v2\/product\/6205","targetHints":{"allow":["GET"]}}],"collection":[{"href":"https:\/\/supermatic.ch\/fr\/wp-json\/wp\/v2\/product"}],"about":[{"href":"https:\/\/supermatic.ch\/fr\/wp-json\/wp\/v2\/types\/product"}],"replies":[{"embeddable":true,"href":"https:\/\/supermatic.ch\/fr\/wp-json\/wp\/v2\/comments?post=6205"}],"wp:featuredmedia":[{"embeddable":true,"href":"https:\/\/supermatic.ch\/fr\/wp-json\/wp\/v2\/media\/6208"}],"wp:attachment":[{"href":"https:\/\/supermatic.ch\/fr\/wp-json\/wp\/v2\/media?parent=6205"}],"wp:term":[{"taxonomy":"product_brand","embeddable":true,"href":"https:\/\/supermatic.ch\/fr\/wp-json\/wp\/v2\/product_brand?post=6205"},{"taxonomy":"product_cat","embeddable":true,"href":"https:\/\/supermatic.ch\/fr\/wp-json\/wp\/v2\/product_cat?post=6205"},{"taxonomy":"product_tag","embeddable":true,"href":"https:\/\/supermatic.ch\/fr\/wp-json\/wp\/v2\/product_tag?post=6205"}],"curies":[{"name":"wp","href":"https:\/\/api.w.org\/{rel}","templated":true}]}}