{"id":621,"date":"2022-10-03T18:36:29","date_gmt":"2022-10-03T16:36:29","guid":{"rendered":"https:\/\/supermatic.ch\/produkt\/50ml-rundflasche-natur\/"},"modified":"2026-03-09T09:33:47","modified_gmt":"2026-03-09T07:33:47","slug":"50ml-bouteille-ronde-nature","status":"publish","type":"product","link":"https:\/\/supermatic.ch\/fr\/produkte\/flaschen\/50ml-rundflasche-natur\/","title":{"rendered":"Vaporisateur 50ml naturel, 20\/410"},"content":{"rendered":"<p>Le flacon vaporisateur de 50 ml au design naturel est id\u00e9al pour les bouchons de vaporisateurs et est utilis\u00e9 dans de nombreuses applications. Avec un filetage de 20\/410, il s'adapte \u00e0 un grand nombre d'atomiseurs et de bouchons.<\/p>\n<ul>\n<li>Mat\u00e9riel : couleurs naturelles<\/li>\n<li>Filetage : 20\/410<\/li>\n<li>masse :\n<ul>\n<li>hauteur : 86mm<\/li>\n<li>diam\u00e8tre : 35mm<\/li>\n<\/ul>\n<\/li>\n<\/ul>","protected":false},"excerpt":{"rendered":"<p>Die 50ml Zerst\u00e4uberflasche in naturfarbenem Design eignet sich ideal f\u00fcr Zerst\u00e4uberverschl\u00fcsse und findet in vielen Anwendungen [&hellip;]<\/p>\n","protected":false},"featured_media":3723,"comment_status":"open","ping_status":"closed","template":"","meta":[],"product_brand":[],"product_cat":[15,26,25],"product_tag":[],"class_list":{"0":"post-621","1":"product","2":"type-product","3":"status-publish","4":"has-post-thumbnail","6":"product_cat-flaschen","7":"product_cat-chemikalien","8":"product_cat-kosmetik","9":"pa_farbe-farblos","10":"pa_form-rund","11":"pa_fuellmenge-43","12":"pa_gewinde-20-410","13":"pa_material-hd-pe","15":"first","16":"instock","17":"taxable","18":"shipping-taxable","19":"purchasable","20":"product-type-variable"},"_links":{"self":[{"href":"https:\/\/supermatic.ch\/fr\/wp-json\/wp\/v2\/product\/621","targetHints":{"allow":["GET"]}}],"collection":[{"href":"https:\/\/supermatic.ch\/fr\/wp-json\/wp\/v2\/product"}],"about":[{"href":"https:\/\/supermatic.ch\/fr\/wp-json\/wp\/v2\/types\/product"}],"replies":[{"embeddable":true,"href":"https:\/\/supermatic.ch\/fr\/wp-json\/wp\/v2\/comments?post=621"}],"wp:featuredmedia":[{"embeddable":true,"href":"https:\/\/supermatic.ch\/fr\/wp-json\/wp\/v2\/media\/3723"}],"wp:attachment":[{"href":"https:\/\/supermatic.ch\/fr\/wp-json\/wp\/v2\/media?parent=621"}],"wp:term":[{"taxonomy":"product_brand","embeddable":true,"href":"https:\/\/supermatic.ch\/fr\/wp-json\/wp\/v2\/product_brand?post=621"},{"taxonomy":"product_cat","embeddable":true,"href":"https:\/\/supermatic.ch\/fr\/wp-json\/wp\/v2\/product_cat?post=621"},{"taxonomy":"product_tag","embeddable":true,"href":"https:\/\/supermatic.ch\/fr\/wp-json\/wp\/v2\/product_tag?post=621"}],"curies":[{"name":"wp","href":"https:\/\/api.w.org\/{rel}","templated":true}]}}