{"id":6275,"date":"2024-10-29T14:47:33","date_gmt":"2024-10-29T12:47:33","guid":{"rendered":"https:\/\/supermatic.ch\/?post_type=product&#038;p=6275"},"modified":"2024-10-29T15:18:37","modified_gmt":"2024-10-29T13:18:37","slug":"flacon-doseur-1000ml-en-pe-hd-naturel-avec-bouchon-noir","status":"publish","type":"product","link":"https:\/\/supermatic.ch\/fr\/produkte\/chemikalien\/dosierflasche-1000ml-aus-hd-pe-natur-mit-schwarzem-verschluss\/","title":{"rendered":"Flacon doseur 1000ml en HD-PE naturel, avec bouchon noir"},"content":{"rendered":"<h5><strong>Flacon doseur 1000ml<\/strong><\/h5>\n<p>Ce type de flacon doseur existe en 250, 500 et 1000ml. Le dosage s'effectue gr\u00e2ce au syst\u00e8me \u00e0 2 chambres, la plage de dosage permettant de mesurer (graduation \u00e0 20, 40 et 60 ml). En standard, nous proposons ces flacons doseurs en combinaison avec un bouchon doseur noir avec bague de garantie. <\/p>\n<p>Les bouteilles rectangulaires offrent une bonne stabilit\u00e9, une bonne tenue, un bon stockage ainsi qu'un \u00e9tiquetage et une manipulation faciles.<\/p>\n<p>-Dimensions : 93x81x248mm<br \/>\n-poids 78g<br \/>\n-avec bouchon doseur noir<br \/>\n-marquage du dosage \u00e0 20, 40 et 60 ml<br \/>\n-avec triangle de danger tactile<\/p>\n<p>1 palette de 1024pcs<br \/>\nPar palettes sur des couches\/plateaux<\/p>\n<p>Disponibilit\u00e9 sur demande<\/p>\n<p>Bouchons doseurs de couleur rouge sur demande<\/p>","protected":false},"excerpt":{"rendered":"<p>Dosierflasche 1000ml Diesen Dosierflaschentyp gibt es mit 250-, 500- und 1000ml Inhalt. Die Dosierung erfolgt durch [&hellip;]<\/p>\n","protected":false},"featured_media":6288,"comment_status":"open","ping_status":"closed","template":"","meta":[],"product_brand":[],"product_cat":[26,15],"product_tag":[],"class_list":{"0":"post-6275","1":"product","2":"type-product","3":"status-publish","4":"has-post-thumbnail","6":"product_cat-chemikalien","7":"product_cat-flaschen","8":"product_shipping_class-3-5-tage-lieferzeit","9":"pa_farbe-farblos","10":"pa_form-eckig","11":"pa_fuellmenge-91","12":"pa_material-hd-pe","14":"first","15":"instock","16":"taxable","17":"shipping-taxable","18":"product-type-simple"},"_links":{"self":[{"href":"https:\/\/supermatic.ch\/fr\/wp-json\/wp\/v2\/product\/6275","targetHints":{"allow":["GET"]}}],"collection":[{"href":"https:\/\/supermatic.ch\/fr\/wp-json\/wp\/v2\/product"}],"about":[{"href":"https:\/\/supermatic.ch\/fr\/wp-json\/wp\/v2\/types\/product"}],"replies":[{"embeddable":true,"href":"https:\/\/supermatic.ch\/fr\/wp-json\/wp\/v2\/comments?post=6275"}],"wp:featuredmedia":[{"embeddable":true,"href":"https:\/\/supermatic.ch\/fr\/wp-json\/wp\/v2\/media\/6288"}],"wp:attachment":[{"href":"https:\/\/supermatic.ch\/fr\/wp-json\/wp\/v2\/media?parent=6275"}],"wp:term":[{"taxonomy":"product_brand","embeddable":true,"href":"https:\/\/supermatic.ch\/fr\/wp-json\/wp\/v2\/product_brand?post=6275"},{"taxonomy":"product_cat","embeddable":true,"href":"https:\/\/supermatic.ch\/fr\/wp-json\/wp\/v2\/product_cat?post=6275"},{"taxonomy":"product_tag","embeddable":true,"href":"https:\/\/supermatic.ch\/fr\/wp-json\/wp\/v2\/product_tag?post=6275"}],"curies":[{"name":"wp","href":"https:\/\/api.w.org\/{rel}","templated":true}]}}