{"id":6332,"date":"2024-11-21T14:21:46","date_gmt":"2024-11-21T12:21:46","guid":{"rendered":"https:\/\/supermatic.ch\/?post_type=product&#038;p=6332"},"modified":"2024-11-21T15:51:25","modified_gmt":"2024-11-21T13:51:25","slug":"bouteille-ronde-500ml-pet-frosted-matt-incl-dispenser-noir","status":"publish","type":"product","link":"https:\/\/supermatic.ch\/fr\/produkte\/verschluesse\/dispenser-und-pumpen\/rundflasche-500ml-pet-frosted-mattiert-inkl-schwarzem-dispenser\/","title":{"rendered":"Bouteille ronde 500ml PET givr\u00e9\/matin\u00e9, y compris distributeur noir"},"content":{"rendered":"<p>Cette bouteille ronde de 500 ml a une surface mate et \u00e9l\u00e9gante (frosted). En combinaison avec le distributeur noir, cette combinaison est sp\u00e9cialement adapt\u00e9e aux h\u00f4tels, restaurants, salons de coiffure, etc.<\/p>\n<p>Les bouteilles rondes offrent une bonne stabilit\u00e9 ainsi qu'un \u00e9tiquetage et une manipulation faciles.<\/p>\n<p>-Diam\u00e8tre de la bouteille : 66mm<br \/>\n-Hauteur de la bouteille : 192.5mm<br \/>\n-Hauteur maximale de l'\u00e9tiquette : 125mm<br \/>\n-Filetage : 28\/415<br \/>\n-poids 36g<br \/>\n-avec pompe doseuse noire, rainures verticales, d\u00e9bit 2ml\/course<\/p>\n<p>1 palette de 924pcs.<\/p>\n<p>Disponibilit\u00e9 sur demande.<\/p>\n<p>Autres variantes de fermeture sur demande.<\/p>\n<p>Tailles 50- + 100ml sur demande. <\/p>","protected":false},"excerpt":{"rendered":"<p>Diese 500ml Rundflasche hat eine mattierte, edle Oberfl\u00e4che (frosted). In Kombination mit dem schwarzen Dispenser ist [&hellip;]<\/p>\n","protected":false},"featured_media":6333,"comment_status":"open","ping_status":"closed","template":"","meta":[],"product_brand":[],"product_cat":[26,301,15,25],"product_tag":[305,592,593,313],"class_list":{"0":"post-6332","1":"product","2":"type-product","3":"status-publish","4":"has-post-thumbnail","6":"product_cat-chemikalien","7":"product_cat-dispenser-und-pumpen","8":"product_cat-flaschen","9":"product_cat-kosmetik","10":"product_tag-500ml","11":"product_tag-frosted","12":"product_tag-mattiert","13":"product_tag-pet","14":"product_shipping_class-3-5-tage-lieferzeit","15":"pa_farbe-farblos","16":"pa_form-rund","17":"pa_form-zylindrisch","18":"pa_fuellmenge-58","19":"pa_gewinde-28-415","20":"pa_material-pet","22":"first","23":"instock","24":"taxable","25":"shipping-taxable","26":"product-type-simple"},"_links":{"self":[{"href":"https:\/\/supermatic.ch\/fr\/wp-json\/wp\/v2\/product\/6332","targetHints":{"allow":["GET"]}}],"collection":[{"href":"https:\/\/supermatic.ch\/fr\/wp-json\/wp\/v2\/product"}],"about":[{"href":"https:\/\/supermatic.ch\/fr\/wp-json\/wp\/v2\/types\/product"}],"replies":[{"embeddable":true,"href":"https:\/\/supermatic.ch\/fr\/wp-json\/wp\/v2\/comments?post=6332"}],"wp:featuredmedia":[{"embeddable":true,"href":"https:\/\/supermatic.ch\/fr\/wp-json\/wp\/v2\/media\/6333"}],"wp:attachment":[{"href":"https:\/\/supermatic.ch\/fr\/wp-json\/wp\/v2\/media?parent=6332"}],"wp:term":[{"taxonomy":"product_brand","embeddable":true,"href":"https:\/\/supermatic.ch\/fr\/wp-json\/wp\/v2\/product_brand?post=6332"},{"taxonomy":"product_cat","embeddable":true,"href":"https:\/\/supermatic.ch\/fr\/wp-json\/wp\/v2\/product_cat?post=6332"},{"taxonomy":"product_tag","embeddable":true,"href":"https:\/\/supermatic.ch\/fr\/wp-json\/wp\/v2\/product_tag?post=6332"}],"curies":[{"name":"wp","href":"https:\/\/api.w.org\/{rel}","templated":true}]}}