{"id":6417,"date":"2025-02-06T16:20:51","date_gmt":"2025-02-06T14:20:51","guid":{"rendered":"https:\/\/supermatic.ch\/?post_type=product&#038;p=6417"},"modified":"2025-10-14T13:26:40","modified_gmt":"2025-10-14T11:26:40","slug":"335ml-bouteille-de-sauce-pp-nature-38-400","status":"publish","type":"product","link":"https:\/\/supermatic.ch\/fr\/produkte\/flaschen\/saucenflaschen\/335ml-saucenflasche-pp-natur-38-400\/","title":{"rendered":"335ml Bouteille \u00e0 sauce PP nature, 38\/400"},"content":{"rendered":"<p>Mat\u00e9riau : multicouche PP\/EVOH\/PP<br \/>\nhauteur : 142mm<br \/>\nlongueur : 66mm<br \/>\nlargeur : 56mm<br \/>\nPoids : 23g<br \/>\nFiletage : 38\/400<br \/>\nvolume de la fermeture \u00e9clair : 350mm<br \/>\nTechnique : r\u00e9siste aux processus de remplissage \u00e0 chaud, de pasteurisation et de st\u00e9rilisation jusqu'\u00e0 121 degr\u00e9s<\/p>\n<p>Emballage :<br \/>\nsur plateaux\/couches<br \/>\n1 pal. \u00e0 2079 pcs.<br \/>\nDimensions de la palette : 80 x 120 x 144cm<\/p>\n<p>Disponibilit\u00e9 sur demande<\/p>","protected":false},"excerpt":{"rendered":"<p>Material: Multilayer PP\/EVOH\/PP H\u00f6he: 142mm L\u00e4nge: 66mm Breite: 56mm Gewicht: 23g Gewinde: 38\/400 RV-Volumen: 350mm Technisch: [&hellip;]<\/p>\n","protected":false},"featured_media":6024,"comment_status":"open","ping_status":"closed","template":"","meta":[],"product_brand":[],"product_cat":[15,24,538],"product_tag":[],"class_list":{"0":"post-6417","1":"product","2":"type-product","3":"status-publish","4":"has-post-thumbnail","6":"product_cat-flaschen","7":"product_cat-lebensmittel","8":"product_cat-saucenflaschen","9":"product_shipping_class-5-8-tage-lieferzeit","10":"pa_farbe-transparent","11":"pa_form-eckig","12":"pa_form-oval","13":"pa_fuellmenge-598","14":"pa_gewinde-38-400","15":"pa_material-pp","17":"first","18":"instock","19":"taxable","20":"shipping-taxable","21":"purchasable","22":"product-type-variable"},"_links":{"self":[{"href":"https:\/\/supermatic.ch\/fr\/wp-json\/wp\/v2\/product\/6417","targetHints":{"allow":["GET"]}}],"collection":[{"href":"https:\/\/supermatic.ch\/fr\/wp-json\/wp\/v2\/product"}],"about":[{"href":"https:\/\/supermatic.ch\/fr\/wp-json\/wp\/v2\/types\/product"}],"replies":[{"embeddable":true,"href":"https:\/\/supermatic.ch\/fr\/wp-json\/wp\/v2\/comments?post=6417"}],"wp:featuredmedia":[{"embeddable":true,"href":"https:\/\/supermatic.ch\/fr\/wp-json\/wp\/v2\/media\/6024"}],"wp:attachment":[{"href":"https:\/\/supermatic.ch\/fr\/wp-json\/wp\/v2\/media?parent=6417"}],"wp:term":[{"taxonomy":"product_brand","embeddable":true,"href":"https:\/\/supermatic.ch\/fr\/wp-json\/wp\/v2\/product_brand?post=6417"},{"taxonomy":"product_cat","embeddable":true,"href":"https:\/\/supermatic.ch\/fr\/wp-json\/wp\/v2\/product_cat?post=6417"},{"taxonomy":"product_tag","embeddable":true,"href":"https:\/\/supermatic.ch\/fr\/wp-json\/wp\/v2\/product_tag?post=6417"}],"curies":[{"name":"wp","href":"https:\/\/api.w.org\/{rel}","templated":true}]}}