{"id":6423,"date":"2025-02-07T12:13:15","date_gmt":"2025-02-07T10:13:15","guid":{"rendered":"https:\/\/supermatic.ch\/?post_type=product&#038;p=6423"},"modified":"2025-02-07T12:17:54","modified_gmt":"2025-02-07T10:17:54","slug":"bouchon-en-aluminium-315-x-24mm-4","status":"publish","type":"product","link":"https:\/\/supermatic.ch\/fr\/produkte\/verschluesse\/aluminiumverschluss-315-x-24mm-4\/","title":{"rendered":"Fermeture en aluminium - 31,5 x 24mm"},"content":{"rendered":"<p>Dimensions (diam\u00e8tre x hauteur) : 31,5x24mm<br \/>\nInsert d'\u00e9tanch\u00e9it\u00e9 : EPE<\/p>\n<p>Bouchon \u00e0 visser en aluminium avec garniture d'\u00e9tanch\u00e9it\u00e9 EPE.<\/p>\n<p>Le bouchon peut \u00eatre adapt\u00e9 selon les souhaits du client, par exemple avec une impression unicolore ou multicolore, avec une impression UV, avec un relief sup\u00e9rieur ou une coupe lat\u00e9rale ; ou doit \u00eatre d\u00e9plac\u00e9 avec un bec verseur non rechargeable.<\/p>\n<p>&nbsp;<\/p>\n<p><strong><span lang=\"DE\" xml:lang=\"DE\">Emballage<\/span><\/strong>:<\/p>\n<p>Nombre de pi\u00e8ces dans le carton : 2'800 pcs.<br \/>\nDimensions du carton : 600x400x360 mm<br \/>\nQuantit\u00e9 de palettes : 67'200<span class=\"table-hili2\"> pcs.<br \/>\n<\/span>Palettenabmessung: 800x1200x2140mm<\/p>\n<p>autres couleurs sur demande !<\/p>","protected":false},"excerpt":{"rendered":"<p>Abmessung (Durchmesser x\u00a0 H\u00f6he): 31,5x24mm Dichteinlage: EPE Alu-Schraubverschluss mit EPE-Dichteinlage. Der Verschluss kann nach Kundenwunsch angepasst [&hellip;]<\/p>\n","protected":false},"featured_media":6424,"comment_status":"open","ping_status":"closed","template":"","meta":[],"product_brand":[],"product_cat":[23,24],"product_tag":[],"class_list":{"0":"post-6423","1":"product","2":"type-product","3":"status-publish","4":"has-post-thumbnail","6":"product_cat-verschluesse","7":"product_cat-lebensmittel","8":"product_shipping_class-5-8-tage-lieferzeit","9":"pa_farbe-gold","10":"pa_farbe-variabel","11":"pa_form-rund","12":"pa_gewinde-pp-31-5","13":"pa_material-aluminium","15":"first","16":"instock","17":"taxable","18":"shipping-taxable","19":"product-type-simple"},"_links":{"self":[{"href":"https:\/\/supermatic.ch\/fr\/wp-json\/wp\/v2\/product\/6423","targetHints":{"allow":["GET"]}}],"collection":[{"href":"https:\/\/supermatic.ch\/fr\/wp-json\/wp\/v2\/product"}],"about":[{"href":"https:\/\/supermatic.ch\/fr\/wp-json\/wp\/v2\/types\/product"}],"replies":[{"embeddable":true,"href":"https:\/\/supermatic.ch\/fr\/wp-json\/wp\/v2\/comments?post=6423"}],"wp:featuredmedia":[{"embeddable":true,"href":"https:\/\/supermatic.ch\/fr\/wp-json\/wp\/v2\/media\/6424"}],"wp:attachment":[{"href":"https:\/\/supermatic.ch\/fr\/wp-json\/wp\/v2\/media?parent=6423"}],"wp:term":[{"taxonomy":"product_brand","embeddable":true,"href":"https:\/\/supermatic.ch\/fr\/wp-json\/wp\/v2\/product_brand?post=6423"},{"taxonomy":"product_cat","embeddable":true,"href":"https:\/\/supermatic.ch\/fr\/wp-json\/wp\/v2\/product_cat?post=6423"},{"taxonomy":"product_tag","embeddable":true,"href":"https:\/\/supermatic.ch\/fr\/wp-json\/wp\/v2\/product_tag?post=6423"}],"curies":[{"name":"wp","href":"https:\/\/api.w.org\/{rel}","templated":true}]}}