{"id":6466,"date":"2025-03-05T14:03:56","date_gmt":"2025-03-05T12:03:56","guid":{"rendered":"https:\/\/supermatic.ch\/?post_type=product&#038;p=6466"},"modified":"2026-04-27T14:18:08","modified_gmt":"2026-04-27T12:18:08","slug":"250ml-bouteille-de-sauce-pp-nature-38-400-incl-bouchon-a-clapet-blanc","status":"publish","type":"product","link":"https:\/\/supermatic.ch\/fr\/produkte\/flaschen\/saucenflaschen\/250ml-saucenflasche-pp-natur-38-400-inkl-klappverschluss-weiss\/","title":{"rendered":"Bouteille \u00e0 sauce de 250ml en PP naturel, 38\/400, bouchon \u00e0 charni\u00e8re blanc inclus"},"content":{"rendered":"<p>Mat\u00e9riau : multicouche PP\/EVOH\/PP<br \/>\nhauteur : 130mm<br \/>\nlongueur : 70mm<br \/>\nlargeur : 46mm<br \/>\nPoids : 20g<br \/>\nFiletage : 38\/400<br \/>\nvolume de la fermeture \u00e9clair : 275mm<br \/>\nTechnique : r\u00e9siste aux processus de remplissage \u00e0 chaud, de pasteurisation et de st\u00e9rilisation jusqu'\u00e0 121 degr\u00e9s<\/p>\n<p>Fermeture \u00e0 clapet blanche,<br \/>\navec film d'induction\/scellage pour bouteilles PE\/PP,<br \/>\navec membrane,<br \/>\nouverture 14.4mm<\/p>\n<p>1 pal. \u00e0 2520pcs (bouteilles et couvercles)<\/p>","protected":false},"excerpt":{"rendered":"<p>Material: Multilayer PP\/EVOH\/PP H\u00f6he: 130mm L\u00e4nge: 70mm Breite: 46mm Gewicht: 20g Gewinde: 38\/400 RV-Volumen: 275mm Technisch: [&hellip;]<\/p>\n","protected":false},"featured_media":6471,"comment_status":"open","ping_status":"closed","template":"","meta":[],"product_brand":[],"product_cat":[15,24,538],"product_tag":[],"class_list":{"0":"post-6466","1":"product","2":"type-product","3":"status-publish","4":"has-post-thumbnail","6":"product_cat-flaschen","7":"product_cat-lebensmittel","8":"product_cat-saucenflaschen","9":"product_shipping_class-5-8-tage-lieferzeit","10":"pa_farbe-transparent","11":"pa_farbe-weiss","12":"pa_form-eckig","13":"pa_form-oval","14":"pa_fuellmenge-133","15":"pa_gewinde-38-400","16":"pa_material-pp","18":"first","19":"instock","20":"taxable","21":"shipping-taxable","22":"purchasable","23":"product-type-variable"},"_links":{"self":[{"href":"https:\/\/supermatic.ch\/fr\/wp-json\/wp\/v2\/product\/6466","targetHints":{"allow":["GET"]}}],"collection":[{"href":"https:\/\/supermatic.ch\/fr\/wp-json\/wp\/v2\/product"}],"about":[{"href":"https:\/\/supermatic.ch\/fr\/wp-json\/wp\/v2\/types\/product"}],"replies":[{"embeddable":true,"href":"https:\/\/supermatic.ch\/fr\/wp-json\/wp\/v2\/comments?post=6466"}],"wp:featuredmedia":[{"embeddable":true,"href":"https:\/\/supermatic.ch\/fr\/wp-json\/wp\/v2\/media\/6471"}],"wp:attachment":[{"href":"https:\/\/supermatic.ch\/fr\/wp-json\/wp\/v2\/media?parent=6466"}],"wp:term":[{"taxonomy":"product_brand","embeddable":true,"href":"https:\/\/supermatic.ch\/fr\/wp-json\/wp\/v2\/product_brand?post=6466"},{"taxonomy":"product_cat","embeddable":true,"href":"https:\/\/supermatic.ch\/fr\/wp-json\/wp\/v2\/product_cat?post=6466"},{"taxonomy":"product_tag","embeddable":true,"href":"https:\/\/supermatic.ch\/fr\/wp-json\/wp\/v2\/product_tag?post=6466"}],"curies":[{"name":"wp","href":"https:\/\/api.w.org\/{rel}","templated":true}]}}