{"id":6498,"date":"2025-03-12T14:57:56","date_gmt":"2025-03-12T12:57:56","guid":{"rendered":"https:\/\/supermatic.ch\/?post_type=product&#038;p=6498"},"modified":"2025-05-20T15:02:49","modified_gmt":"2025-05-20T13:02:49","slug":"bidon-de-25-litres-empilable-avec-fermeture-noir","status":"publish","type":"product","link":"https:\/\/supermatic.ch\/fr\/produkte\/kanister\/25-liter-kanister-stapelbar-mit-verschluss-schwarz\/","title":{"rendered":"Bidon de 25 litres empilable avec bouchon 70mm noir"},"content":{"rendered":"<h5>Bidons empilables de 25 litres avec bouchon<\/h5>\n<p>Ce bidon empilable de 25 litres est homologu\u00e9 UN et convient au stockage de denr\u00e9es alimentaires. Fabriqu\u00e9 en plastique r\u00e9sistant et de qualit\u00e9 alimentaire, le bidon offre une possibilit\u00e9 de stockage s\u00fbre et robuste. Le vidage des restes est simple et minutieux et la construction empilable permet de ranger le bidon dans un espace r\u00e9duit. Ce bidon de 25 l est livr\u00e9 avec un bouchon \u00e0 vis noir VS70 avec bague de garantie pour une s\u00e9curit\u00e9 suppl\u00e9mentaire.<\/p>\n<p>-UN test\u00e9 (Y)<br \/>\n-surface d'\u00e9tiquetage 200 x 200mm<br \/>\n-empilable<br \/>\n-convient pour les aliments<br \/>\n-vidange des restes<br \/>\n-avec bouchon noir VS70<\/p>\n<p>Dimensions<br \/>\n290x260x438mm<\/p>","protected":false},"excerpt":{"rendered":"<p>25 Liter Stapel-Kanister mit Verschluss Dieser stapelbare 25 Liter Kanister ist UN-zugelassen und f\u00fcr die Lagerung [&hellip;]<\/p>\n","protected":false},"featured_media":6669,"comment_status":"open","ping_status":"closed","template":"","meta":[],"product_brand":[],"product_cat":[18,26,25,24],"product_tag":[],"class_list":{"0":"post-6498","1":"product","2":"type-product","3":"status-publish","4":"has-post-thumbnail","6":"product_cat-kanister","7":"product_cat-chemikalien","8":"product_cat-kosmetik","9":"product_cat-lebensmittel","10":"product_shipping_class-3-5-tage-lieferzeit","11":"pa_farbe-farblos","12":"pa_form-eckig","13":"pa_fuellmenge-174","14":"pa_gewinde-vs70","15":"pa_material-hd-pe","17":"first","18":"instock","19":"taxable","20":"shipping-taxable","21":"purchasable","22":"product-type-variable"},"_links":{"self":[{"href":"https:\/\/supermatic.ch\/fr\/wp-json\/wp\/v2\/product\/6498","targetHints":{"allow":["GET"]}}],"collection":[{"href":"https:\/\/supermatic.ch\/fr\/wp-json\/wp\/v2\/product"}],"about":[{"href":"https:\/\/supermatic.ch\/fr\/wp-json\/wp\/v2\/types\/product"}],"replies":[{"embeddable":true,"href":"https:\/\/supermatic.ch\/fr\/wp-json\/wp\/v2\/comments?post=6498"}],"wp:featuredmedia":[{"embeddable":true,"href":"https:\/\/supermatic.ch\/fr\/wp-json\/wp\/v2\/media\/6669"}],"wp:attachment":[{"href":"https:\/\/supermatic.ch\/fr\/wp-json\/wp\/v2\/media?parent=6498"}],"wp:term":[{"taxonomy":"product_brand","embeddable":true,"href":"https:\/\/supermatic.ch\/fr\/wp-json\/wp\/v2\/product_brand?post=6498"},{"taxonomy":"product_cat","embeddable":true,"href":"https:\/\/supermatic.ch\/fr\/wp-json\/wp\/v2\/product_cat?post=6498"},{"taxonomy":"product_tag","embeddable":true,"href":"https:\/\/supermatic.ch\/fr\/wp-json\/wp\/v2\/product_tag?post=6498"}],"curies":[{"name":"wp","href":"https:\/\/api.w.org\/{rel}","templated":true}]}}