{"id":662,"date":"2022-10-03T18:36:34","date_gmt":"2022-10-03T16:36:34","guid":{"rendered":"https:\/\/supermatic.ch\/produkt\/270-ml-rundflasche-inkl-foamer-94-weiss\/"},"modified":"2024-10-03T12:10:32","modified_gmt":"2024-10-03T10:10:32","slug":"270-ml-bouteille-ronde-inclus-foamer-94-blanc","status":"publish","type":"product","link":"https:\/\/supermatic.ch\/fr\/produkte\/verschluesse\/dispenser-und-pumpen\/270-ml-rundflasche-foamer\/","title":{"rendered":"Bouteille ronde de 270 ml, nature, y compris foamer 94"},"content":{"rendered":"<p>Le flacon rond de 270 ml de couleur naturelle, \u00e9quip\u00e9 d'un Foamer 94 en blanc, se pr\u00eate \u00e0 diverses applications gr\u00e2ce \u00e0 sa construction sp\u00e9cifique en HD\/LD-PE et \u00e0 son embout Foamer. Gr\u00e2ce au distributeur de mousse, cette bouteille est id\u00e9ale pour les produits qui doivent \u00eatre distribu\u00e9s sous forme de mousse. Il s'agit par exemple de savons liquides pour les mains, de nettoyants moussants pour le visage, de mousse \u00e0 raser, de mousses coiffantes ou encore de produits nettoyants moussants sp\u00e9ciaux pour le m\u00e9nage.<\/p>\n<ul>\n<li>Dimensions, y compris le foamer :\n<ul>\n<li>largeur : 50mm<\/li>\n<li>hauteur : 190mm<\/li>\n<\/ul>\n<\/li>\n<li>Volume de remplissage technique : 2\/3<\/li>\n<li>Type de bouteille : 212H<\/li>\n<\/ul>","protected":false},"excerpt":{"rendered":"<p>Die 270ml Rundflasche in Naturfarbe, ausgestattet mit einem Foamer 94 in Weiss, bietet sich durch ihre [&hellip;]<\/p>\n","protected":false},"featured_media":3709,"comment_status":"open","ping_status":"closed","template":"","meta":[],"product_brand":[],"product_cat":[15,26,301,25],"product_tag":[],"class_list":{"0":"post-662","1":"product","2":"type-product","3":"status-publish","4":"has-post-thumbnail","6":"product_cat-flaschen","7":"product_cat-chemikalien","8":"product_cat-dispenser-und-pumpen","9":"product_cat-kosmetik","10":"product_shipping_class-3-5-tage-lieferzeit","11":"pa_farbe-farblos","12":"pa_form-rund","13":"pa_fuellmenge-275","14":"pa_gewinde-24-410","15":"pa_material-hd-pe","17":"first","18":"instock","19":"taxable","20":"shipping-taxable","21":"product-type-simple"},"_links":{"self":[{"href":"https:\/\/supermatic.ch\/fr\/wp-json\/wp\/v2\/product\/662","targetHints":{"allow":["GET"]}}],"collection":[{"href":"https:\/\/supermatic.ch\/fr\/wp-json\/wp\/v2\/product"}],"about":[{"href":"https:\/\/supermatic.ch\/fr\/wp-json\/wp\/v2\/types\/product"}],"replies":[{"embeddable":true,"href":"https:\/\/supermatic.ch\/fr\/wp-json\/wp\/v2\/comments?post=662"}],"wp:featuredmedia":[{"embeddable":true,"href":"https:\/\/supermatic.ch\/fr\/wp-json\/wp\/v2\/media\/3709"}],"wp:attachment":[{"href":"https:\/\/supermatic.ch\/fr\/wp-json\/wp\/v2\/media?parent=662"}],"wp:term":[{"taxonomy":"product_brand","embeddable":true,"href":"https:\/\/supermatic.ch\/fr\/wp-json\/wp\/v2\/product_brand?post=662"},{"taxonomy":"product_cat","embeddable":true,"href":"https:\/\/supermatic.ch\/fr\/wp-json\/wp\/v2\/product_cat?post=662"},{"taxonomy":"product_tag","embeddable":true,"href":"https:\/\/supermatic.ch\/fr\/wp-json\/wp\/v2\/product_tag?post=662"}],"curies":[{"name":"wp","href":"https:\/\/api.w.org\/{rel}","templated":true}]}}