{"id":6675,"date":"2025-06-06T20:30:02","date_gmt":"2025-06-06T18:30:02","guid":{"rendered":"https:\/\/supermatic.ch\/?post_type=product&#038;p=6675"},"modified":"2025-06-06T20:45:39","modified_gmt":"2025-06-06T18:45:39","slug":"distributeur-de-mousse-foamer-90-foamer-94","status":"publish","type":"product","link":"https:\/\/supermatic.ch\/fr\/produkte\/verschluesse\/dispenser-und-pumpen\/schaumdispenser-foamer-90-foamer-94\/","title":{"rendered":"Distributeur de mousse Foamer 90 + Foamer 94 en diverses couleurs"},"content":{"rendered":"<p>Foamer pour bouteilles rondes squeezeables en LD\/HD-PE et PP (diverses tailles de bouteilles en standard)<\/p>\n<p><strong>Disponible en blanc et en couleurs standard<\/p>\n<p><strong>Autres couleurs selon les num\u00e9ros Pantone\/RAL sp\u00e9cifiques au client possibles sur demande, m\u00eame pour de petites quantit\u00e9s. Surfaces brillantes, mates ou m\u00e9tallis\u00e9es sur demande<\/p>","protected":false},"excerpt":{"rendered":"<p>Foamer zu squeezebaren Rundflaschen aus LD-\/HD-PE und PP (diverse Flaschengr\u00f6ssen als Standard) Lieferbar in weiss und [&hellip;]<\/p>\n","protected":false},"featured_media":6681,"comment_status":"open","ping_status":"closed","template":"","meta":[],"product_brand":[],"product_cat":[26,301,25],"product_tag":[412,413,449],"class_list":{"0":"post-6675","1":"product","2":"type-product","3":"status-publish","4":"has-post-thumbnail","6":"product_cat-chemikalien","7":"product_cat-dispenser-und-pumpen","8":"product_cat-kosmetik","9":"product_tag-foamer","10":"product_tag-schaumdispenser","11":"product_tag-schaeumer","12":"product_shipping_class-3-5-tage-lieferzeit","13":"pa_farbe-beige","14":"pa_farbe-blau","15":"pa_farbe-braun","16":"pa_farbe-gelb","17":"pa_farbe-gold","18":"pa_farbe-grau","19":"pa_farbe-gruen","20":"pa_farbe-matt","21":"pa_farbe-metall","22":"pa_farbe-orange","23":"pa_farbe-rot","24":"pa_farbe-schwarz","25":"pa_farbe-silber","26":"pa_farbe-variabel","27":"pa_farbe-weiss","28":"pa_gewinde-24-410","29":"pa_material-pp","31":"first","32":"instock","33":"taxable","34":"shipping-taxable","35":"product-type-simple"},"_links":{"self":[{"href":"https:\/\/supermatic.ch\/fr\/wp-json\/wp\/v2\/product\/6675","targetHints":{"allow":["GET"]}}],"collection":[{"href":"https:\/\/supermatic.ch\/fr\/wp-json\/wp\/v2\/product"}],"about":[{"href":"https:\/\/supermatic.ch\/fr\/wp-json\/wp\/v2\/types\/product"}],"replies":[{"embeddable":true,"href":"https:\/\/supermatic.ch\/fr\/wp-json\/wp\/v2\/comments?post=6675"}],"wp:featuredmedia":[{"embeddable":true,"href":"https:\/\/supermatic.ch\/fr\/wp-json\/wp\/v2\/media\/6681"}],"wp:attachment":[{"href":"https:\/\/supermatic.ch\/fr\/wp-json\/wp\/v2\/media?parent=6675"}],"wp:term":[{"taxonomy":"product_brand","embeddable":true,"href":"https:\/\/supermatic.ch\/fr\/wp-json\/wp\/v2\/product_brand?post=6675"},{"taxonomy":"product_cat","embeddable":true,"href":"https:\/\/supermatic.ch\/fr\/wp-json\/wp\/v2\/product_cat?post=6675"},{"taxonomy":"product_tag","embeddable":true,"href":"https:\/\/supermatic.ch\/fr\/wp-json\/wp\/v2\/product_tag?post=6675"}],"curies":[{"name":"wp","href":"https:\/\/api.w.org\/{rel}","templated":true}]}}