{"id":6687,"date":"2025-06-12T09:03:53","date_gmt":"2025-06-12T07:03:53","guid":{"rendered":"https:\/\/supermatic.ch\/?post_type=product&#038;p=6687"},"modified":"2025-08-29T14:31:19","modified_gmt":"2025-08-29T12:31:19","slug":"bouteille-a-sauce-500ml-pp-naturel-38-400-incl-bouchon-a-clapet-noir","status":"publish","type":"product","link":"https:\/\/supermatic.ch\/fr\/produkte\/flaschen\/saucenflaschen\/500ml-saucenflasche-pp-natur-38-400-inkl-klappverschluss-schwarz\/","title":{"rendered":"Bouteille \u00e0 sauce 500ml PP naturel, 38\/400, bouchon \u00e0 charni\u00e8re noir inclus"},"content":{"rendered":"<p>Mat\u00e9riau : multicouche PP\/EVOH\/PP<br \/>\nhauteur : 167mm<br \/>\nlongueur : 81mm<br \/>\nlargeur : 58mm<br \/>\npoids : 28g<br \/>\nFiletage : 38\/400<br \/>\nVolume de la fermeture \u00e9clair : 533mm<br \/>\nTechnique : r\u00e9siste aux processus de remplissage \u00e0 chaud, de pasteurisation et de st\u00e9rilisation jusqu'\u00e0 121 degr\u00e9s<\/p>\n<p>Fermeture \u00e0 clapet noire,<br \/>\navec film d'induction\/scellage pour bouteilles PE\/PP,<br \/>\navec membrane,<\/p>\n<p>1 pal. \u00e0 1701pcs (bouteilles et couvercles)<\/p>","protected":false},"excerpt":{"rendered":"<p>Material: Multilayer PP\/EVOH\/PP H\u00f6he: 167mm L\u00e4nge: 81mm Breite: 58mm Gewicht: 28g Gewinde: 38\/400 RV-Volumen: 533mm Technisch: [&hellip;]<\/p>\n","protected":false},"featured_media":6695,"comment_status":"open","ping_status":"closed","template":"","meta":[],"product_brand":[],"product_cat":[15,24,538],"product_tag":[],"class_list":{"0":"post-6687","1":"product","2":"type-product","3":"status-publish","4":"has-post-thumbnail","6":"product_cat-flaschen","7":"product_cat-lebensmittel","8":"product_cat-saucenflaschen","9":"product_shipping_class-5-8-tage-lieferzeit","10":"pa_farbe-schwarz","11":"pa_farbe-transparent","12":"pa_form-eckig","13":"pa_form-oval","14":"pa_fuellmenge-58","15":"pa_gewinde-38-400","16":"pa_material-pp","18":"first","19":"instock","20":"taxable","21":"shipping-taxable","22":"purchasable","23":"product-type-variable"},"_links":{"self":[{"href":"https:\/\/supermatic.ch\/fr\/wp-json\/wp\/v2\/product\/6687","targetHints":{"allow":["GET"]}}],"collection":[{"href":"https:\/\/supermatic.ch\/fr\/wp-json\/wp\/v2\/product"}],"about":[{"href":"https:\/\/supermatic.ch\/fr\/wp-json\/wp\/v2\/types\/product"}],"replies":[{"embeddable":true,"href":"https:\/\/supermatic.ch\/fr\/wp-json\/wp\/v2\/comments?post=6687"}],"wp:featuredmedia":[{"embeddable":true,"href":"https:\/\/supermatic.ch\/fr\/wp-json\/wp\/v2\/media\/6695"}],"wp:attachment":[{"href":"https:\/\/supermatic.ch\/fr\/wp-json\/wp\/v2\/media?parent=6687"}],"wp:term":[{"taxonomy":"product_brand","embeddable":true,"href":"https:\/\/supermatic.ch\/fr\/wp-json\/wp\/v2\/product_brand?post=6687"},{"taxonomy":"product_cat","embeddable":true,"href":"https:\/\/supermatic.ch\/fr\/wp-json\/wp\/v2\/product_cat?post=6687"},{"taxonomy":"product_tag","embeddable":true,"href":"https:\/\/supermatic.ch\/fr\/wp-json\/wp\/v2\/product_tag?post=6687"}],"curies":[{"name":"wp","href":"https:\/\/api.w.org\/{rel}","templated":true}]}}