{"id":670,"date":"2022-10-03T18:36:42","date_gmt":"2022-10-03T16:36:42","guid":{"rendered":"https:\/\/supermatic.ch\/produkt\/600-ml-rundflasche-mit-foamer-94-weiss\/"},"modified":"2024-10-03T12:10:32","modified_gmt":"2024-10-03T10:10:32","slug":"600-ml-rundflasche-mit-foamer-94-weiss","status":"publish","type":"product","link":"https:\/\/supermatic.ch\/fr\/produkte\/verschluesse\/dispenser-und-pumpen\/600-ml-rundflasche-foamer\/","title":{"rendered":"Bouteille ronde de 600ml nature avec foamer 94"},"content":{"rendered":"<p>La bouteille ronde de 600 ml en PP a \u00e9t\u00e9 sp\u00e9cialement con\u00e7ue pour \u00eatre utilis\u00e9e avec le Foamer 94, qui permet d'obtenir une mousse efficace et homog\u00e8ne. Elle est id\u00e9ale pour divers liquides qui doivent \u00eatre appliqu\u00e9s sous forme de mousse, comme les savons pour les mains, les nettoyants pour le visage, les shampooings ou autres produits cosm\u00e9tiques ou de nettoyage. Sa forme claire facilite l'\u00e9tiquetage et le marquage, tandis que sa masse garantit une prise en main confortable et une utilisation facile.<\/p>\n<p>&nbsp;<\/p>\n<p>Sp\u00e9cifications :<\/p>\n<ul>\n<li>Mat\u00e9riau : PP<\/li>\n<li>Volume : 600ml<\/li>\n<li>Type de bouteille : 971B<\/li>\n<li>Volume de remplissage technique : 2\/3<\/li>\n<li>masse (y compris le foamer) :\n<ul>\n<li>diam\u00e8tre : 65mm<\/li>\n<li>hauteur : 238mm<\/li>\n<\/ul>\n<\/li>\n<\/ul>","protected":false},"excerpt":{"rendered":"<p>Die 600ml Rundflasche aus PP wurde speziell f\u00fcr den Gebrauch mit dem Foamer 94 entwickelt, welcher [&hellip;]<\/p>\n","protected":false},"featured_media":3711,"comment_status":"open","ping_status":"closed","template":"","meta":[],"product_brand":[],"product_cat":[15,26,301,25],"product_tag":[],"class_list":{"0":"post-670","1":"product","2":"type-product","3":"status-publish","4":"has-post-thumbnail","6":"product_cat-flaschen","7":"product_cat-chemikalien","8":"product_cat-dispenser-und-pumpen","9":"product_cat-kosmetik","10":"product_shipping_class-3-5-tage-lieferzeit","11":"pa_farbe-farblos","12":"pa_form-rund","13":"pa_form-zylindrisch","14":"pa_fuellmenge-278","15":"pa_gewinde-24-410","16":"pa_material-pp","18":"first","19":"instock","20":"taxable","21":"shipping-taxable","22":"purchasable","23":"product-type-variable"},"_links":{"self":[{"href":"https:\/\/supermatic.ch\/fr\/wp-json\/wp\/v2\/product\/670","targetHints":{"allow":["GET"]}}],"collection":[{"href":"https:\/\/supermatic.ch\/fr\/wp-json\/wp\/v2\/product"}],"about":[{"href":"https:\/\/supermatic.ch\/fr\/wp-json\/wp\/v2\/types\/product"}],"replies":[{"embeddable":true,"href":"https:\/\/supermatic.ch\/fr\/wp-json\/wp\/v2\/comments?post=670"}],"wp:featuredmedia":[{"embeddable":true,"href":"https:\/\/supermatic.ch\/fr\/wp-json\/wp\/v2\/media\/3711"}],"wp:attachment":[{"href":"https:\/\/supermatic.ch\/fr\/wp-json\/wp\/v2\/media?parent=670"}],"wp:term":[{"taxonomy":"product_brand","embeddable":true,"href":"https:\/\/supermatic.ch\/fr\/wp-json\/wp\/v2\/product_brand?post=670"},{"taxonomy":"product_cat","embeddable":true,"href":"https:\/\/supermatic.ch\/fr\/wp-json\/wp\/v2\/product_cat?post=670"},{"taxonomy":"product_tag","embeddable":true,"href":"https:\/\/supermatic.ch\/fr\/wp-json\/wp\/v2\/product_tag?post=670"}],"curies":[{"name":"wp","href":"https:\/\/api.w.org\/{rel}","templated":true}]}}