{"id":6711,"date":"2025-06-19T14:56:12","date_gmt":"2025-06-19T12:56:12","guid":{"rendered":"https:\/\/supermatic.ch\/?post_type=product&#038;p=6711"},"modified":"2025-06-19T15:05:15","modified_gmt":"2025-06-19T13:05:15","slug":"flacon-rond-250ml-incabag-hd-pe-softtouch-24-410","status":"publish","type":"product","link":"https:\/\/supermatic.ch\/fr\/produkte\/flaschen\/250ml-rundflasche-incabag-hd-pe-softtouch-24-410\/","title":{"rendered":"Flacon rond de 250ml Incabag HD-PE softtouch, 24\/410"},"content":{"rendered":"<p>La bouteille ronde de 250 ml Incabag est fabriqu\u00e9e en HD-PE. Outre une coloration sp\u00e9cifique au client, ce type de bouteille peut \u00e9galement \u00eatre dot\u00e9 d'une surface softtouch, ce qui conf\u00e8re aux bouteilles un aspect raffin\u00e9, une apparence noble et une haptique agr\u00e9able. Variantes, quantit\u00e9s et prix sur demande.<\/p>\n<p>Caract\u00e9ristiques :<\/p>\n<ul>\n<li>Mat\u00e9riau : HD-PE<\/li>\n<li>Volume : 250ml<\/li>\n<li>diam\u00e8tre : 57.5mm<\/li>\n<li>hauteur : 141mm<\/li>\n<li>Hauteur d'\u00e9tiquetage : 85mm<\/li>\n<li>Filetage : 24\/410<\/li>\n<\/ul>","protected":false},"excerpt":{"rendered":"<p>Die 250ml Rundflasche Incabag ist aus HD-PE gefertigt. Neben einer kundenspezifischen Einf\u00e4rbung ist bei diesem Flaschentyp [&hellip;]<\/p>\n","protected":false},"featured_media":6712,"comment_status":"open","ping_status":"closed","template":"","meta":[],"product_brand":[],"product_cat":[15,26,25],"product_tag":[309,80,335,378,424,347,611,343,311,614,342],"class_list":{"0":"post-6711","1":"product","2":"type-product","3":"status-publish","4":"has-post-thumbnail","6":"product_cat-flaschen","7":"product_cat-chemikalien","8":"product_cat-kosmetik","9":"product_tag-dispenser","10":"product_tag-flasche","11":"product_tag-hd-pe","12":"product_tag-kosmetik","13":"product_tag-kosmetikflasche","14":"product_tag-kunststoffflasche","15":"product_tag-marmorierung","16":"product_tag-rundflasche","17":"product_tag-seife","18":"product_tag-softtouch","19":"product_tag-spender","20":"product_shipping_class-1-3-tage-lieferzeit","21":"pa_farbe-braun","22":"pa_farbe-farblos","23":"pa_farbe-variabel","24":"pa_form-rund","25":"pa_form-zylindrisch","26":"pa_fuellmenge-133","27":"pa_gewinde-24-410","28":"pa_material-hd-pe","30":"first","31":"instock","32":"taxable","33":"shipping-taxable","34":"product-type-simple"},"_links":{"self":[{"href":"https:\/\/supermatic.ch\/fr\/wp-json\/wp\/v2\/product\/6711","targetHints":{"allow":["GET"]}}],"collection":[{"href":"https:\/\/supermatic.ch\/fr\/wp-json\/wp\/v2\/product"}],"about":[{"href":"https:\/\/supermatic.ch\/fr\/wp-json\/wp\/v2\/types\/product"}],"replies":[{"embeddable":true,"href":"https:\/\/supermatic.ch\/fr\/wp-json\/wp\/v2\/comments?post=6711"}],"wp:featuredmedia":[{"embeddable":true,"href":"https:\/\/supermatic.ch\/fr\/wp-json\/wp\/v2\/media\/6712"}],"wp:attachment":[{"href":"https:\/\/supermatic.ch\/fr\/wp-json\/wp\/v2\/media?parent=6711"}],"wp:term":[{"taxonomy":"product_brand","embeddable":true,"href":"https:\/\/supermatic.ch\/fr\/wp-json\/wp\/v2\/product_brand?post=6711"},{"taxonomy":"product_cat","embeddable":true,"href":"https:\/\/supermatic.ch\/fr\/wp-json\/wp\/v2\/product_cat?post=6711"},{"taxonomy":"product_tag","embeddable":true,"href":"https:\/\/supermatic.ch\/fr\/wp-json\/wp\/v2\/product_tag?post=6711"}],"curies":[{"name":"wp","href":"https:\/\/api.w.org\/{rel}","templated":true}]}}