{"id":6718,"date":"2025-07-09T08:08:01","date_gmt":"2025-07-09T06:08:01","guid":{"rendered":"https:\/\/supermatic.ch\/?post_type=product&#038;p=6718"},"modified":"2025-09-09T11:36:44","modified_gmt":"2025-09-09T09:36:44","slug":"vaporisateur-alon-spray-28-410-blanc","status":"publish","type":"product","link":"https:\/\/supermatic.ch\/fr\/produkte\/verschluesse\/sprueher\/sprueher-alon-spruehnebel-strahl-28-410-weiss\/","title":{"rendered":"Pulv\u00e9risateur Alon, pulv\u00e9risation on\/off, 28\/410, blanc"},"content":{"rendered":"<p>Le pulv\u00e9risateur Alon,<br \/>\nFonction : pulv\u00e9risation on\/off,<br \/>\nFiletage 28\/410,<br \/>\nD\u00e9bit de 0.8ml\/course,<br \/>\nsans m\u00e9tal,<br \/>\nLongueur de la colonne montante 285mm<br \/>\nTube de mont\u00e9e droit<\/p>\n<p>peut \u00eatre coup\u00e9 \u00e0 longueur sur demande : + Fr. 5.00\/100pc.<\/p>","protected":false},"excerpt":{"rendered":"<p>Spr\u00fchertyp Alon, Funktion: Spr\u00fchnebel on\/off, Gewinde 28\/410, Ausbringung 0.8ml\/Hub, metallfrei, Steigrohrl\u00e4nge 285mm Steigrohr gerade kann auf [&hellip;]<\/p>\n","protected":false},"featured_media":6726,"comment_status":"open","ping_status":"closed","template":"","meta":[],"product_brand":[],"product_cat":[26,25,302],"product_tag":[],"class_list":{"0":"post-6718","1":"product","2":"type-product","3":"status-publish","4":"has-post-thumbnail","6":"product_cat-chemikalien","7":"product_cat-kosmetik","8":"product_cat-sprueher","9":"pa_farbe-weiss","10":"pa_gewinde-28-410","11":"pa_material-pp","13":"first","14":"instock","15":"taxable","16":"shipping-taxable","17":"purchasable","18":"product-type-variable"},"_links":{"self":[{"href":"https:\/\/supermatic.ch\/fr\/wp-json\/wp\/v2\/product\/6718","targetHints":{"allow":["GET"]}}],"collection":[{"href":"https:\/\/supermatic.ch\/fr\/wp-json\/wp\/v2\/product"}],"about":[{"href":"https:\/\/supermatic.ch\/fr\/wp-json\/wp\/v2\/types\/product"}],"replies":[{"embeddable":true,"href":"https:\/\/supermatic.ch\/fr\/wp-json\/wp\/v2\/comments?post=6718"}],"wp:featuredmedia":[{"embeddable":true,"href":"https:\/\/supermatic.ch\/fr\/wp-json\/wp\/v2\/media\/6726"}],"wp:attachment":[{"href":"https:\/\/supermatic.ch\/fr\/wp-json\/wp\/v2\/media?parent=6718"}],"wp:term":[{"taxonomy":"product_brand","embeddable":true,"href":"https:\/\/supermatic.ch\/fr\/wp-json\/wp\/v2\/product_brand?post=6718"},{"taxonomy":"product_cat","embeddable":true,"href":"https:\/\/supermatic.ch\/fr\/wp-json\/wp\/v2\/product_cat?post=6718"},{"taxonomy":"product_tag","embeddable":true,"href":"https:\/\/supermatic.ch\/fr\/wp-json\/wp\/v2\/product_tag?post=6718"}],"curies":[{"name":"wp","href":"https:\/\/api.w.org\/{rel}","templated":true}]}}