{"id":6755,"date":"2025-08-14T11:29:34","date_gmt":"2025-08-14T09:29:34","guid":{"rendered":"https:\/\/supermatic.ch\/?post_type=product&#038;p=6755"},"modified":"2025-08-14T14:12:53","modified_gmt":"2025-08-14T12:12:53","slug":"pot-250ml-evyta-en-pp-noir-mat","status":"publish","type":"product","link":"https:\/\/supermatic.ch\/fr\/produkte\/dosen\/250ml-tiegel-evyta-aus-pp-schwarz-matt\/","title":{"rendered":"Pot Evyta 250ml en PP noir mat"},"content":{"rendered":"<p>Creuset \u00e0 double paroi<br \/>\nhauteur : 89.5mm<br \/>\nDiam\u00e8tre sup\u00e9rieur : 93.3mm<br \/>\nl\u00e9g\u00e8rement conique 91Grad<\/p>\n<p>Les pots cosm\u00e9tiques \u00e0 double paroi en PP sont disponibles dans les tailles suivantes : 15ml, 30ml, 50ml, 100ml et 250ml<\/p>\n<p>La finition de ce creuset est fantastique ; un doux velout\u00e9 conf\u00e8re \u00e0 ce creuset un caract\u00e8re de grande qualit\u00e9.<\/p>\n<p>Le couvercle du pot peut \u00eatre d\u00e9cor\u00e9 d'une bande m\u00e9tallique de couleur argent\u00e9e ou dor\u00e9e.<\/p>\n<p>Les pots sont livr\u00e9s empil\u00e9s avec des cartons interm\u00e9diaires afin d'\u00e9viter toute d\u00e9formation ou rayure.<\/p>\n<p>Quantit\u00e9s, prix et disponibilit\u00e9 sur demande.<\/p>","protected":false},"excerpt":{"rendered":"<p>Doppelwandtiegel H\u00f6he: 89.5mm Durchmesser oben: 93.3mm leicht konisch 91Grad Doppelwandige Kosmetiktiegel aus PP sind in den [&hellip;]<\/p>\n","protected":false},"featured_media":6754,"comment_status":"open","ping_status":"closed","template":"","meta":[],"product_brand":[],"product_cat":[19,25],"product_tag":[616,442,378,615],"class_list":{"0":"post-6755","1":"product","2":"type-product","3":"status-publish","4":"has-post-thumbnail","6":"product_cat-dosen","7":"product_cat-kosmetik","8":"product_tag-creme","9":"product_tag-dose","10":"product_tag-kosmetik","11":"product_tag-tiegel","12":"product_shipping_class-5-8-tage-lieferzeit","13":"pa_farbe-schwarz","14":"pa_form-rund","15":"pa_fuellmenge-133","16":"pa_material-pp","18":"first","19":"outofstock","20":"taxable","21":"shipping-taxable","22":"purchasable","23":"product-type-simple"},"_links":{"self":[{"href":"https:\/\/supermatic.ch\/fr\/wp-json\/wp\/v2\/product\/6755","targetHints":{"allow":["GET"]}}],"collection":[{"href":"https:\/\/supermatic.ch\/fr\/wp-json\/wp\/v2\/product"}],"about":[{"href":"https:\/\/supermatic.ch\/fr\/wp-json\/wp\/v2\/types\/product"}],"replies":[{"embeddable":true,"href":"https:\/\/supermatic.ch\/fr\/wp-json\/wp\/v2\/comments?post=6755"}],"wp:featuredmedia":[{"embeddable":true,"href":"https:\/\/supermatic.ch\/fr\/wp-json\/wp\/v2\/media\/6754"}],"wp:attachment":[{"href":"https:\/\/supermatic.ch\/fr\/wp-json\/wp\/v2\/media?parent=6755"}],"wp:term":[{"taxonomy":"product_brand","embeddable":true,"href":"https:\/\/supermatic.ch\/fr\/wp-json\/wp\/v2\/product_brand?post=6755"},{"taxonomy":"product_cat","embeddable":true,"href":"https:\/\/supermatic.ch\/fr\/wp-json\/wp\/v2\/product_cat?post=6755"},{"taxonomy":"product_tag","embeddable":true,"href":"https:\/\/supermatic.ch\/fr\/wp-json\/wp\/v2\/product_tag?post=6755"}],"curies":[{"name":"wp","href":"https:\/\/api.w.org\/{rel}","templated":true}]}}