{"id":6812,"date":"2025-09-09T11:37:51","date_gmt":"2025-09-09T09:37:51","guid":{"rendered":"https:\/\/supermatic.ch\/?post_type=product&#038;p=6812"},"modified":"2025-09-09T11:44:47","modified_gmt":"2025-09-09T09:44:47","slug":"vaporisateur-alon-brouillard-deau-on-off-28-410-noir","status":"publish","type":"product","link":"https:\/\/supermatic.ch\/fr\/produkte\/verschluesse\/sprueher\/sprueher-alon-spruehnebel-on-off-28-410-schwarz\/","title":{"rendered":"Pulv\u00e9risateur Alon, pulv\u00e9risation on\/off, 28\/410, noir"},"content":{"rendered":"<p>Le pulv\u00e9risateur Alon,<br \/>\nFonction : pulv\u00e9risation on\/off,<br \/>\nFiletage 28\/410,<br \/>\nD\u00e9bit de 0.8ml\/course,<br \/>\nsans m\u00e9tal,<br \/>\nLongueur de la colonne montante 285mm<br \/>\nTube de mont\u00e9e droit<\/p>\n<p>peut \u00eatre coup\u00e9 \u00e0 longueur sur demande : + Fr. 5.00\/100pc.<\/p>","protected":false},"excerpt":{"rendered":"<p>Spr\u00fchertyp Alon, Funktion: Spr\u00fchnebel on\/off, Gewinde 28\/410, Ausbringung 0.8ml\/Hub, metallfrei, Steigrohrl\u00e4nge 285mm Steigrohr gerade kann auf [&hellip;]<\/p>\n","protected":false},"featured_media":6820,"comment_status":"open","ping_status":"closed","template":"","meta":[],"product_brand":[],"product_cat":[26,25,302],"product_tag":[],"class_list":{"0":"post-6812","1":"product","2":"type-product","3":"status-publish","4":"has-post-thumbnail","6":"product_cat-chemikalien","7":"product_cat-kosmetik","8":"product_cat-sprueher","9":"pa_farbe-schwarz","10":"pa_gewinde-28-410","11":"pa_material-pp","13":"first","14":"instock","15":"taxable","16":"shipping-taxable","17":"purchasable","18":"product-type-variable"},"_links":{"self":[{"href":"https:\/\/supermatic.ch\/fr\/wp-json\/wp\/v2\/product\/6812","targetHints":{"allow":["GET"]}}],"collection":[{"href":"https:\/\/supermatic.ch\/fr\/wp-json\/wp\/v2\/product"}],"about":[{"href":"https:\/\/supermatic.ch\/fr\/wp-json\/wp\/v2\/types\/product"}],"replies":[{"embeddable":true,"href":"https:\/\/supermatic.ch\/fr\/wp-json\/wp\/v2\/comments?post=6812"}],"wp:featuredmedia":[{"embeddable":true,"href":"https:\/\/supermatic.ch\/fr\/wp-json\/wp\/v2\/media\/6820"}],"wp:attachment":[{"href":"https:\/\/supermatic.ch\/fr\/wp-json\/wp\/v2\/media?parent=6812"}],"wp:term":[{"taxonomy":"product_brand","embeddable":true,"href":"https:\/\/supermatic.ch\/fr\/wp-json\/wp\/v2\/product_brand?post=6812"},{"taxonomy":"product_cat","embeddable":true,"href":"https:\/\/supermatic.ch\/fr\/wp-json\/wp\/v2\/product_cat?post=6812"},{"taxonomy":"product_tag","embeddable":true,"href":"https:\/\/supermatic.ch\/fr\/wp-json\/wp\/v2\/product_tag?post=6812"}],"curies":[{"name":"wp","href":"https:\/\/api.w.org\/{rel}","templated":true}]}}