{"id":6888,"date":"2025-10-28T23:31:34","date_gmt":"2025-10-28T21:31:34","guid":{"rendered":"https:\/\/supermatic.ch\/?post_type=product&#038;p=6888"},"modified":"2026-02-06T11:44:06","modified_gmt":"2026-02-06T09:44:06","slug":"bouteille-carree-1000ml-nature-28-400","status":"publish","type":"product","link":"https:\/\/supermatic.ch\/fr\/produkte\/flaschen\/1000ml-vierkantflasche-natur-28-400\/","title":{"rendered":"Bouteille carr\u00e9e 1000 ml naturelle, 28\/400, \u00e9paule droite"},"content":{"rendered":"<p>masse :<br \/>\nhauteur 202mm<br \/>\nlargeur 97mm<br \/>\nprofondeur 69.5mm<br \/>\nsans rainures\/graduations lat\u00e9rales<br \/>\nimprimable ou \u00e9tiquetable sur les 4 c\u00f4t\u00e9s<\/p>","protected":false},"excerpt":{"rendered":"<p>Dimensions : hauteur 202mm largeur 97mm profondeur 69.5mm sans rainures\/graduations lat\u00e9rales imprimable ou \u00e9tiquetable sur 4 c\u00f4t\u00e9s<\/p>","protected":false},"featured_media":6894,"comment_status":"open","ping_status":"closed","template":"","meta":[],"product_brand":[],"product_cat":[15,26,25],"product_tag":[332,338,336,309,80,335,334,331,330,337],"class_list":{"0":"post-6888","1":"product","2":"type-product","3":"status-publish","4":"has-post-thumbnail","6":"product_cat-flaschen","7":"product_cat-chemikalien","8":"product_cat-kosmetik","9":"product_tag-4kant","10":"product_tag-chemie","11":"product_tag-desinfektionsmittel","12":"product_tag-dispenser","13":"product_tag-flasche","14":"product_tag-hd-pe","15":"product_tag-natur","16":"product_tag-reinigungsflasche","17":"product_tag-reinigungsmittel","18":"product_tag-vierkant","19":"product_shipping_class-3-5-tage-lieferzeit","20":"pa_farbe-farblos","21":"pa_form-eckig","22":"pa_fuellmenge-91","23":"pa_gewinde-28-400","24":"pa_material-hd-pe","26":"first","27":"instock","28":"taxable","29":"shipping-taxable","30":"purchasable","31":"product-type-variable"},"_links":{"self":[{"href":"https:\/\/supermatic.ch\/fr\/wp-json\/wp\/v2\/product\/6888","targetHints":{"allow":["GET"]}}],"collection":[{"href":"https:\/\/supermatic.ch\/fr\/wp-json\/wp\/v2\/product"}],"about":[{"href":"https:\/\/supermatic.ch\/fr\/wp-json\/wp\/v2\/types\/product"}],"replies":[{"embeddable":true,"href":"https:\/\/supermatic.ch\/fr\/wp-json\/wp\/v2\/comments?post=6888"}],"wp:featuredmedia":[{"embeddable":true,"href":"https:\/\/supermatic.ch\/fr\/wp-json\/wp\/v2\/media\/6894"}],"wp:attachment":[{"href":"https:\/\/supermatic.ch\/fr\/wp-json\/wp\/v2\/media?parent=6888"}],"wp:term":[{"taxonomy":"product_brand","embeddable":true,"href":"https:\/\/supermatic.ch\/fr\/wp-json\/wp\/v2\/product_brand?post=6888"},{"taxonomy":"product_cat","embeddable":true,"href":"https:\/\/supermatic.ch\/fr\/wp-json\/wp\/v2\/product_cat?post=6888"},{"taxonomy":"product_tag","embeddable":true,"href":"https:\/\/supermatic.ch\/fr\/wp-json\/wp\/v2\/product_tag?post=6888"}],"curies":[{"name":"wp","href":"https:\/\/api.w.org\/{rel}","templated":true}]}}