{"id":6942,"date":"2025-11-12T10:55:51","date_gmt":"2025-11-12T08:55:51","guid":{"rendered":"https:\/\/supermatic.ch\/?post_type=product&#038;p=6942"},"modified":"2026-01-08T11:10:07","modified_gmt":"2026-01-08T09:10:07","slug":"boite-ronde-1000ml-en-hd-pe-blanc-avec-couvercle-a-visser","status":"publish","type":"product","link":"https:\/\/supermatic.ch\/fr\/produkte\/chemikalien\/1000ml-runddose-aus-hd-pe-weiss-mit-schraubdeckel\/","title":{"rendered":"Bo\u00eete ronde de 1000ml en HD-PE blanc, avec couvercle \u00e0 visser et couvercle int\u00e9rieur"},"content":{"rendered":"<p>masse :<br \/>\nhauteur 166mm<br \/>\ndiam\u00e8tre 95mm<br \/>\nVolume de la fermeture \u00e9clair : 1072 ml<br \/>\nCouvercle \u00e0 visser blanc avec bague de garantie<br \/>\ncouvercle int\u00e9rieur en LD-PE naturel<br \/>\nEssai UNX pour les solides<\/p>","protected":false},"excerpt":{"rendered":"<p>Masse: H\u00f6he 166mm Durchmesser 95mm RV-Volumen 1072ml Schraubdeckel weiss mit Garantiering Innendeckel aus LD-PE natur UNX-Pr\u00fcfung [&hellip;]<\/p>\n","protected":false},"featured_media":7053,"comment_status":"open","ping_status":"closed","template":"","meta":[],"product_brand":[],"product_cat":[26,19,25],"product_tag":[],"class_list":{"0":"post-6942","1":"product","2":"type-product","3":"status-publish","4":"has-post-thumbnail","6":"product_cat-chemikalien","7":"product_cat-dosen","8":"product_cat-kosmetik","9":"product_shipping_class-5-8-tage-lieferzeit","10":"pa_farbe-weiss","11":"pa_form-rund","12":"pa_form-zylindrisch","13":"pa_fuellmenge-91","14":"pa_material-hd-pe","16":"first","17":"instock","18":"taxable","19":"shipping-taxable","20":"purchasable","21":"product-type-variable"},"_links":{"self":[{"href":"https:\/\/supermatic.ch\/fr\/wp-json\/wp\/v2\/product\/6942","targetHints":{"allow":["GET"]}}],"collection":[{"href":"https:\/\/supermatic.ch\/fr\/wp-json\/wp\/v2\/product"}],"about":[{"href":"https:\/\/supermatic.ch\/fr\/wp-json\/wp\/v2\/types\/product"}],"replies":[{"embeddable":true,"href":"https:\/\/supermatic.ch\/fr\/wp-json\/wp\/v2\/comments?post=6942"}],"wp:featuredmedia":[{"embeddable":true,"href":"https:\/\/supermatic.ch\/fr\/wp-json\/wp\/v2\/media\/7053"}],"wp:attachment":[{"href":"https:\/\/supermatic.ch\/fr\/wp-json\/wp\/v2\/media?parent=6942"}],"wp:term":[{"taxonomy":"product_brand","embeddable":true,"href":"https:\/\/supermatic.ch\/fr\/wp-json\/wp\/v2\/product_brand?post=6942"},{"taxonomy":"product_cat","embeddable":true,"href":"https:\/\/supermatic.ch\/fr\/wp-json\/wp\/v2\/product_cat?post=6942"},{"taxonomy":"product_tag","embeddable":true,"href":"https:\/\/supermatic.ch\/fr\/wp-json\/wp\/v2\/product_tag?post=6942"}],"curies":[{"name":"wp","href":"https:\/\/api.w.org\/{rel}","templated":true}]}}