{"id":7022,"date":"2026-01-06T09:37:23","date_gmt":"2026-01-06T07:37:23","guid":{"rendered":"https:\/\/supermatic.ch\/?post_type=product&#038;p=7022"},"modified":"2026-01-06T09:45:33","modified_gmt":"2026-01-06T07:45:33","slug":"250ml-bouteille-carree-nature-28-400-epaule-raide","status":"publish","type":"product","link":"https:\/\/supermatic.ch\/fr\/produkte\/flaschen\/250ml-vierkantflasche-natur-28-400-steile-schulter\/","title":{"rendered":"Bouteille carr\u00e9e 250 ml naturelle, 28\/400, \u00e9paule droite"},"content":{"rendered":"<p>masse :<br \/>\nhauteur 125mm<br \/>\nlargeur 62.5mm<br \/>\nprofondeur 40mm<br \/>\nsans rainures\/graduations lat\u00e9rales<br \/>\nsans triangle tactile<br \/>\nimprimable ou \u00e9tiquetable sur les 4 c\u00f4t\u00e9s<\/p>\n<p>Stable gr\u00e2ce \u00e0 l'\u00e9paulement abrupt lors de l'utilisation par ex. avec une pompe de distribution ou une fermeture \u00e0 pression\/rotative<\/p>\n<p>autres quantit\u00e9s et couleurs sur demande !<\/p>","protected":false},"excerpt":{"rendered":"<p>Masse: H\u00f6he 125mm Breite 62.5mm Tiefe 40mm ohne seitliche Rillen\/Graduierung ohne taktilem Dreieck 4seitig bedruck- bzw. [&hellip;]<\/p>\n","protected":false},"featured_media":7028,"comment_status":"open","ping_status":"closed","template":"","meta":[],"product_brand":[],"product_cat":[15,26,25],"product_tag":[332,305,336,80,335,334,331,330,311,333],"class_list":{"0":"post-7022","1":"product","2":"type-product","3":"status-publish","4":"has-post-thumbnail","6":"product_cat-flaschen","7":"product_cat-chemikalien","8":"product_cat-kosmetik","9":"product_tag-4kant","10":"product_tag-500ml","11":"product_tag-desinfektionsmittel","12":"product_tag-flasche","13":"product_tag-hd-pe","14":"product_tag-natur","15":"product_tag-reinigungsflasche","16":"product_tag-reinigungsmittel","17":"product_tag-seife","18":"product_tag-viereck","19":"product_shipping_class-3-5-tage-lieferzeit","20":"pa_farbe-farblos","21":"pa_form-eckig","22":"pa_fuellmenge-133","23":"pa_gewinde-28-400","24":"pa_material-hd-pe","26":"first","27":"instock","28":"taxable","29":"shipping-taxable","30":"purchasable","31":"product-type-variable"},"_links":{"self":[{"href":"https:\/\/supermatic.ch\/fr\/wp-json\/wp\/v2\/product\/7022","targetHints":{"allow":["GET"]}}],"collection":[{"href":"https:\/\/supermatic.ch\/fr\/wp-json\/wp\/v2\/product"}],"about":[{"href":"https:\/\/supermatic.ch\/fr\/wp-json\/wp\/v2\/types\/product"}],"replies":[{"embeddable":true,"href":"https:\/\/supermatic.ch\/fr\/wp-json\/wp\/v2\/comments?post=7022"}],"wp:featuredmedia":[{"embeddable":true,"href":"https:\/\/supermatic.ch\/fr\/wp-json\/wp\/v2\/media\/7028"}],"wp:attachment":[{"href":"https:\/\/supermatic.ch\/fr\/wp-json\/wp\/v2\/media?parent=7022"}],"wp:term":[{"taxonomy":"product_brand","embeddable":true,"href":"https:\/\/supermatic.ch\/fr\/wp-json\/wp\/v2\/product_brand?post=7022"},{"taxonomy":"product_cat","embeddable":true,"href":"https:\/\/supermatic.ch\/fr\/wp-json\/wp\/v2\/product_cat?post=7022"},{"taxonomy":"product_tag","embeddable":true,"href":"https:\/\/supermatic.ch\/fr\/wp-json\/wp\/v2\/product_tag?post=7022"}],"curies":[{"name":"wp","href":"https:\/\/api.w.org\/{rel}","templated":true}]}}