{"id":7076,"date":"2026-01-19T12:12:30","date_gmt":"2026-01-19T10:12:30","guid":{"rendered":"https:\/\/supermatic.ch\/?post_type=product&#038;p=7076"},"modified":"2026-01-19T15:46:56","modified_gmt":"2026-01-19T13:46:56","slug":"bidon-de-5-litres-empilable-blanc-avec-fermeture-din45-noir-230g","status":"publish","type":"product","link":"https:\/\/supermatic.ch\/fr\/produkte\/kanister\/5-liter-kanister-stapelbar-weiss-mit-verschluss-din45-schwarz-230g\/","title":{"rendered":"Bidon de 5 litres Blanc Empilable avec bouchon DIN45 noir, 230g"},"content":{"rendered":"<h5><strong>Bidons empilables de 5 litres avec bouchon M45, homologu\u00e9s UN<\/strong><\/h5>\n<p>Ce bidon blanc empilable de 5 litres, fabriqu\u00e9 en plastique de qualit\u00e9 alimentaire et approuv\u00e9 par l'ONU, garantit s\u00e9curit\u00e9 et facilit\u00e9 d'utilisation. Avec son couvercle noir M45, il se vide facilement et permet une vidange efficace des r\u00e9sidus. Son empilage facilite le stockage et le transport. Ce bidon de 5l convient pour le contact avec les aliments.<\/p>\n<p>-Couleur : blanc<br \/>\n-Dimensions : 193x145x251mm<br \/>\n-surface d'\u00e9tiquetage 145x130mm<br \/>\n-poids 230g<br \/>\n-UN Y Examen<br \/>\n-empilable<br \/>\n-Les produits alimentaires sont adapt\u00e9s \u00e0 la consommation humaine,<br \/>\n-vidange des restes<br \/>\n-avec fermeture M45 noire<br \/>\n-Marques pour 1, 2, 3, 4 + 5lt<\/p>\n<p>Par palettes sur des couches\/plateaux<\/p>\n<p>VARIANTE : avec triangle de danger<\/p>\n<p>Autres couleurs de couvercle sur demande<\/p>\n<p>Disponibilit\u00e9 env. 2 semaines<\/p>","protected":false},"excerpt":{"rendered":"<p>5-Liter Stapelkanister mit M45 Verschluss, UN-zugelassen Dieser stapelbare, weisse 5 Liter Kanister, gefertigt aus lebensmittelechtem und [&hellip;]<\/p>\n","protected":false},"featured_media":2775,"comment_status":"open","ping_status":"closed","template":"","meta":[],"product_brand":[],"product_cat":[18,26,25,24],"product_tag":[],"class_list":{"0":"post-7076","1":"product","2":"type-product","3":"status-publish","4":"has-post-thumbnail","6":"product_cat-kanister","7":"product_cat-chemikalien","8":"product_cat-kosmetik","9":"product_cat-lebensmittel","10":"product_shipping_class-3-5-tage-lieferzeit","11":"pa_farbe-weiss","12":"pa_form-eckig","13":"pa_fuellmenge-132","14":"pa_gewinde-m45","15":"pa_material-hd-pe","17":"first","18":"instock","19":"taxable","20":"shipping-taxable","21":"purchasable","22":"product-type-variable"},"_links":{"self":[{"href":"https:\/\/supermatic.ch\/fr\/wp-json\/wp\/v2\/product\/7076","targetHints":{"allow":["GET"]}}],"collection":[{"href":"https:\/\/supermatic.ch\/fr\/wp-json\/wp\/v2\/product"}],"about":[{"href":"https:\/\/supermatic.ch\/fr\/wp-json\/wp\/v2\/types\/product"}],"replies":[{"embeddable":true,"href":"https:\/\/supermatic.ch\/fr\/wp-json\/wp\/v2\/comments?post=7076"}],"wp:featuredmedia":[{"embeddable":true,"href":"https:\/\/supermatic.ch\/fr\/wp-json\/wp\/v2\/media\/2775"}],"wp:attachment":[{"href":"https:\/\/supermatic.ch\/fr\/wp-json\/wp\/v2\/media?parent=7076"}],"wp:term":[{"taxonomy":"product_brand","embeddable":true,"href":"https:\/\/supermatic.ch\/fr\/wp-json\/wp\/v2\/product_brand?post=7076"},{"taxonomy":"product_cat","embeddable":true,"href":"https:\/\/supermatic.ch\/fr\/wp-json\/wp\/v2\/product_cat?post=7076"},{"taxonomy":"product_tag","embeddable":true,"href":"https:\/\/supermatic.ch\/fr\/wp-json\/wp\/v2\/product_tag?post=7076"}],"curies":[{"name":"wp","href":"https:\/\/api.w.org\/{rel}","templated":true}]}}