{"id":7105,"date":"2026-01-19T15:53:47","date_gmt":"2026-01-19T13:53:47","guid":{"rendered":"https:\/\/supermatic.ch\/?post_type=product&#038;p=7105"},"modified":"2026-01-19T16:03:45","modified_gmt":"2026-01-19T14:03:45","slug":"1000ml-bouteille-carree-nature-28-400-epaule-plate","status":"publish","type":"product","link":"https:\/\/supermatic.ch\/fr\/produkte\/flaschen\/1000ml-vierkantflasche-natur-28-400-flache-schulter\/","title":{"rendered":"Bouteille carr\u00e9e 1000ml nature, 28\/400, \u00e9paule plate"},"content":{"rendered":"<p>masse :<br \/>\nhauteur 198mm<br \/>\nlargeur 88mm<br \/>\nprofondeur 72mm<br \/>\nsans rainures\/graduations lat\u00e9rales<br \/>\nimprimable ou \u00e9tiquetable sur les 4 c\u00f4t\u00e9s<\/p>\n<p>Convient pour une utilisation dans les distributeurs europ\u00e9ens<\/p>\n<p>Disponibilit\u00e9 env. 2 - 3 semaines<\/p>","protected":false},"excerpt":{"rendered":"<p>Masse: H\u00f6he 198mm Breite 88mm Tiefe 72mm ohne seitliche Rillen\/Graduierung 4seitig bedruck- bzw. etikettierbar Geeignet f\u00fcr [&hellip;]<\/p>\n","protected":false},"featured_media":7117,"comment_status":"open","ping_status":"closed","template":"","meta":[],"product_brand":[],"product_cat":[15,26,25],"product_tag":[332,338,336,309,624,80,335,334,331,330,337],"class_list":{"0":"post-7105","1":"product","2":"type-product","3":"status-publish","4":"has-post-thumbnail","6":"product_cat-flaschen","7":"product_cat-chemikalien","8":"product_cat-kosmetik","9":"product_tag-4kant","10":"product_tag-chemie","11":"product_tag-desinfektionsmittel","12":"product_tag-dispenser","13":"product_tag-eurospender","14":"product_tag-flasche","15":"product_tag-hd-pe","16":"product_tag-natur","17":"product_tag-reinigungsflasche","18":"product_tag-reinigungsmittel","19":"product_tag-vierkant","20":"product_shipping_class-3-5-tage-lieferzeit","21":"pa_farbe-farblos","22":"pa_form-eckig","23":"pa_fuellmenge-91","24":"pa_gewinde-28-400","25":"pa_material-hd-pe","27":"first","28":"instock","29":"taxable","30":"shipping-taxable","31":"purchasable","32":"product-type-variable"},"_links":{"self":[{"href":"https:\/\/supermatic.ch\/fr\/wp-json\/wp\/v2\/product\/7105","targetHints":{"allow":["GET"]}}],"collection":[{"href":"https:\/\/supermatic.ch\/fr\/wp-json\/wp\/v2\/product"}],"about":[{"href":"https:\/\/supermatic.ch\/fr\/wp-json\/wp\/v2\/types\/product"}],"replies":[{"embeddable":true,"href":"https:\/\/supermatic.ch\/fr\/wp-json\/wp\/v2\/comments?post=7105"}],"wp:featuredmedia":[{"embeddable":true,"href":"https:\/\/supermatic.ch\/fr\/wp-json\/wp\/v2\/media\/7117"}],"wp:attachment":[{"href":"https:\/\/supermatic.ch\/fr\/wp-json\/wp\/v2\/media?parent=7105"}],"wp:term":[{"taxonomy":"product_brand","embeddable":true,"href":"https:\/\/supermatic.ch\/fr\/wp-json\/wp\/v2\/product_brand?post=7105"},{"taxonomy":"product_cat","embeddable":true,"href":"https:\/\/supermatic.ch\/fr\/wp-json\/wp\/v2\/product_cat?post=7105"},{"taxonomy":"product_tag","embeddable":true,"href":"https:\/\/supermatic.ch\/fr\/wp-json\/wp\/v2\/product_tag?post=7105"}],"curies":[{"name":"wp","href":"https:\/\/api.w.org\/{rel}","templated":true}]}}