{"id":711,"date":"2022-10-03T18:36:54","date_gmt":"2022-10-03T16:36:54","guid":{"rendered":"https:\/\/supermatic.ch\/produkt\/500ml-getraenkeflasche-mit-griffmulde\/"},"modified":"2024-11-27T12:10:33","modified_gmt":"2024-11-27T10:10:33","slug":"500ml-bouteille-pet-boisson-avec-poignee","status":"publish","type":"product","link":"https:\/\/supermatic.ch\/fr\/produkte\/flaschen\/500ml-pet-getraenkeflasche-mit-griffmulde\/","title":{"rendered":"Bouteille de boisson en PET de 500 ml avec poign\u00e9e encastr\u00e9e"},"content":{"rendered":"<p>Bouteille de boisson en PET avec poign\u00e9e encastr\u00e9e pour une manipulation facile. La bouteille de 500 ml p\u00e8se 28 g et poss\u00e8de un filetage PCO 1810. La bouteille fabriqu\u00e9e en PET est transparente\/incolore et convient bien pour l'eau min\u00e9rale ou les boissons sucr\u00e9es comme le cidre ou le schorle.<\/p>\n<p>PET transparent<br \/>\ndiam\u00e8tre : 65mm<br \/>\nhauteur : 216mm<\/p>","protected":false},"excerpt":{"rendered":"<p>PET-Getr\u00e4nkeflasche mit Griffmulde f\u00fcr eine einfache Handhabung. Die 500-ml-Flasche ist 28 g leicht und hat ein [&hellip;]<\/p>\n","protected":false},"featured_media":3694,"comment_status":"open","ping_status":"closed","template":"","meta":[],"product_brand":[],"product_cat":[15,24],"product_tag":[305,326,80,320,321,314,319,347,318,313,343,315,316,317],"class_list":{"0":"post-711","1":"product","2":"type-product","3":"status-publish","4":"has-post-thumbnail","6":"product_cat-flaschen","7":"product_cat-lebensmittel","8":"product_tag-500ml","9":"product_tag-eistee","10":"product_tag-flasche","11":"product_tag-fruchtsaft","12":"product_tag-fruchtsaftflasche","13":"product_tag-getraenkeflasche","14":"product_tag-griffmulde","15":"product_tag-kunststoffflasche","16":"product_tag-pco1810","17":"product_tag-pet","18":"product_tag-rundflasche","19":"product_tag-salatsauce","20":"product_tag-salatsosse","21":"product_tag-transparent","22":"product_shipping_class-1-3-tage-lieferzeit","23":"pa_farbe-transparent","24":"pa_form-rund","25":"pa_fuellmenge-58","26":"pa_gewinde-28mm-pco1810","27":"pa_material-pet","29":"first","30":"instock","31":"taxable","32":"shipping-taxable","33":"purchasable","34":"product-type-variable"},"_links":{"self":[{"href":"https:\/\/supermatic.ch\/fr\/wp-json\/wp\/v2\/product\/711","targetHints":{"allow":["GET"]}}],"collection":[{"href":"https:\/\/supermatic.ch\/fr\/wp-json\/wp\/v2\/product"}],"about":[{"href":"https:\/\/supermatic.ch\/fr\/wp-json\/wp\/v2\/types\/product"}],"replies":[{"embeddable":true,"href":"https:\/\/supermatic.ch\/fr\/wp-json\/wp\/v2\/comments?post=711"}],"wp:featuredmedia":[{"embeddable":true,"href":"https:\/\/supermatic.ch\/fr\/wp-json\/wp\/v2\/media\/3694"}],"wp:attachment":[{"href":"https:\/\/supermatic.ch\/fr\/wp-json\/wp\/v2\/media?parent=711"}],"wp:term":[{"taxonomy":"product_brand","embeddable":true,"href":"https:\/\/supermatic.ch\/fr\/wp-json\/wp\/v2\/product_brand?post=711"},{"taxonomy":"product_cat","embeddable":true,"href":"https:\/\/supermatic.ch\/fr\/wp-json\/wp\/v2\/product_cat?post=711"},{"taxonomy":"product_tag","embeddable":true,"href":"https:\/\/supermatic.ch\/fr\/wp-json\/wp\/v2\/product_tag?post=711"}],"curies":[{"name":"wp","href":"https:\/\/api.w.org\/{rel}","templated":true}]}}