{"id":7118,"date":"2026-01-19T16:36:57","date_gmt":"2026-01-19T14:36:57","guid":{"rendered":"https:\/\/supermatic.ch\/?post_type=product&#038;p=7118"},"modified":"2026-01-19T16:40:32","modified_gmt":"2026-01-19T14:40:32","slug":"bouteille-deau-gazeuse-500ml-hd-pe-nature-28-400","status":"publish","type":"product","link":"https:\/\/supermatic.ch\/fr\/produkte\/flaschen\/500ml-spruehflasche-hd-pe-natur-28-400\/","title":{"rendered":"Flacon pulv\u00e9risateur de 500 ml HD-PE naturel, 28\/400"},"content":{"rendered":"<p>masse :<br \/>\nhauteur 240mm<br \/>\ndiam\u00e8tre 63mm<\/p>\n<p>Quantit\u00e9 minimale de commande 5000pcs.<\/p>\n<p>Disponible en diff\u00e9rentes couleurs \u00e0 partir de 5000 pi\u00e8ces !<\/p>","protected":false},"excerpt":{"rendered":"<p>Masse: H\u00f6he 240mm Durchmesser 63mm Mindestbestellmenge 5000St. Bei 5000St. auch in verschiedenen Farben lieferbar!<\/p>","protected":false},"featured_media":7119,"comment_status":"open","ping_status":"closed","template":"","meta":[],"product_brand":[],"product_cat":[15,26,25],"product_tag":[305,80,335,378,334,331,330,343,311,406],"class_list":{"0":"post-7118","1":"product","2":"type-product","3":"status-publish","4":"has-post-thumbnail","6":"product_cat-flaschen","7":"product_cat-chemikalien","8":"product_cat-kosmetik","9":"product_tag-500ml","10":"product_tag-flasche","11":"product_tag-hd-pe","12":"product_tag-kosmetik","13":"product_tag-natur","14":"product_tag-reinigungsflasche","15":"product_tag-reinigungsmittel","16":"product_tag-rundflasche","17":"product_tag-seife","18":"product_tag-spruehflasche","19":"product_shipping_class-3-5-tage-lieferzeit","20":"pa_farbe-farblos","21":"pa_form-rund","22":"pa_form-zylindrisch","23":"pa_fuellmenge-58","24":"pa_gewinde-28-400","25":"pa_material-hd-pe","27":"first","28":"instock","29":"taxable","30":"shipping-taxable","31":"product-type-simple"},"_links":{"self":[{"href":"https:\/\/supermatic.ch\/fr\/wp-json\/wp\/v2\/product\/7118","targetHints":{"allow":["GET"]}}],"collection":[{"href":"https:\/\/supermatic.ch\/fr\/wp-json\/wp\/v2\/product"}],"about":[{"href":"https:\/\/supermatic.ch\/fr\/wp-json\/wp\/v2\/types\/product"}],"replies":[{"embeddable":true,"href":"https:\/\/supermatic.ch\/fr\/wp-json\/wp\/v2\/comments?post=7118"}],"wp:featuredmedia":[{"embeddable":true,"href":"https:\/\/supermatic.ch\/fr\/wp-json\/wp\/v2\/media\/7119"}],"wp:attachment":[{"href":"https:\/\/supermatic.ch\/fr\/wp-json\/wp\/v2\/media?parent=7118"}],"wp:term":[{"taxonomy":"product_brand","embeddable":true,"href":"https:\/\/supermatic.ch\/fr\/wp-json\/wp\/v2\/product_brand?post=7118"},{"taxonomy":"product_cat","embeddable":true,"href":"https:\/\/supermatic.ch\/fr\/wp-json\/wp\/v2\/product_cat?post=7118"},{"taxonomy":"product_tag","embeddable":true,"href":"https:\/\/supermatic.ch\/fr\/wp-json\/wp\/v2\/product_tag?post=7118"}],"curies":[{"name":"wp","href":"https:\/\/api.w.org\/{rel}","templated":true}]}}