{"id":7194,"date":"2026-04-02T09:30:21","date_gmt":"2026-04-02T07:30:21","guid":{"rendered":"https:\/\/supermatic.ch\/?post_type=product&#038;p=7194"},"modified":"2026-04-02T09:48:20","modified_gmt":"2026-04-02T07:48:20","slug":"pot-en-verre-clair-100ml-verre-clair-avec-bouchon-a-vis-blanc-mat","status":"publish","type":"product","link":"https:\/\/supermatic.ch\/fr\/produkte\/nachhaltig\/100ml-klarglastiegel-klarglas-mit-weissem-mattem-schraubverschluss\/","title":{"rendered":"Pot en verre transparent 100ml Verre transparent avec bouchon \u00e0 vis blanc mat"},"content":{"rendered":"<p>diam\u00e8tre : 73mm<br \/>\nhauteur : 48mm<\/p>\n<p>Surface du couvercle : mat<br \/>\nJoint plat : oui, garniture EPE<\/p>\n<p>Emballage d'origine :<br \/>\n1 carton \u00e0 160pcs \/ 1 palette \u00e0 5187pcs.<\/p>\n<p>autres quantit\u00e9s sur demande<\/p>","protected":false},"excerpt":{"rendered":"<p>Durchmesser: 73mm H\u00f6he: 48mm Deckeloberfl\u00e4che: matt Flachdichtung: ja, EPE Einlage Originalverpackung: 1 Karton \u00e0 160St. \/ [&hellip;]<\/p>\n","protected":false},"featured_media":3867,"comment_status":"open","ping_status":"closed","template":"","meta":[],"product_brand":[],"product_cat":[55,19,25],"product_tag":[],"class_list":{"0":"post-7194","1":"product","2":"type-product","3":"status-publish","4":"has-post-thumbnail","6":"product_cat-nachhaltig","7":"product_cat-dosen","8":"product_cat-kosmetik","9":"product_shipping_class-5-8-tage-lieferzeit","10":"pa_farbe-transparent","11":"pa_farbe-weiss","12":"pa_form-rund","13":"pa_form-zylindrisch","14":"pa_fuellmenge-87","15":"pa_gewinde-70-400","16":"pa_material-glas","18":"first","19":"instock","20":"taxable","21":"shipping-taxable","22":"purchasable","23":"product-type-variable"},"_links":{"self":[{"href":"https:\/\/supermatic.ch\/fr\/wp-json\/wp\/v2\/product\/7194","targetHints":{"allow":["GET"]}}],"collection":[{"href":"https:\/\/supermatic.ch\/fr\/wp-json\/wp\/v2\/product"}],"about":[{"href":"https:\/\/supermatic.ch\/fr\/wp-json\/wp\/v2\/types\/product"}],"replies":[{"embeddable":true,"href":"https:\/\/supermatic.ch\/fr\/wp-json\/wp\/v2\/comments?post=7194"}],"wp:featuredmedia":[{"embeddable":true,"href":"https:\/\/supermatic.ch\/fr\/wp-json\/wp\/v2\/media\/3867"}],"wp:attachment":[{"href":"https:\/\/supermatic.ch\/fr\/wp-json\/wp\/v2\/media?parent=7194"}],"wp:term":[{"taxonomy":"product_brand","embeddable":true,"href":"https:\/\/supermatic.ch\/fr\/wp-json\/wp\/v2\/product_brand?post=7194"},{"taxonomy":"product_cat","embeddable":true,"href":"https:\/\/supermatic.ch\/fr\/wp-json\/wp\/v2\/product_cat?post=7194"},{"taxonomy":"product_tag","embeddable":true,"href":"https:\/\/supermatic.ch\/fr\/wp-json\/wp\/v2\/product_tag?post=7194"}],"curies":[{"name":"wp","href":"https:\/\/api.w.org\/{rel}","templated":true}]}}