{"id":7239,"date":"2026-05-06T13:35:30","date_gmt":"2026-05-06T11:35:30","guid":{"rendered":"https:\/\/supermatic.ch\/?post_type=product&#038;p=7239"},"modified":"2026-05-06T13:37:48","modified_gmt":"2026-05-06T11:37:48","slug":"aluminiumschraubverschluss-28-x-18mm-silber","status":"publish","type":"product","link":"https:\/\/supermatic.ch\/fr\/produkte\/verschluesse\/aluminiumschraubverschluss-28-x-18mm-silber\/","title":{"rendered":"Aluminiumschraubverschluss 28 x 18mm, silber"},"content":{"rendered":"<p>Typ: 2818x110 (Schraubgewinde)<br \/>\nDimensions (diam\u00e8tre x hauteur) : 28x18mm<br \/>\nInsert d'\u00e9tanch\u00e9it\u00e9 : EPE<br \/>\nFarbe: silber<br \/>\nBouchon en aluminium avec filetage et avec garniture d'\u00e9tanch\u00e9it\u00e9 EPE.<\/p>\n<p>Nombre de pi\u00e8ces dans le carton : 5'000 pcs.<br \/>\nDimensions du carton : 600x400x360 mm<br \/>\nPalettenmenge: 120'000St.<br \/>\nDimensions de la palette : 800x1200x2140 mm<br \/>\nPoids de la palette : 230kg<\/p>\n<p>Le bouchon peut \u00eatre adapt\u00e9 selon les souhaits du client, par exemple avec une impression unicolore ou multicolore, avec une impression UV, avec un relief sup\u00e9rieur ou une coupe lat\u00e9rale ; ou doit \u00eatre d\u00e9plac\u00e9 avec un bec verseur non rechargeable.<\/p>\n<p>Autres couleurs sur demande<\/p>","protected":false},"excerpt":{"rendered":"<p>Typ: 2818x110 (Schraubgewinde) Abmessung (Durchmesser x\u00a0 H\u00f6he):\u00a028x18mm Dichteinlage: EPE Farbe: silber Aluminiumverschluss mit Schraubgewinde und mit [&hellip;]<\/p>\n","protected":false},"featured_media":2586,"comment_status":"open","ping_status":"closed","template":"","meta":[],"product_brand":[],"product_cat":[23,24],"product_tag":[],"class_list":{"0":"post-7239","1":"product","2":"type-product","3":"status-publish","4":"has-post-thumbnail","6":"product_cat-verschluesse","7":"product_cat-lebensmittel","8":"product_shipping_class-1-3-tage-lieferzeit","9":"pa_farbe-silber","10":"pa_form-rund","11":"pa_gewinde-pp-28","12":"pa_material-aluminium","14":"first","15":"outofstock","16":"taxable","17":"shipping-taxable","18":"product-type-variable"},"_links":{"self":[{"href":"https:\/\/supermatic.ch\/fr\/wp-json\/wp\/v2\/product\/7239","targetHints":{"allow":["GET"]}}],"collection":[{"href":"https:\/\/supermatic.ch\/fr\/wp-json\/wp\/v2\/product"}],"about":[{"href":"https:\/\/supermatic.ch\/fr\/wp-json\/wp\/v2\/types\/product"}],"replies":[{"embeddable":true,"href":"https:\/\/supermatic.ch\/fr\/wp-json\/wp\/v2\/comments?post=7239"}],"wp:featuredmedia":[{"embeddable":true,"href":"https:\/\/supermatic.ch\/fr\/wp-json\/wp\/v2\/media\/2586"}],"wp:attachment":[{"href":"https:\/\/supermatic.ch\/fr\/wp-json\/wp\/v2\/media?parent=7239"}],"wp:term":[{"taxonomy":"product_brand","embeddable":true,"href":"https:\/\/supermatic.ch\/fr\/wp-json\/wp\/v2\/product_brand?post=7239"},{"taxonomy":"product_cat","embeddable":true,"href":"https:\/\/supermatic.ch\/fr\/wp-json\/wp\/v2\/product_cat?post=7239"},{"taxonomy":"product_tag","embeddable":true,"href":"https:\/\/supermatic.ch\/fr\/wp-json\/wp\/v2\/product_tag?post=7239"}],"curies":[{"name":"wp","href":"https:\/\/api.w.org\/{rel}","templated":true}]}}