{"id":733,"date":"2022-10-03T18:37:00","date_gmt":"2022-10-03T16:37:00","guid":{"rendered":"https:\/\/supermatic.ch\/produkt\/schraubverschluss-schwarz\/"},"modified":"2026-02-19T11:54:22","modified_gmt":"2026-02-19T09:54:22","slug":"bouchon-a-vis-noir","status":"publish","type":"product","link":"https:\/\/supermatic.ch\/fr\/produkte\/verschluesse\/schraubverschluss-schwarz\/","title":{"rendered":"Bouchon \u00e0 vis noir PCO1810"},"content":{"rendered":"<p>Bouchon \u00e0 vis noir PCO1810 : Sp\u00e9cialement con\u00e7u pour les bouteilles PET, \u00e9quip\u00e9 d'une bague de garantie et d'un joint conique.<\/p>\n<p><strong>Caract\u00e9ristiques :<\/strong><\/p>\n<ul>\n<li>Type : Bouchon \u00e0 vis pour bouteilles PET<\/li>\n<li>Couleur : Noir<\/li>\n<li>Filetage : PCO1810<\/li>\n<li>\u00c9quipement : anneau de garantie<\/li>\n<li>Joint d'\u00e9tanch\u00e9it\u00e9 : joint conique<\/li>\n<\/ul>","protected":false},"excerpt":{"rendered":"<p>Schraubverschluss schwarz PCO1810: Speziell f\u00fcr PET-Flaschen konzipiert, ausgestattet mit Garantiering und Konusdichtung. Eigenschaften: Typ: Schraubverschluss f\u00fcr [&hellip;]<\/p>\n","protected":false},"featured_media":3596,"comment_status":"open","ping_status":"closed","template":"","meta":[],"product_brand":[],"product_cat":[23,24],"product_tag":[526,318,524,374,530],"class_list":{"0":"post-733","1":"product","2":"type-product","3":"status-publish","4":"has-post-thumbnail","6":"product_cat-verschluesse","7":"product_cat-lebensmittel","8":"product_tag-getraenkeverschluss","9":"product_tag-pco1810","10":"product_tag-pco28","11":"product_tag-schraubverschluss","12":"product_tag-schwarz","13":"product_shipping_class-1-3-tage-lieferzeit","14":"pa_farbe-schwarz","15":"pa_gewinde-28mm-pco1810","17":"first","18":"instock","19":"taxable","20":"shipping-taxable","21":"purchasable","22":"product-type-variable"},"_links":{"self":[{"href":"https:\/\/supermatic.ch\/fr\/wp-json\/wp\/v2\/product\/733","targetHints":{"allow":["GET"]}}],"collection":[{"href":"https:\/\/supermatic.ch\/fr\/wp-json\/wp\/v2\/product"}],"about":[{"href":"https:\/\/supermatic.ch\/fr\/wp-json\/wp\/v2\/types\/product"}],"replies":[{"embeddable":true,"href":"https:\/\/supermatic.ch\/fr\/wp-json\/wp\/v2\/comments?post=733"}],"wp:featuredmedia":[{"embeddable":true,"href":"https:\/\/supermatic.ch\/fr\/wp-json\/wp\/v2\/media\/3596"}],"wp:attachment":[{"href":"https:\/\/supermatic.ch\/fr\/wp-json\/wp\/v2\/media?parent=733"}],"wp:term":[{"taxonomy":"product_brand","embeddable":true,"href":"https:\/\/supermatic.ch\/fr\/wp-json\/wp\/v2\/product_brand?post=733"},{"taxonomy":"product_cat","embeddable":true,"href":"https:\/\/supermatic.ch\/fr\/wp-json\/wp\/v2\/product_cat?post=733"},{"taxonomy":"product_tag","embeddable":true,"href":"https:\/\/supermatic.ch\/fr\/wp-json\/wp\/v2\/product_tag?post=733"}],"curies":[{"name":"wp","href":"https:\/\/api.w.org\/{rel}","templated":true}]}}