{"id":766,"date":"2022-10-03T18:37:07","date_gmt":"2022-10-03T16:37:07","guid":{"rendered":"https:\/\/supermatic.ch\/produkt\/250ml-pet-flasche-ohne-verschluss\/"},"modified":"2024-10-03T12:10:38","modified_gmt":"2024-10-03T10:10:38","slug":"250ml-bouteille-pet-sans-fermeture","status":"publish","type":"product","link":"https:\/\/supermatic.ch\/fr\/produkte\/flaschen\/250ml-pet-flasche\/","title":{"rendered":"Bouteille PET de 250 ml"},"content":{"rendered":"<p>La bouteille en PET de 250 ml est polyvalente et convient particuli\u00e8rement aux aliments comme les jus de fruits, la sauce \u00e0 salade, le th\u00e9 glac\u00e9 ou d'autres boissons. Mais elle peut \u00e9galement \u00eatre utilis\u00e9e pour les produits de nettoyage, par exemple. Gr\u00e2ce \u00e0 sa construction transparente en PET et \u00e0 ses rainures de renfort horizontales, elle est \u00e0 la fois pratique et stable.<\/p>\n<p><strong>Caract\u00e9ristiques :<\/strong><\/p>\n<ul>\n<li>Mat\u00e9riau : PET, transparent<\/li>\n<li>Particularit\u00e9 : Rainures de renfort horizontales<\/li>\n<li>Diam\u00e8tre : 59mm<\/li>\n<li>hauteur : 151mm<\/li>\n<li>Utilisation recommand\u00e9e : Jus de fruits, boissons sucr\u00e9es et autres liquides.<\/li>\n<\/ul>","protected":false},"excerpt":{"rendered":"<p>Die 250ml PET-Flasche ist vielseitig einsetzbar und eignet sich besonders f\u00fcr Lebensmittel wie Fruchts\u00e4fte, Salatsauce, Eistee [&hellip;]<\/p>\n","protected":false},"featured_media":3606,"comment_status":"open","ping_status":"closed","template":"","meta":[],"product_brand":[],"product_cat":[15,24],"product_tag":[336,326,80,320,321,314,318,313,331,330,343,315,316,317],"class_list":{"0":"post-766","1":"product","2":"type-product","3":"status-publish","4":"has-post-thumbnail","6":"product_cat-flaschen","7":"product_cat-lebensmittel","8":"product_tag-desinfektionsmittel","9":"product_tag-eistee","10":"product_tag-flasche","11":"product_tag-fruchtsaft","12":"product_tag-fruchtsaftflasche","13":"product_tag-getraenkeflasche","14":"product_tag-pco1810","15":"product_tag-pet","16":"product_tag-reinigungsflasche","17":"product_tag-reinigungsmittel","18":"product_tag-rundflasche","19":"product_tag-salatsauce","20":"product_tag-salatsosse","21":"product_tag-transparent","22":"product_shipping_class-1-3-tage-lieferzeit","23":"pa_farbe-transparent","24":"pa_form-rund","25":"pa_fuellmenge-133","26":"pa_gewinde-28mm-pco1810","27":"pa_material-pet","29":"first","30":"instock","31":"taxable","32":"shipping-taxable","33":"purchasable","34":"product-type-variable"},"_links":{"self":[{"href":"https:\/\/supermatic.ch\/fr\/wp-json\/wp\/v2\/product\/766","targetHints":{"allow":["GET"]}}],"collection":[{"href":"https:\/\/supermatic.ch\/fr\/wp-json\/wp\/v2\/product"}],"about":[{"href":"https:\/\/supermatic.ch\/fr\/wp-json\/wp\/v2\/types\/product"}],"replies":[{"embeddable":true,"href":"https:\/\/supermatic.ch\/fr\/wp-json\/wp\/v2\/comments?post=766"}],"wp:featuredmedia":[{"embeddable":true,"href":"https:\/\/supermatic.ch\/fr\/wp-json\/wp\/v2\/media\/3606"}],"wp:attachment":[{"href":"https:\/\/supermatic.ch\/fr\/wp-json\/wp\/v2\/media?parent=766"}],"wp:term":[{"taxonomy":"product_brand","embeddable":true,"href":"https:\/\/supermatic.ch\/fr\/wp-json\/wp\/v2\/product_brand?post=766"},{"taxonomy":"product_cat","embeddable":true,"href":"https:\/\/supermatic.ch\/fr\/wp-json\/wp\/v2\/product_cat?post=766"},{"taxonomy":"product_tag","embeddable":true,"href":"https:\/\/supermatic.ch\/fr\/wp-json\/wp\/v2\/product_tag?post=766"}],"curies":[{"name":"wp","href":"https:\/\/api.w.org\/{rel}","templated":true}]}}