{"id":789,"date":"2022-10-03T18:37:15","date_gmt":"2022-10-03T16:37:15","guid":{"rendered":"https:\/\/supermatic.ch\/produkt\/500ml-weithalsflasche\/"},"modified":"2026-03-24T16:16:57","modified_gmt":"2026-03-24T14:16:57","slug":"bouteille-a-col-large-de-500-ml","status":"publish","type":"product","link":"https:\/\/supermatic.ch\/fr\/produkte\/flaschen\/500ml-weithalsflasche\/","title":{"rendered":"Bouteille \u00e0 col large 500ml PET"},"content":{"rendered":"<h5><strong>Bouteille \u00e0 col large de 500 ml en PET<\/strong><\/h5>\n<p>Notre bouteille d'un demi-litre \u00e0 col large en PET est le compagnon id\u00e9al pour le quotidien et les d\u00e9placements. Cette bouteille convient parfaitement aux boissons comme le th\u00e9 glac\u00e9, le cidre doux, les sodas ou la limonade.<\/p>\n<ul>\n<li><strong>mat\u00e9riel :<\/strong> PET<\/li>\n<li><strong>Capacit\u00e9 :<\/strong> 500 ml<\/li>\n<li><strong>Filetage :<\/strong> 38mm 3-Start<\/li>\n<li><strong>masse :<\/strong>\n<ul>\n<li>diam\u00e8tre : 65mm<\/li>\n<li>hauteur : 205mm<\/li>\n<\/ul>\n<\/li>\n<\/ul>","protected":false},"excerpt":{"rendered":"<p>500ml Weithalsflasche aus PET Unsere Halbliter Weithalsflasche aus PET ist der ideale Begleiter f\u00fcr den Alltag [&hellip;]<\/p>\n","protected":false},"featured_media":153,"comment_status":"open","ping_status":"closed","template":"","meta":[],"product_brand":[],"product_cat":[15,24],"product_tag":[305,320,321,314,313,315,316,317],"class_list":{"0":"post-789","1":"product","2":"type-product","3":"status-publish","4":"has-post-thumbnail","6":"product_cat-flaschen","7":"product_cat-lebensmittel","8":"product_tag-500ml","9":"product_tag-fruchtsaft","10":"product_tag-fruchtsaftflasche","11":"product_tag-getraenkeflasche","12":"product_tag-pet","13":"product_tag-salatsauce","14":"product_tag-salatsosse","15":"product_tag-transparent","16":"product_shipping_class-5-8-tage-lieferzeit","17":"pa_farbe-transparent","18":"pa_form-rund","19":"pa_fuellmenge-58","20":"pa_gewinde-38mm-3-start","21":"pa_material-pet","23":"first","24":"instock","25":"taxable","26":"shipping-taxable","27":"purchasable","28":"product-type-variable"},"_links":{"self":[{"href":"https:\/\/supermatic.ch\/fr\/wp-json\/wp\/v2\/product\/789","targetHints":{"allow":["GET"]}}],"collection":[{"href":"https:\/\/supermatic.ch\/fr\/wp-json\/wp\/v2\/product"}],"about":[{"href":"https:\/\/supermatic.ch\/fr\/wp-json\/wp\/v2\/types\/product"}],"replies":[{"embeddable":true,"href":"https:\/\/supermatic.ch\/fr\/wp-json\/wp\/v2\/comments?post=789"}],"wp:featuredmedia":[{"embeddable":true,"href":"https:\/\/supermatic.ch\/fr\/wp-json\/wp\/v2\/media\/153"}],"wp:attachment":[{"href":"https:\/\/supermatic.ch\/fr\/wp-json\/wp\/v2\/media?parent=789"}],"wp:term":[{"taxonomy":"product_brand","embeddable":true,"href":"https:\/\/supermatic.ch\/fr\/wp-json\/wp\/v2\/product_brand?post=789"},{"taxonomy":"product_cat","embeddable":true,"href":"https:\/\/supermatic.ch\/fr\/wp-json\/wp\/v2\/product_cat?post=789"},{"taxonomy":"product_tag","embeddable":true,"href":"https:\/\/supermatic.ch\/fr\/wp-json\/wp\/v2\/product_tag?post=789"}],"curies":[{"name":"wp","href":"https:\/\/api.w.org\/{rel}","templated":true}]}}