{"id":860,"date":"2022-10-03T18:37:33","date_gmt":"2022-10-03T16:37:33","guid":{"rendered":"https:\/\/supermatic.ch\/produkt\/500ml-hotfill-flasche-ohne-verschluss\/"},"modified":"2026-05-05T13:04:38","modified_gmt":"2026-05-05T11:04:38","slug":"500ml-bouteille-hotfill-sans-fermeture","status":"publish","type":"product","link":"https:\/\/supermatic.ch\/fr\/produkte\/flaschen\/hotfill-flaschen\/500ml-hotfill-flasche\/","title":{"rendered":"Bouteille HOTFILL 500ml PET"},"content":{"rendered":"<h5><strong>Bouteille HOTFILL de 500 ml en PET<\/strong><\/h5>\n<p>Sp\u00e9cialement con\u00e7u pour <a href=\"https:\/\/supermatic.ch\/fr\/hot-fill-pet-flacons-pour-remplissage-a-chaud\/\">Mise en bouteille \u00e0 chaud<\/a>. Notre bouteille HOTFILL de 500 ml en PET offre une solution s\u00fbre pour vos processus de remplissage \u00e0 chaud jusqu'\u00e0 85 degr\u00e9s. Cela s'applique par exemple aux jus de fruits, aux th\u00e9s glac\u00e9s, aux sauces, aux sirops, aux boissons sportives et \u00e9lectrolytiques ainsi qu'au lait de soja et autres produits laitiers v\u00e9g\u00e9taux.<\/p>\n<ul>\n<li><strong>mat\u00e9riel :<\/strong> PET<\/li>\n<li><strong>Capacit\u00e9 :<\/strong> 500 ml<\/li>\n<li><strong>Mise en bouteille \u00e0 chaud :<\/strong> Convient pour des temp\u00e9ratures de soutirage jusqu'\u00e0 85 degr\u00e9s<\/li>\n<li><strong>masse :<\/strong>\n<ul>\n<li>diam\u00e8tre : 68mm<\/li>\n<li>hauteur : 200mm<\/li>\n<\/ul>\n<\/li>\n<\/ul>\n<p>Faites confiance \u00e0 la qualit\u00e9 et \u00e0 la fiabilit\u00e9 lorsqu'il s'agit de transvaser des liquides chauds.<\/p>","protected":false},"excerpt":{"rendered":"<p>500ml HOTFILL-Flasche aus PET Speziell konzipiert f\u00fcr Heissabf\u00fcllungen. Unsere 500ml HOTFILL-Flasche aus PET bietet die sichere [&hellip;]<\/p>\n","protected":false},"featured_media":3516,"comment_status":"open","ping_status":"closed","template":"","meta":[],"product_brand":[],"product_cat":[15,543,24],"product_tag":[],"class_list":{"0":"post-860","1":"product","2":"type-product","3":"status-publish","4":"has-post-thumbnail","6":"product_cat-flaschen","7":"product_cat-hotfill-flaschen","8":"product_cat-lebensmittel","9":"product_shipping_class-5-8-tage-lieferzeit","10":"pa_farbe-transparent","11":"pa_fuellmenge-58","12":"pa_gewinde-38mm-hotfill-2-start","13":"pa_material-pet","15":"first","16":"instock","17":"taxable","18":"shipping-taxable","19":"purchasable","20":"product-type-variable"},"_links":{"self":[{"href":"https:\/\/supermatic.ch\/fr\/wp-json\/wp\/v2\/product\/860","targetHints":{"allow":["GET"]}}],"collection":[{"href":"https:\/\/supermatic.ch\/fr\/wp-json\/wp\/v2\/product"}],"about":[{"href":"https:\/\/supermatic.ch\/fr\/wp-json\/wp\/v2\/types\/product"}],"replies":[{"embeddable":true,"href":"https:\/\/supermatic.ch\/fr\/wp-json\/wp\/v2\/comments?post=860"}],"wp:featuredmedia":[{"embeddable":true,"href":"https:\/\/supermatic.ch\/fr\/wp-json\/wp\/v2\/media\/3516"}],"wp:attachment":[{"href":"https:\/\/supermatic.ch\/fr\/wp-json\/wp\/v2\/media?parent=860"}],"wp:term":[{"taxonomy":"product_brand","embeddable":true,"href":"https:\/\/supermatic.ch\/fr\/wp-json\/wp\/v2\/product_brand?post=860"},{"taxonomy":"product_cat","embeddable":true,"href":"https:\/\/supermatic.ch\/fr\/wp-json\/wp\/v2\/product_cat?post=860"},{"taxonomy":"product_tag","embeddable":true,"href":"https:\/\/supermatic.ch\/fr\/wp-json\/wp\/v2\/product_tag?post=860"}],"curies":[{"name":"wp","href":"https:\/\/api.w.org\/{rel}","templated":true}]}}