{"id":878,"date":"2022-10-03T18:37:39","date_gmt":"2022-10-03T16:37:39","guid":{"rendered":"https:\/\/supermatic.ch\/produkt\/1000ml-pet-flasche-ohne-verschluss\/"},"modified":"2025-06-17T21:16:25","modified_gmt":"2025-06-17T19:16:25","slug":"1000ml-bouteille-pet-sans-fermeture","status":"publish","type":"product","link":"https:\/\/supermatic.ch\/fr\/produkte\/lebensmittel\/1000ml-pet-flasche-ohne-verschluss\/","title":{"rendered":"Bouteille PET de 1000 ml"},"content":{"rendered":"<p>PET transparent<br \/>\navec poign\u00e9e encastr\u00e9e<br \/>\ndiam\u00e8tre 90mm<br \/>\nhauteur 220mm<\/p>","protected":false},"excerpt":{"rendered":"<p>PET transparent avec poign\u00e9e encastr\u00e9e Diam\u00e8tre 90mm Hauteur 220mm<\/p>","protected":false},"featured_media":3614,"comment_status":"open","ping_status":"closed","template":"","meta":[],"product_brand":[],"product_cat":[24,15],"product_tag":[],"class_list":{"0":"post-878","1":"product","2":"type-product","3":"status-publish","4":"has-post-thumbnail","6":"product_cat-lebensmittel","7":"product_cat-flaschen","8":"product_shipping_class-3-5-tage-lieferzeit","9":"pa_farbe-transparent","10":"pa_fuellmenge-91","11":"pa_gewinde-28mm-pco1810","12":"pa_material-pet","14":"first","15":"instock","16":"taxable","17":"shipping-taxable","18":"purchasable","19":"product-type-variable"},"_links":{"self":[{"href":"https:\/\/supermatic.ch\/fr\/wp-json\/wp\/v2\/product\/878","targetHints":{"allow":["GET"]}}],"collection":[{"href":"https:\/\/supermatic.ch\/fr\/wp-json\/wp\/v2\/product"}],"about":[{"href":"https:\/\/supermatic.ch\/fr\/wp-json\/wp\/v2\/types\/product"}],"replies":[{"embeddable":true,"href":"https:\/\/supermatic.ch\/fr\/wp-json\/wp\/v2\/comments?post=878"}],"wp:featuredmedia":[{"embeddable":true,"href":"https:\/\/supermatic.ch\/fr\/wp-json\/wp\/v2\/media\/3614"}],"wp:attachment":[{"href":"https:\/\/supermatic.ch\/fr\/wp-json\/wp\/v2\/media?parent=878"}],"wp:term":[{"taxonomy":"product_brand","embeddable":true,"href":"https:\/\/supermatic.ch\/fr\/wp-json\/wp\/v2\/product_brand?post=878"},{"taxonomy":"product_cat","embeddable":true,"href":"https:\/\/supermatic.ch\/fr\/wp-json\/wp\/v2\/product_cat?post=878"},{"taxonomy":"product_tag","embeddable":true,"href":"https:\/\/supermatic.ch\/fr\/wp-json\/wp\/v2\/product_tag?post=878"}],"curies":[{"name":"wp","href":"https:\/\/api.w.org\/{rel}","templated":true}]}}