{"id":959,"date":"2022-10-03T18:38:04","date_gmt":"2022-10-03T16:38:04","guid":{"rendered":"https:\/\/supermatic.ch\/produkt\/500ml-sprueh-rundflasche-weiss\/"},"modified":"2026-01-15T10:34:53","modified_gmt":"2026-01-15T08:34:53","slug":"500ml-bouteille-ronde-blanc","status":"publish","type":"product","link":"https:\/\/supermatic.ch\/fr\/produkte\/flaschen\/500ml-sprueh-rundflasche-weiss\/","title":{"rendered":"Vaporisateur\/bouteille ronde de 500ml blanc, 28\/400"},"content":{"rendered":"<p>masse :<br \/>\nhauteur 205mm<br \/>\ndiam\u00e8tre 62mm<br \/>\nhauteur max. d'\u00e9tiquetage : 160mm<br \/>\n&nbsp;<\/p>\n<p>plus grandes quantit\u00e9s et autres couleurs sur demande !<\/p>","protected":false},"excerpt":{"rendered":"<p>Dimensions : hauteur 205mm diam\u00e8tre 62mm hauteur max. d'\u00e9tiquetage : 160mm plus grandes quantit\u00e9s et autres couleurs sur demande !<\/p>","protected":false},"featured_media":3759,"comment_status":"open","ping_status":"closed","template":"","meta":[],"product_brand":[],"product_cat":[15,26],"product_tag":[],"class_list":{"0":"post-959","1":"product","2":"type-product","3":"status-publish","4":"has-post-thumbnail","6":"product_cat-flaschen","7":"product_cat-chemikalien","8":"product_shipping_class-5-8-tage-lieferzeit","9":"pa_farbe-weiss","10":"pa_form-rund","11":"pa_fuellmenge-58","12":"pa_gewinde-28-400","13":"pa_material-hd-pe","15":"first","16":"instock","17":"taxable","18":"shipping-taxable","19":"purchasable","20":"product-type-variable"},"_links":{"self":[{"href":"https:\/\/supermatic.ch\/fr\/wp-json\/wp\/v2\/product\/959","targetHints":{"allow":["GET"]}}],"collection":[{"href":"https:\/\/supermatic.ch\/fr\/wp-json\/wp\/v2\/product"}],"about":[{"href":"https:\/\/supermatic.ch\/fr\/wp-json\/wp\/v2\/types\/product"}],"replies":[{"embeddable":true,"href":"https:\/\/supermatic.ch\/fr\/wp-json\/wp\/v2\/comments?post=959"}],"wp:featuredmedia":[{"embeddable":true,"href":"https:\/\/supermatic.ch\/fr\/wp-json\/wp\/v2\/media\/3759"}],"wp:attachment":[{"href":"https:\/\/supermatic.ch\/fr\/wp-json\/wp\/v2\/media?parent=959"}],"wp:term":[{"taxonomy":"product_brand","embeddable":true,"href":"https:\/\/supermatic.ch\/fr\/wp-json\/wp\/v2\/product_brand?post=959"},{"taxonomy":"product_cat","embeddable":true,"href":"https:\/\/supermatic.ch\/fr\/wp-json\/wp\/v2\/product_cat?post=959"},{"taxonomy":"product_tag","embeddable":true,"href":"https:\/\/supermatic.ch\/fr\/wp-json\/wp\/v2\/product_tag?post=959"}],"curies":[{"name":"wp","href":"https:\/\/api.w.org\/{rel}","templated":true}]}}