{"id":10,"date":"2022-08-12T13:30:02","date_gmt":"2022-08-12T11:30:02","guid":{"rendered":"https:\/\/supermatic.ch\/?page_id=10"},"modified":"2023-07-21T13:04:20","modified_gmt":"2023-07-21T11:04:20","slug":"agb","status":"publish","type":"page","link":"https:\/\/supermatic.ch\/it\/agb\/","title":{"rendered":"AGB"},"content":{"rendered":"<h2 class=\"wp-block-heading has-medium-font-size\"><u>Citazioni<\/u><\/h2>\n\n\n\n<p>Tutte le nostre quotazioni sono soggette a modifiche senza preavviso. Il contratto individuale si conclude con la conferma scritta dell'ordine del cliente da parte di Supermatic. Non saranno accettati altri elaborati se non concordati per iscritto.<\/p>\n\n\n\n<h2 class=\"wp-block-heading has-medium-font-size\">Quantit\u00e0 consegnate<\/h2>\n\n\n\n<p>I dati corrispondenti nella conferma d'ordine di Supermatic sono vincolanti. Gli scostamenti di quantit\u00e0 legati alla produzione rispetto a <strong>pi\u00f9\/meno 10%<\/strong> sono abituali nel settore e non giustificano alcuna pretesa da parte dell'acquirente.<\/p>\n\n\n\n<h2 class=\"wp-block-heading has-medium-font-size\">Prezzi<\/h2>\n\n\n\n<p>Il prezzo indicato nella conferma d'ordine \u00e8 valido solo per questo ordine. I prezzi possono essere adeguati per gli ordini finali che non sono stati presi entro un anno.<br>L'imposta sul valore aggiunto (IVA) svizzera non \u00e8 inclusa nei prezzi.<\/p>\n\n\n\n<h2 class=\"wp-block-heading has-medium-font-size\"><u>Mantenimento del titolo<\/u><\/h2>\n\n\n\n<p>La merce diventa di propriet\u00e0 dell'acquirente solo dopo che il pagamento \u00e8 stato effettuato per intero.<\/p>\n\n\n\n<h2 class=\"wp-block-heading has-medium-font-size\"><u>Consegne<\/u><\/h2>\n\n\n\n<p>La consegna avviene franco fabbrica Uster ed \u00e8 a rischio del destinatario. L'azienda di trasporto \u00e8 responsabile dei danni alla merce e non possono essere addebitati a Supermatic.<\/p>\n\n\n\n<h2 class=\"wp-block-heading has-medium-font-size\">Moduli<\/h2>\n\n\n\n<p>Questi rimarranno sempre di nostra propriet\u00e0. Anche se il cliente si \u00e8 accollato una parte dei costi degli utensili, non pu\u00f2 pretendere la consegna degli stessi. D'altra parte, tali merci non possono essere consegnate a terzi senza l'esplicito consenso del cliente. <strong>Le modifiche e le riparazioni di tali strumenti saranno a carico dell'Acquirente.<\/strong> e prolungare automaticamente il periodo di consegna concordato. Se la quantit\u00e0 totale dell'ordine non viene accettata nei tempi previsti, Supermatic ha il diritto di richiedere ulteriori costi di attrezzaggio non coperti e di smaltire liberamente gli utensili. Supermatic immagazziner\u00e0 e manterr\u00e0 gli strumenti gratuitamente per tre anni dopo il loro utilizzo. Allo scadere di tale periodo Supermatic \u00e8 esonerata da ogni ulteriore obbligo e pu\u00f2 disporre liberamente degli strumenti.<\/p>\n\n\n\n<h2 class=\"wp-block-heading has-medium-font-size\">Reclami<\/h2>\n\n\n\n<p>I reclami saranno esaminati e riconosciuti solo se segnalati per iscritto entro e non oltre 9 giorni dal ricevimento della merce, allegando un campione. Non ci assumiamo alcuna responsabilit\u00e0 per difetti segreti. I reclami successivi non possono essere accettati. Se il reclamo \u00e8 giustificato, possiamo, a nostra discrezione, consegnare una sostituzione senza difetti entro un periodo di tempo ragionevole o concedere una riduzione di prezzo adeguata. Il cliente deve testare personalmente l'idoneit\u00e0 dei prodotti prima di metterli in circolazione. Non viene data alcuna garanzia in merito, a meno che non siano stati presi accordi speciali. (La compatibilit\u00e0 tra il prodotto e l'imballaggio deve essere verificata dal riempitore). Sono escluse ulteriori richieste come ad esempio la sostituzione del contenuto, il risarcimento dei danni conseguenti, i richiami, i salari, i costi di trasporto ecc. La responsabilit\u00e0 del produttore si estende solo al valore dei prodotti consegnati. Il produttore non \u00e8 responsabile della loro idoneit\u00e0 in relazione al contenuto della confezione.<\/p>\n\n\n\n<h2 class=\"wp-block-heading has-medium-font-size\">Diritti di propriet\u00e0<\/h2>\n\n\n\n<p>Nella misura in cui gli articoli vengono prodotti in base a disegni, modelli o campioni del cliente, quest'ultimo garantisce che non vengono violati i diritti di propriet\u00e0 industriale di terzi. Egli si assume tutti i danni che potrebbero derivare da tali violazioni.<br>Se la merce viene prodotta secondo i nostri suggerimenti, questi rimangono di nostra propriet\u00e0 intellettuale e non possono essere resi accessibili a terzi o a diritti di propriet\u00e0 industriale registrati dal cliente senza il nostro consenso scritto.<\/p>\n\n\n\n<h2 class=\"wp-block-heading has-medium-font-size\"><u>Recesso dal contratto<\/u><\/h2>\n\n\n\n<p>Ci riserviamo il diritto di recedere dal contratto nel caso in cui, a causa di circostanze\/condizioni straordinarie come, ad esempio, a seguito di un coinvolgimento bellico o di misure coercitive governative di qualsiasi tipo all'estero o in patria (divieti o restrizioni all'importazione\/esportazione, aumenti doganali, variazioni valutarie, aumenti dei prezzi dei materiali o dei salari, ecc.), diventi pi\u00f9 difficile per noi consegnare la merce. ) \u00e8 reso pi\u00f9 difficile in misura superiore alle fluttuazioni dell'economia, che pure sono normali in circostanze normali. In caso di tale recesso, l'acquirente non avr\u00e0 diritto ad alcun risarcimento. Invece di recedere dal contratto, possiamo, in particolare in caso di aumento dei prezzi delle materie prime e dei salari e di utilizzo di materiali sostitutivi, aumentare di conseguenza i prezzi di vendita concordati.<\/p>\n\n\n\n<h2 class=\"wp-block-heading has-medium-font-size\">Luogo di esecuzione e giurisdizione<\/h2>\n\n\n\n<p>Il luogo di esecuzione e la giurisdizione per entrambe le parti \u00e8 <strong>Uster ZH<\/strong>. Tutte le controversie tra le parti contraenti saranno disciplinate esclusivamente dal diritto svizzero, ad esclusione delle convenzioni internazionali. Tuttavia, abbiamo anche il diritto di adire i tribunali della sede dell'acquirente.<\/p>","protected":false},"excerpt":{"rendered":"<p>Offerten Alle unsere Offerten erfolgen freibleibend. Der einzelne Vertrag wird abgeschlossen, indem Supermatic den Auftrag des [&hellip;]<\/p>\n","protected":false},"author":1,"featured_media":0,"parent":0,"menu_order":0,"comment_status":"closed","ping_status":"closed","template":"","meta":{"footnotes":""},"class_list":["post-10","page","type-page","status-publish","hentry"],"_links":{"self":[{"href":"https:\/\/supermatic.ch\/it\/wp-json\/wp\/v2\/pages\/10","targetHints":{"allow":["GET"]}}],"collection":[{"href":"https:\/\/supermatic.ch\/it\/wp-json\/wp\/v2\/pages"}],"about":[{"href":"https:\/\/supermatic.ch\/it\/wp-json\/wp\/v2\/types\/page"}],"author":[{"embeddable":true,"href":"https:\/\/supermatic.ch\/it\/wp-json\/wp\/v2\/users\/1"}],"replies":[{"embeddable":true,"href":"https:\/\/supermatic.ch\/it\/wp-json\/wp\/v2\/comments?post=10"}],"version-history":[{"count":0,"href":"https:\/\/supermatic.ch\/it\/wp-json\/wp\/v2\/pages\/10\/revisions"}],"wp:attachment":[{"href":"https:\/\/supermatic.ch\/it\/wp-json\/wp\/v2\/media?parent=10"}],"curies":[{"name":"wp","href":"https:\/\/api.w.org\/{rel}","templated":true}]}}