{"id":11,"date":"2022-08-08T13:58:02","date_gmt":"2022-08-08T11:58:02","guid":{"rendered":"https:\/\/supermatic.ch\/?post_type=product&#038;p=11"},"modified":"2024-10-03T12:10:41","modified_gmt":"2024-10-03T10:10:41","slug":"250ml-vierkantflasche-28-400","status":"publish","type":"product","link":"https:\/\/supermatic.ch\/it\/produkte\/flaschen\/250ml-vierkantflasche\/","title":{"rendered":"Bottiglia quadrata da 250 ml naturale"},"content":{"rendered":"<p>La bottiglia quadrata da 250 ml, in finitura non colorata, presenta una nervatura laterale che non solo offre una maggiore presa, ma \u00e8 anche un'accattivante caratteristica estetica. Con una filettatura di 28\/400, \u00e8 versatile.<\/p>\n<p><strong>Propriet\u00e0:<\/strong><\/p>\n<ul>\n<li>Colore: Non tinto<\/li>\n<li>Particolarit\u00e0: nervature laterali<\/li>\n<li>Thread: 28\/400<\/li>\n<li>Massa:\n<ul>\n<li>Altezza: 128 mm<\/li>\n<li>Larghezza: 58 mm<\/li>\n<li>Profondit\u00e0: 47 mm<\/li>\n<\/ul>\n<\/li>\n<\/ul>","protected":false},"excerpt":{"rendered":"<p>Die 250ml Vierkantflasche in ungef\u00e4rbter Ausf\u00fchrung verf\u00fcgt \u00fcber eine seitliche Riffelung, die nicht nur f\u00fcr zus\u00e4tzliche [&hellip;]<\/p>\n","protected":false},"featured_media":3851,"comment_status":"open","ping_status":"closed","template":"","meta":[],"product_brand":[],"product_cat":[15,26,25],"product_tag":[],"class_list":{"0":"post-11","1":"product","2":"type-product","3":"status-publish","4":"has-post-thumbnail","6":"product_cat-flaschen","7":"product_cat-chemikalien","8":"product_cat-kosmetik","9":"product_shipping_class-1-3-tage-lieferzeit","10":"pa_farbe-farblos","11":"pa_form-eckig","12":"pa_fuellmenge-133","13":"pa_gewinde-28-400","14":"pa_material-hd-pe","16":"first","17":"instock","18":"taxable","19":"shipping-taxable","20":"purchasable","21":"product-type-variable"},"_links":{"self":[{"href":"https:\/\/supermatic.ch\/it\/wp-json\/wp\/v2\/product\/11","targetHints":{"allow":["GET"]}}],"collection":[{"href":"https:\/\/supermatic.ch\/it\/wp-json\/wp\/v2\/product"}],"about":[{"href":"https:\/\/supermatic.ch\/it\/wp-json\/wp\/v2\/types\/product"}],"replies":[{"embeddable":true,"href":"https:\/\/supermatic.ch\/it\/wp-json\/wp\/v2\/comments?post=11"}],"wp:featuredmedia":[{"embeddable":true,"href":"https:\/\/supermatic.ch\/it\/wp-json\/wp\/v2\/media\/3851"}],"wp:attachment":[{"href":"https:\/\/supermatic.ch\/it\/wp-json\/wp\/v2\/media?parent=11"}],"wp:term":[{"taxonomy":"product_brand","embeddable":true,"href":"https:\/\/supermatic.ch\/it\/wp-json\/wp\/v2\/product_brand?post=11"},{"taxonomy":"product_cat","embeddable":true,"href":"https:\/\/supermatic.ch\/it\/wp-json\/wp\/v2\/product_cat?post=11"},{"taxonomy":"product_tag","embeddable":true,"href":"https:\/\/supermatic.ch\/it\/wp-json\/wp\/v2\/product_tag?post=11"}],"curies":[{"name":"wp","href":"https:\/\/api.w.org\/{rel}","templated":true}]}}