{"id":1280,"date":"2022-10-03T18:39:39","date_gmt":"2022-10-03T16:39:39","guid":{"rendered":"https:\/\/supermatic.ch\/produkt\/60ml-sirupflasche-aus-braunglas-pp28\/"},"modified":"2024-10-03T12:10:25","modified_gmt":"2024-10-03T10:10:25","slug":"60ml-bottiglia-di-sciroppo-di-vetro-marrone-pp28","status":"publish","type":"product","link":"https:\/\/supermatic.ch\/it\/produkte\/flaschen\/60ml-sirupflasche-braunglas\/","title":{"rendered":"Bottiglia per sciroppi in vetro ambrato da 60 ml PP28"},"content":{"rendered":"<p>Questa piccola bottiglia per sciroppi in vetro ambrato da 60 ml con filettatura PP28 \u00e8 versatile e di qualit\u00e0 durevole. Il vetro ambrato non solo fornisce un'eccellente protezione dalla luce per preservare la qualit\u00e0 del contenuto, ma lo rende anche esteticamente gradevole.<\/p>\n<p>\u00c8 adatto anche per cosmetici come creme, lozioni, unguenti, tinture e molto altro.<\/p>\n<p><strong>Dettagli del prodotto:<\/strong><\/p>\n<p><strong>Massa:<\/strong><\/p>\n<ul>\n<li>Altezza<strong>:<\/strong> 96 mm<\/li>\n<li>Diametro<strong>:<\/strong> 38,5 mm<\/li>\n<\/ul>\n<p><strong>Unit\u00e0:<\/strong><\/p>\n<ul>\n<li>1 cartone da 254 pezzi<\/li>\n<li>1 pallet \u00e0 7620 pezzi<\/li>\n<\/ul>","protected":false},"excerpt":{"rendered":"<p>Diese kleine 60ml Sirupflasche aus Braunglas mit einem PP28-Gewinde ist vielseitig einsetzbar und zeichnet sich durch [&hellip;]<\/p>\n","protected":false},"featured_media":3418,"comment_status":"open","ping_status":"closed","template":"","meta":[],"product_brand":[],"product_cat":[15,26,25,24,55],"product_tag":[],"class_list":{"0":"post-1280","1":"product","2":"type-product","3":"status-publish","4":"has-post-thumbnail","6":"product_cat-flaschen","7":"product_cat-chemikalien","8":"product_cat-kosmetik","9":"product_cat-lebensmittel","10":"product_cat-nachhaltig","11":"product_shipping_class-3-5-tage-lieferzeit","12":"pa_farbe-braun","13":"pa_fuellmenge-178","14":"pa_gewinde-pp-28","15":"pa_material-glas","17":"first","18":"instock","19":"taxable","20":"shipping-taxable","21":"purchasable","22":"product-type-simple"},"_links":{"self":[{"href":"https:\/\/supermatic.ch\/it\/wp-json\/wp\/v2\/product\/1280","targetHints":{"allow":["GET"]}}],"collection":[{"href":"https:\/\/supermatic.ch\/it\/wp-json\/wp\/v2\/product"}],"about":[{"href":"https:\/\/supermatic.ch\/it\/wp-json\/wp\/v2\/types\/product"}],"replies":[{"embeddable":true,"href":"https:\/\/supermatic.ch\/it\/wp-json\/wp\/v2\/comments?post=1280"}],"wp:featuredmedia":[{"embeddable":true,"href":"https:\/\/supermatic.ch\/it\/wp-json\/wp\/v2\/media\/3418"}],"wp:attachment":[{"href":"https:\/\/supermatic.ch\/it\/wp-json\/wp\/v2\/media?parent=1280"}],"wp:term":[{"taxonomy":"product_brand","embeddable":true,"href":"https:\/\/supermatic.ch\/it\/wp-json\/wp\/v2\/product_brand?post=1280"},{"taxonomy":"product_cat","embeddable":true,"href":"https:\/\/supermatic.ch\/it\/wp-json\/wp\/v2\/product_cat?post=1280"},{"taxonomy":"product_tag","embeddable":true,"href":"https:\/\/supermatic.ch\/it\/wp-json\/wp\/v2\/product_tag?post=1280"}],"curies":[{"name":"wp","href":"https:\/\/api.w.org\/{rel}","templated":true}]}}