{"id":1282,"date":"2022-10-03T18:39:39","date_gmt":"2022-10-03T16:39:39","guid":{"rendered":"https:\/\/supermatic.ch\/produkt\/250ml-sirupflasche-aus-braunglas-pp28\/"},"modified":"2024-10-03T12:10:24","modified_gmt":"2024-10-03T10:10:24","slug":"250ml-bottiglia-di-sciroppo-in-vetro-marrone-pp28","status":"publish","type":"product","link":"https:\/\/supermatic.ch\/it\/produkte\/flaschen\/250ml-sirupflasche-braunglas\/","title":{"rendered":"Bottiglia per sciroppo in vetro ambrato da 250 ml PP28"},"content":{"rendered":"<p>Questa bottiglia per sciroppi in vetro ambrato da 250 ml con filettatura PP28 \u00e8 versatile e di qualit\u00e0 durevole. Il vetro ambrato non solo fornisce un'eccellente protezione dalla luce per preservare la qualit\u00e0 del contenuto, ma lo rende anche esteticamente gradevole.<\/p>\n<p>In combinazione con un dispenser di sapone, \u00e8 ideale anche per l'utilizzo di saponi, lozioni o disinfettanti.<\/p>\n<p><strong>Dettagli del prodotto:<\/strong><\/p>\n<p><strong>Massa:<\/strong><\/p>\n<ul>\n<li>Altezza<strong>:<\/strong> 143 mm<\/li>\n<li>Diametro<strong>:<\/strong> 62 mm<\/li>\n<\/ul>\n<p><strong>Unit\u00e0:<\/strong><\/p>\n<ul>\n<li>1 cartone da 180 pezzi<\/li>\n<li>1 pallet \u00e0 2220 pezzi<\/li>\n<\/ul>","protected":false},"excerpt":{"rendered":"<p>Diese 250ml Sirupflasche aus Braunglas mit einem PP28-Gewinde ist vielseitig einsetzbar und zeichnet sich durch ihre [&hellip;]<\/p>\n","protected":false},"featured_media":3424,"comment_status":"open","ping_status":"closed","template":"","meta":[],"product_brand":[],"product_cat":[15],"product_tag":[],"class_list":{"0":"post-1282","1":"product","2":"type-product","3":"status-publish","4":"has-post-thumbnail","6":"product_cat-flaschen","7":"product_shipping_class-3-5-tage-lieferzeit","8":"pa_farbe-braun","9":"pa_form-rund","10":"pa_fuellmenge-133","11":"pa_gewinde-pp-28","12":"pa_material-glas","14":"first","15":"instock","16":"taxable","17":"shipping-taxable","18":"purchasable","19":"product-type-simple"},"_links":{"self":[{"href":"https:\/\/supermatic.ch\/it\/wp-json\/wp\/v2\/product\/1282","targetHints":{"allow":["GET"]}}],"collection":[{"href":"https:\/\/supermatic.ch\/it\/wp-json\/wp\/v2\/product"}],"about":[{"href":"https:\/\/supermatic.ch\/it\/wp-json\/wp\/v2\/types\/product"}],"replies":[{"embeddable":true,"href":"https:\/\/supermatic.ch\/it\/wp-json\/wp\/v2\/comments?post=1282"}],"wp:featuredmedia":[{"embeddable":true,"href":"https:\/\/supermatic.ch\/it\/wp-json\/wp\/v2\/media\/3424"}],"wp:attachment":[{"href":"https:\/\/supermatic.ch\/it\/wp-json\/wp\/v2\/media?parent=1282"}],"wp:term":[{"taxonomy":"product_brand","embeddable":true,"href":"https:\/\/supermatic.ch\/it\/wp-json\/wp\/v2\/product_brand?post=1282"},{"taxonomy":"product_cat","embeddable":true,"href":"https:\/\/supermatic.ch\/it\/wp-json\/wp\/v2\/product_cat?post=1282"},{"taxonomy":"product_tag","embeddable":true,"href":"https:\/\/supermatic.ch\/it\/wp-json\/wp\/v2\/product_tag?post=1282"}],"curies":[{"name":"wp","href":"https:\/\/api.w.org\/{rel}","templated":true}]}}