{"id":1288,"date":"2022-10-03T18:39:39","date_gmt":"2022-10-03T16:39:39","guid":{"rendered":"https:\/\/supermatic.ch\/produkt\/125ml-sirupflasche-aus-braunglas-pp28\/"},"modified":"2024-10-03T12:10:24","modified_gmt":"2024-10-03T10:10:24","slug":"125ml-syrup-bottle-of-brown-glass-pp28","status":"publish","type":"product","link":"https:\/\/supermatic.ch\/it\/produkte\/flaschen\/125ml-sirupflasche-braunglas\/","title":{"rendered":"Bottiglia per sciroppi in vetro ambrato da 125 ml PP28"},"content":{"rendered":"<p>Questa bottiglia per sciroppi in vetro ambrato da 125 ml con filettatura PP28 \u00e8 versatile e caratterizzata da una qualit\u00e0 duratura. Il vetro ambrato non solo offre un'eccellente protezione dalla luce per preservare la qualit\u00e0 del contenuto, ma lo rende anche esteticamente gradevole.<\/p>\n<p>In combinazione con un dispenser di sapone, \u00e8 ideale anche per l'utilizzo di saponi, lozioni o disinfettanti.<\/p>\n<p><strong>Dettagli del prodotto:<\/strong><\/p>\n<p><strong>Massa:<\/strong><\/p>\n<ul>\n<li>Altezza<strong>:<\/strong> 114 mm<\/li>\n<li>Diametro<strong>:<\/strong> 49 mm<\/li>\n<\/ul>\n<p><strong>Unit\u00e0:<\/strong><\/p>\n<ul>\n<li>1 scatola da 312 pezzi<\/li>\n<li>1 pallet di 3328 pezzi<\/li>\n<\/ul>","protected":false},"excerpt":{"rendered":"<p>Diese 125ml Sirupflasche aus Braunglas mit einem PP28-Gewinde ist vielseitig einsetzbar und zeichnet sich durch ihre [&hellip;]<\/p>\n","protected":false},"featured_media":3420,"comment_status":"open","ping_status":"closed","template":"","meta":[],"product_brand":[],"product_cat":[15,26,25,24,55],"product_tag":[],"class_list":{"0":"post-1288","1":"product","2":"type-product","3":"status-publish","4":"has-post-thumbnail","6":"product_cat-flaschen","7":"product_cat-chemikalien","8":"product_cat-kosmetik","9":"product_cat-lebensmittel","10":"product_cat-nachhaltig","11":"product_shipping_class-3-5-tage-lieferzeit","12":"pa_farbe-braun","13":"pa_form-rund","14":"pa_fuellmenge-45","15":"pa_gewinde-pp-28","16":"pa_material-glas","18":"first","19":"instock","20":"taxable","21":"shipping-taxable","22":"purchasable","23":"product-type-simple"},"_links":{"self":[{"href":"https:\/\/supermatic.ch\/it\/wp-json\/wp\/v2\/product\/1288","targetHints":{"allow":["GET"]}}],"collection":[{"href":"https:\/\/supermatic.ch\/it\/wp-json\/wp\/v2\/product"}],"about":[{"href":"https:\/\/supermatic.ch\/it\/wp-json\/wp\/v2\/types\/product"}],"replies":[{"embeddable":true,"href":"https:\/\/supermatic.ch\/it\/wp-json\/wp\/v2\/comments?post=1288"}],"wp:featuredmedia":[{"embeddable":true,"href":"https:\/\/supermatic.ch\/it\/wp-json\/wp\/v2\/media\/3420"}],"wp:attachment":[{"href":"https:\/\/supermatic.ch\/it\/wp-json\/wp\/v2\/media?parent=1288"}],"wp:term":[{"taxonomy":"product_brand","embeddable":true,"href":"https:\/\/supermatic.ch\/it\/wp-json\/wp\/v2\/product_brand?post=1288"},{"taxonomy":"product_cat","embeddable":true,"href":"https:\/\/supermatic.ch\/it\/wp-json\/wp\/v2\/product_cat?post=1288"},{"taxonomy":"product_tag","embeddable":true,"href":"https:\/\/supermatic.ch\/it\/wp-json\/wp\/v2\/product_tag?post=1288"}],"curies":[{"name":"wp","href":"https:\/\/api.w.org\/{rel}","templated":true}]}}