{"id":1328,"date":"2022-10-03T18:39:45","date_gmt":"2022-10-03T16:39:45","guid":{"rendered":"https:\/\/supermatic.ch\/produkt\/200ml-rundflasche-aus-klarglas\/"},"modified":"2024-10-03T12:10:24","modified_gmt":"2024-10-03T10:10:24","slug":"200ml-bottiglia-rotonda-dal-vetro-chiaro","status":"publish","type":"product","link":"https:\/\/supermatic.ch\/it\/produkte\/flaschen\/200ml-rundflasche-aus-klarglas\/","title":{"rendered":"Bottiglia rotonda da 200 ml in vetro trasparente, 24\/410"},"content":{"rendered":"<p>Altezza: 136 mm<br \/>\nDiametro: 56,1 mm<br \/>\nAltezza massima di etichettatura: 100 mm<\/p>\n<p>1 unit\u00e0 \u00e0 24 pezzi.<br \/>\n1 pallet da 1536 pezzi.<\/p>","protected":false},"excerpt":{"rendered":"<p>Altezza: 136 mm Diametro: 56,1 mm Altezza massima di etichettatura: 100 mm 1 unit\u00e0 \u00e0 24 pz. 1 pallet \u00e0 1536 pz.<\/p>","protected":false},"featured_media":3405,"comment_status":"open","ping_status":"closed","template":"","meta":[],"product_brand":[],"product_cat":[15,26,25,55],"product_tag":[383,384,378],"class_list":{"0":"post-1328","1":"product","2":"type-product","3":"status-publish","4":"has-post-thumbnail","6":"product_cat-flaschen","7":"product_cat-chemikalien","8":"product_cat-kosmetik","9":"product_cat-nachhaltig","10":"product_tag-glas","11":"product_tag-klarglas","12":"product_tag-kosmetik","13":"product_shipping_class-3-5-tage-lieferzeit","14":"pa_farbe-farblos","15":"pa_farbe-transparent","16":"pa_fuellmenge-47","17":"pa_gewinde-24-410","18":"pa_material-glas","20":"first","21":"instock","22":"taxable","23":"shipping-taxable","24":"purchasable","25":"product-type-variable"},"_links":{"self":[{"href":"https:\/\/supermatic.ch\/it\/wp-json\/wp\/v2\/product\/1328","targetHints":{"allow":["GET"]}}],"collection":[{"href":"https:\/\/supermatic.ch\/it\/wp-json\/wp\/v2\/product"}],"about":[{"href":"https:\/\/supermatic.ch\/it\/wp-json\/wp\/v2\/types\/product"}],"replies":[{"embeddable":true,"href":"https:\/\/supermatic.ch\/it\/wp-json\/wp\/v2\/comments?post=1328"}],"wp:featuredmedia":[{"embeddable":true,"href":"https:\/\/supermatic.ch\/it\/wp-json\/wp\/v2\/media\/3405"}],"wp:attachment":[{"href":"https:\/\/supermatic.ch\/it\/wp-json\/wp\/v2\/media?parent=1328"}],"wp:term":[{"taxonomy":"product_brand","embeddable":true,"href":"https:\/\/supermatic.ch\/it\/wp-json\/wp\/v2\/product_brand?post=1328"},{"taxonomy":"product_cat","embeddable":true,"href":"https:\/\/supermatic.ch\/it\/wp-json\/wp\/v2\/product_cat?post=1328"},{"taxonomy":"product_tag","embeddable":true,"href":"https:\/\/supermatic.ch\/it\/wp-json\/wp\/v2\/product_tag?post=1328"}],"curies":[{"name":"wp","href":"https:\/\/api.w.org\/{rel}","templated":true}]}}