{"id":1344,"date":"2022-10-03T18:39:54","date_gmt":"2022-10-03T16:39:54","guid":{"rendered":"https:\/\/supermatic.ch\/produkt\/aluminiumschraubverschluss-mit-rollrand-28-x-13mm\/"},"modified":"2024-10-03T12:10:24","modified_gmt":"2024-10-03T10:10:24","slug":"tappo-a-vite-in-alluminio-con-bordo-arrotolabile-28-x-13-mm","status":"publish","type":"product","link":"https:\/\/supermatic.ch\/it\/produkte\/verschluesse\/aluminium-schraubverschluss-28-x-13mm\/","title":{"rendered":"Tappo a vite in alluminio con bordo arrotolato - 28 x 13 mm"},"content":{"rendered":"<p>Questo tappo a vite in alluminio, con un diametro di 28 mm e un'altezza di 13 mm, ha un bordo arrotolato e un inserto di tenuta in EPE. La chiusura garantisce la tenuta del prodotto e pu\u00f2 essere prodotta in diversi colori su richiesta del cliente e dotata di un rilievo superiore individuale.<\/p>\n<p>Dimensioni (diametro x altezza): 28x13 mm<br \/>\nInserto di tenuta: EPE<\/p>\n<p>Chiusura in alluminio con filettatura a vite, con bordo arrotolato e inserto di tenuta in EPE.<\/p>\n<p>La chiusura pu\u00f2 essere prodotta in diverse varianti di colore o (secondo i desideri del cliente) pu\u00f2 essere fornita con il rilievo superiore.<\/p>\n<p>&nbsp;<\/p>\n<p><strong><span lang=\"DE\" xml:lang=\"DE\">Imballaggio<\/span><\/strong>:<br \/>\nNumero di pezzi in cartone: 6'000 pezzi.<br \/>\nDimensioni del cartone: 600x400x300 mm<br \/>\nQuantit\u00e0 di pallet: 144'000 <span class=\"table-hili2\">Pz.<\/span><\/p>\n<p>altri colori su richiesta!<\/p>","protected":false},"excerpt":{"rendered":"<p>Dieser Aluminium-Schraubverschluss mit einem Durchmesser von 28mm und einer H\u00f6he von 13mm verf\u00fcgt \u00fcber einen Rollrand [&hellip;]<\/p>\n","protected":false},"featured_media":2570,"comment_status":"open","ping_status":"closed","template":"","meta":[],"product_brand":[],"product_cat":[23,24],"product_tag":[],"class_list":{"0":"post-1344","1":"product","2":"type-product","3":"status-publish","4":"has-post-thumbnail","6":"product_cat-verschluesse","7":"product_cat-lebensmittel","8":"pa_farbe-gold","9":"pa_farbe-variabel","10":"pa_form-rund","11":"pa_gewinde-pp-28","12":"pa_material-aluminium","14":"first","15":"instock","16":"taxable","17":"shipping-taxable","18":"purchasable","19":"product-type-simple"},"_links":{"self":[{"href":"https:\/\/supermatic.ch\/it\/wp-json\/wp\/v2\/product\/1344","targetHints":{"allow":["GET"]}}],"collection":[{"href":"https:\/\/supermatic.ch\/it\/wp-json\/wp\/v2\/product"}],"about":[{"href":"https:\/\/supermatic.ch\/it\/wp-json\/wp\/v2\/types\/product"}],"replies":[{"embeddable":true,"href":"https:\/\/supermatic.ch\/it\/wp-json\/wp\/v2\/comments?post=1344"}],"wp:featuredmedia":[{"embeddable":true,"href":"https:\/\/supermatic.ch\/it\/wp-json\/wp\/v2\/media\/2570"}],"wp:attachment":[{"href":"https:\/\/supermatic.ch\/it\/wp-json\/wp\/v2\/media?parent=1344"}],"wp:term":[{"taxonomy":"product_brand","embeddable":true,"href":"https:\/\/supermatic.ch\/it\/wp-json\/wp\/v2\/product_brand?post=1344"},{"taxonomy":"product_cat","embeddable":true,"href":"https:\/\/supermatic.ch\/it\/wp-json\/wp\/v2\/product_cat?post=1344"},{"taxonomy":"product_tag","embeddable":true,"href":"https:\/\/supermatic.ch\/it\/wp-json\/wp\/v2\/product_tag?post=1344"}],"curies":[{"name":"wp","href":"https:\/\/api.w.org\/{rel}","templated":true}]}}