{"id":1437,"date":"2022-10-03T18:40:19","date_gmt":"2022-10-03T16:40:19","guid":{"rendered":"https:\/\/supermatic.ch\/produkt\/aluminiumschraubverschluss-mit-rollrand-63-x-19mm\/"},"modified":"2024-10-03T12:10:22","modified_gmt":"2024-10-03T10:10:22","slug":"tappo-a-vite-in-alluminio-con-bordo-arrotolabile-63-x-19mm","status":"publish","type":"product","link":"https:\/\/supermatic.ch\/it\/produkte\/verschluesse\/aluminium-schraubverschluss-63-x-19mm\/","title":{"rendered":"Tappo a vite in alluminio con bordo arrotolato - 63 x 19 mm"},"content":{"rendered":"<p>Il nostro tappo a vite in alluminio con diametro di 63 mm e altezza di 19 mm \u00e8 dotato di un bordo arrotolato e di un inserto di tenuta in EPE. Garantisce una tenuta affidabile ed \u00e8 disponibile in diverse varianti di colore. Inoltre, su richiesta, il tappo pu\u00f2 essere fornito con un rilievo superiore personalizzato per dare al vostro prodotto quel qualcosa in pi\u00f9.<\/p>\n<p>Dimensioni (diametro x altezza): 63x19 mm<br \/>\nInserto di tenuta: EPE, Saranex<br \/>\nChiusura in alluminio con filettatura a vite, con bordo arrotolato e inserto di tenuta in EPE.<br \/>\nLa chiusura pu\u00f2 essere prodotta in diverse varianti di colore o (secondo i desideri del cliente) pu\u00f2 essere fornita con il rilievo superiore.<\/p>\n<p>&nbsp;<\/p>\n<p><strong><span lang=\"DE\" xml:lang=\"DE\">Imballaggio<\/span><\/strong>:<\/p>\n<p>Numero di pezzi in cartone: 800 pezzi.<br \/>\nDimensioni del cartone: 600x400x360 mm<br \/>\nQuantit\u00e0 di pallet: 19'200 pezzi.<br \/>\nPalettenabmessung: 800x1200x2140mm<\/p>\n<p>altri colori su richiesta!<\/p>","protected":false},"excerpt":{"rendered":"<p>Unser Aluminium-Schraubverschluss mit einem Durchmesser von 63mm und einer H\u00f6he von 19mm kommt mit einem Rollrand [&hellip;]<\/p>\n","protected":false},"featured_media":2657,"comment_status":"open","ping_status":"closed","template":"","meta":[],"product_brand":[],"product_cat":[23,26,25,24],"product_tag":[],"class_list":{"0":"post-1437","1":"product","2":"type-product","3":"status-publish","4":"has-post-thumbnail","6":"product_cat-verschluesse","7":"product_cat-chemikalien","8":"product_cat-kosmetik","9":"product_cat-lebensmittel","10":"product_shipping_class-1-3-tage-lieferzeit","11":"pa_farbe-silber","12":"pa_farbe-variabel","13":"pa_form-rund","14":"pa_gewinde-gl-63","15":"pa_material-aluminium","17":"first","18":"instock","19":"taxable","20":"shipping-taxable","21":"product-type-simple"},"_links":{"self":[{"href":"https:\/\/supermatic.ch\/it\/wp-json\/wp\/v2\/product\/1437","targetHints":{"allow":["GET"]}}],"collection":[{"href":"https:\/\/supermatic.ch\/it\/wp-json\/wp\/v2\/product"}],"about":[{"href":"https:\/\/supermatic.ch\/it\/wp-json\/wp\/v2\/types\/product"}],"replies":[{"embeddable":true,"href":"https:\/\/supermatic.ch\/it\/wp-json\/wp\/v2\/comments?post=1437"}],"wp:featuredmedia":[{"embeddable":true,"href":"https:\/\/supermatic.ch\/it\/wp-json\/wp\/v2\/media\/2657"}],"wp:attachment":[{"href":"https:\/\/supermatic.ch\/it\/wp-json\/wp\/v2\/media?parent=1437"}],"wp:term":[{"taxonomy":"product_brand","embeddable":true,"href":"https:\/\/supermatic.ch\/it\/wp-json\/wp\/v2\/product_brand?post=1437"},{"taxonomy":"product_cat","embeddable":true,"href":"https:\/\/supermatic.ch\/it\/wp-json\/wp\/v2\/product_cat?post=1437"},{"taxonomy":"product_tag","embeddable":true,"href":"https:\/\/supermatic.ch\/it\/wp-json\/wp\/v2\/product_tag?post=1437"}],"curies":[{"name":"wp","href":"https:\/\/api.w.org\/{rel}","templated":true}]}}