{"id":1444,"date":"2022-10-03T18:40:19","date_gmt":"2022-10-03T16:40:19","guid":{"rendered":"https:\/\/supermatic.ch\/produkt\/streuer-6-loch\/"},"modified":"2024-10-03T12:10:37","modified_gmt":"2024-10-03T10:10:37","slug":"divaricatore-6-foro","status":"publish","type":"product","link":"https:\/\/supermatic.ch\/it\/produkte\/dosen\/streuer-6-loch\/","title":{"rendered":"Divaricatore in banda stagnata, a 6 fori"},"content":{"rendered":"<p>Scuotitore in banda stagnata elettrolitica,<br \/>\ncon inserto di dispersione a 6 aperture,<br \/>\ncon coperchio a scorrimento,<br \/>\ncon vernice protettiva<\/p>\n<p>Massa:<br \/>\nAltezza 85 mm<br \/>\nDiametro 45 mm<\/p>\n<p>Quantit\u00e0 per unit\u00e0: 36 pezzi.<\/p>","protected":false},"excerpt":{"rendered":"<p>Streuer\u00a0aus elektrolytischem Weissblech, mit Streueinsatz mit 6 \u00d6ffnungen, mit St\u00fclpdeckel, mit Schutzlack Masse: H\u00f6he 85mm Durchmesser [&hellip;]<\/p>\n","protected":false},"featured_media":3214,"comment_status":"open","ping_status":"closed","template":"","meta":[],"product_brand":[],"product_cat":[19,24],"product_tag":[441,438,437,440,439],"class_list":{"0":"post-1444","1":"product","2":"type-product","3":"status-publish","4":"has-post-thumbnail","6":"product_cat-dosen","7":"product_cat-lebensmittel","8":"product_tag-6loch","9":"product_tag-gewuerze","10":"product_tag-streuer","11":"product_tag-streuwuerze","12":"product_tag-weissblech","13":"product_shipping_class-1-3-tage-lieferzeit","14":"pa_farbe-silber","15":"pa_material-weissblech","17":"first","18":"instock","19":"taxable","20":"shipping-taxable","21":"purchasable","22":"product-type-variable"},"_links":{"self":[{"href":"https:\/\/supermatic.ch\/it\/wp-json\/wp\/v2\/product\/1444","targetHints":{"allow":["GET"]}}],"collection":[{"href":"https:\/\/supermatic.ch\/it\/wp-json\/wp\/v2\/product"}],"about":[{"href":"https:\/\/supermatic.ch\/it\/wp-json\/wp\/v2\/types\/product"}],"replies":[{"embeddable":true,"href":"https:\/\/supermatic.ch\/it\/wp-json\/wp\/v2\/comments?post=1444"}],"wp:featuredmedia":[{"embeddable":true,"href":"https:\/\/supermatic.ch\/it\/wp-json\/wp\/v2\/media\/3214"}],"wp:attachment":[{"href":"https:\/\/supermatic.ch\/it\/wp-json\/wp\/v2\/media?parent=1444"}],"wp:term":[{"taxonomy":"product_brand","embeddable":true,"href":"https:\/\/supermatic.ch\/it\/wp-json\/wp\/v2\/product_brand?post=1444"},{"taxonomy":"product_cat","embeddable":true,"href":"https:\/\/supermatic.ch\/it\/wp-json\/wp\/v2\/product_cat?post=1444"},{"taxonomy":"product_tag","embeddable":true,"href":"https:\/\/supermatic.ch\/it\/wp-json\/wp\/v2\/product_tag?post=1444"}],"curies":[{"name":"wp","href":"https:\/\/api.w.org\/{rel}","templated":true}]}}