{"id":1720,"date":"2022-10-03T18:52:00","date_gmt":"2022-10-03T16:52:00","guid":{"rendered":"https:\/\/supermatic.ch\/produkt\/lebensmittelflasche-250ml\/"},"modified":"2024-10-03T12:05:49","modified_gmt":"2024-10-03T10:05:49","slug":"bottiglia-per-alimenti-250ml","status":"publish","type":"product","link":"https:\/\/supermatic.ch\/it\/produkte\/flaschen\/lebensmittelflasche-250ml\/","title":{"rendered":"Bottiglia per alimenti Lattina 250ml"},"content":{"rendered":"<p>Bottiglia di latta per bevande, prodotti alimentari come sciroppi, oli, condimenti, salse, aceti. La bottiglia \u00e8 dotata di un collo in plastica.<\/p>\n<p><strong>Propriet\u00e0:<\/strong><\/p>\n<ul>\n<li>Materiale: lamiera con collo di bottiglia in plastica<\/li>\n<li>Altezza: 131 mm<\/li>\n<li>Diametro: 67,8 mm<\/li>\n<li>Quantit\u00e0 per pallet: 2176 pezzi.<\/li>\n<\/ul>\n<p>Quantit\u00e0 minima ordinabile: Su richiesta<\/p>\n<p>&nbsp;<\/p>","protected":false},"excerpt":{"rendered":"<p>Blechflasche f\u00fcr Getr\u00e4nke, Lebensmittelprodukte wie Sirupe, \u00d6le, Dressings, So\u00dfen, Essige. Die Flasche ist mit einem Kunststoffflaschenhals [&hellip;]<\/p>\n","protected":false},"featured_media":2892,"comment_status":"open","ping_status":"closed","template":"","meta":[],"product_brand":[],"product_cat":[15,24],"product_tag":[],"class_list":{"0":"post-1720","1":"product","2":"type-product","3":"status-publish","4":"has-post-thumbnail","6":"product_cat-flaschen","7":"product_cat-lebensmittel","8":"product_shipping_class-1-3-tage-lieferzeit","9":"pa_farbe-silber","10":"pa_form-rund","11":"pa_form-zylindrisch","12":"pa_fuellmenge-133","13":"pa_gewinde-pp-31-5","14":"pa_material-blech","16":"first","17":"instock","18":"taxable","19":"shipping-taxable","20":"purchasable","21":"product-type-simple"},"_links":{"self":[{"href":"https:\/\/supermatic.ch\/it\/wp-json\/wp\/v2\/product\/1720","targetHints":{"allow":["GET"]}}],"collection":[{"href":"https:\/\/supermatic.ch\/it\/wp-json\/wp\/v2\/product"}],"about":[{"href":"https:\/\/supermatic.ch\/it\/wp-json\/wp\/v2\/types\/product"}],"replies":[{"embeddable":true,"href":"https:\/\/supermatic.ch\/it\/wp-json\/wp\/v2\/comments?post=1720"}],"wp:featuredmedia":[{"embeddable":true,"href":"https:\/\/supermatic.ch\/it\/wp-json\/wp\/v2\/media\/2892"}],"wp:attachment":[{"href":"https:\/\/supermatic.ch\/it\/wp-json\/wp\/v2\/media?parent=1720"}],"wp:term":[{"taxonomy":"product_brand","embeddable":true,"href":"https:\/\/supermatic.ch\/it\/wp-json\/wp\/v2\/product_brand?post=1720"},{"taxonomy":"product_cat","embeddable":true,"href":"https:\/\/supermatic.ch\/it\/wp-json\/wp\/v2\/product_cat?post=1720"},{"taxonomy":"product_tag","embeddable":true,"href":"https:\/\/supermatic.ch\/it\/wp-json\/wp\/v2\/product_tag?post=1720"}],"curies":[{"name":"wp","href":"https:\/\/api.w.org\/{rel}","templated":true}]}}