{"id":1899,"date":"2022-10-03T18:53:00","date_gmt":"2022-10-03T16:53:00","guid":{"rendered":"https:\/\/supermatic.ch\/produkt\/50ml-pet-flasche-m0515\/"},"modified":"2023-11-23T18:13:58","modified_gmt":"2023-11-23T16:13:58","slug":"50ml-pet-flasche-m0515","status":"publish","type":"product","link":"https:\/\/supermatic.ch\/it\/produkte\/flaschen\/50ml-pet-flasche-m0515\/","title":{"rendered":"Bottiglia in PET da 50 ml M0515"},"content":{"rendered":"<p>Altezza: 92 mm<br \/>\nLunghezza: 42 mm<br \/>\nLarghezza: 24 mm<br \/>\nForma: ovale<br \/>\nColori: trasparente e verde<\/p>\n<p>Bottiglia PET piccola (PET in miniatura) per il riempimento di bevande alcoliche e analcoliche, prodotti farmaceutici e alimentari.<\/p>\n<p><strong>Imballaggio:<br \/>\n<\/strong>Quantit\u00e0 in cartone: 880 pezzi.<br \/>\nKartonabmessungen: 580x400x450mm<br \/>\nQuantit\u00e0 di pallet: 17600pz.<br \/>\nPalettenabmessungen: 1200x1000x1960mm<br \/>\nPeso del pallet: 225 kg<\/p>","protected":false},"excerpt":{"rendered":"<p>H\u00f6he: 92mm L\u00e4nge: 42mm Breite: 24mm Form: oval Farben: transparent und gr\u00fcn Kleine PET-Flasche (PET-Miniatur) f\u00fcr [&hellip;]<\/p>\n","protected":false},"featured_media":2890,"comment_status":"open","ping_status":"closed","template":"","meta":[],"product_brand":[],"product_cat":[15,24],"product_tag":[],"class_list":{"0":"post-1899","1":"product","2":"type-product","3":"status-publish","4":"has-post-thumbnail","6":"product_cat-flaschen","7":"product_cat-lebensmittel","8":"product_shipping_class-5-8-tage-lieferzeit","9":"pa_farbe-gruen","10":"pa_farbe-transparent","11":"pa_fuellmenge-43","12":"pa_gewinde-pp-18","13":"pa_material-pet","15":"first","16":"instock","17":"taxable","18":"shipping-taxable","19":"purchasable","20":"product-type-simple"},"_links":{"self":[{"href":"https:\/\/supermatic.ch\/it\/wp-json\/wp\/v2\/product\/1899","targetHints":{"allow":["GET"]}}],"collection":[{"href":"https:\/\/supermatic.ch\/it\/wp-json\/wp\/v2\/product"}],"about":[{"href":"https:\/\/supermatic.ch\/it\/wp-json\/wp\/v2\/types\/product"}],"replies":[{"embeddable":true,"href":"https:\/\/supermatic.ch\/it\/wp-json\/wp\/v2\/comments?post=1899"}],"wp:featuredmedia":[{"embeddable":true,"href":"https:\/\/supermatic.ch\/it\/wp-json\/wp\/v2\/media\/2890"}],"wp:attachment":[{"href":"https:\/\/supermatic.ch\/it\/wp-json\/wp\/v2\/media?parent=1899"}],"wp:term":[{"taxonomy":"product_brand","embeddable":true,"href":"https:\/\/supermatic.ch\/it\/wp-json\/wp\/v2\/product_brand?post=1899"},{"taxonomy":"product_cat","embeddable":true,"href":"https:\/\/supermatic.ch\/it\/wp-json\/wp\/v2\/product_cat?post=1899"},{"taxonomy":"product_tag","embeddable":true,"href":"https:\/\/supermatic.ch\/it\/wp-json\/wp\/v2\/product_tag?post=1899"}],"curies":[{"name":"wp","href":"https:\/\/api.w.org\/{rel}","templated":true}]}}