{"id":1907,"date":"2022-10-03T18:53:00","date_gmt":"2022-10-03T16:53:00","guid":{"rendered":"https:\/\/supermatic.ch\/produkt\/20ml-pet-flasche-m0204\/"},"modified":"2023-11-23T18:14:00","modified_gmt":"2023-11-23T16:14:00","slug":"20ml-pet-flasche-m0204","status":"publish","type":"product","link":"https:\/\/supermatic.ch\/it\/produkte\/flaschen\/20ml-pet-flasche-m0204\/","title":{"rendered":"Flacone di vetro da 20 ml"},"content":{"rendered":"<p>Altezza: 95 mm<br \/>\nDiametro: 35 mm<br \/>\nForma: rotonda<\/p>\n<p>Bottiglia di vetro piccola (miniatura di vetro) per il riempimento di bevande alcoliche e analcoliche, prodotti farmaceutici e alimentari.<\/p>\n<p><strong>Imballaggio:<br \/>\n<\/strong>Quantit\u00e0 di pallet: 11340 pezzi.<br \/>\nDimensioni del pallet: 1200x800x mm<br \/>\nPeso del pallet: 392 kg<\/p>","protected":false},"excerpt":{"rendered":"<p>H\u00f6he: 95mm Durchmesser: 35mm Form: rund Kleine Glasflasche (Glasminiatur) f\u00fcr das Abf\u00fcllen von alkoholischen und alkoholfreien [&hellip;]<\/p>\n","protected":false},"featured_media":2763,"comment_status":"open","ping_status":"closed","template":"","meta":[],"product_brand":[],"product_cat":[15,24],"product_tag":[],"class_list":{"0":"post-1907","1":"product","2":"type-product","3":"status-publish","4":"has-post-thumbnail","6":"product_cat-flaschen","7":"product_cat-lebensmittel","8":"product_shipping_class-5-8-tage-lieferzeit","9":"pa_farbe-transparent","10":"pa_fuellmenge-39","11":"pa_gewinde-pp-18","12":"pa_material-glas","14":"first","15":"instock","16":"taxable","17":"shipping-taxable","18":"purchasable","19":"product-type-simple"},"_links":{"self":[{"href":"https:\/\/supermatic.ch\/it\/wp-json\/wp\/v2\/product\/1907","targetHints":{"allow":["GET"]}}],"collection":[{"href":"https:\/\/supermatic.ch\/it\/wp-json\/wp\/v2\/product"}],"about":[{"href":"https:\/\/supermatic.ch\/it\/wp-json\/wp\/v2\/types\/product"}],"replies":[{"embeddable":true,"href":"https:\/\/supermatic.ch\/it\/wp-json\/wp\/v2\/comments?post=1907"}],"wp:featuredmedia":[{"embeddable":true,"href":"https:\/\/supermatic.ch\/it\/wp-json\/wp\/v2\/media\/2763"}],"wp:attachment":[{"href":"https:\/\/supermatic.ch\/it\/wp-json\/wp\/v2\/media?parent=1907"}],"wp:term":[{"taxonomy":"product_brand","embeddable":true,"href":"https:\/\/supermatic.ch\/it\/wp-json\/wp\/v2\/product_brand?post=1907"},{"taxonomy":"product_cat","embeddable":true,"href":"https:\/\/supermatic.ch\/it\/wp-json\/wp\/v2\/product_cat?post=1907"},{"taxonomy":"product_tag","embeddable":true,"href":"https:\/\/supermatic.ch\/it\/wp-json\/wp\/v2\/product_tag?post=1907"}],"curies":[{"name":"wp","href":"https:\/\/api.w.org\/{rel}","templated":true}]}}